{"id":15,"date":"2021-10-12T11:49:56","date_gmt":"2021-10-12T09:49:56","guid":{"rendered":"https:\/\/a3copiseny.com\/impresxa3\/?page_id=15"},"modified":"2024-08-14T12:40:46","modified_gmt":"2024-08-14T10:40:46","slug":"contacto","status":"publish","type":"page","link":"https:\/\/a3copiseny.com\/impresxa3\/contacto\/","title":{"rendered":"Contacta con nosotros"},"content":{"rendered":"\n<div class=\"wp-block-columns is-layout-flex wp-container-core-columns-is-layout-28f84493 wp-block-columns-is-layout-flex\">\n<div class=\"wp-block-column is-vertically-aligned-top is-layout-flow wp-block-column-is-layout-flow\" style=\"flex-basis:100%\">\n<p>Si tienes cualquier duda o consulta env\u00edanos un mensaje rellenando el siguiente formulario.<\/p>\n<\/div>\n<\/div>\n\n\n<div class=\"wpforms-container wpforms-container-full wpforms-block wpforms-block-f94adc2a-cd80-4e77-8bbd-069eb214f799 wpforms-render-modern\" id=\"wpforms-437\"><form id=\"wpforms-form-437\" class=\"wpforms-validate wpforms-form wpforms-ajax-form\" data-formid=\"437\" method=\"post\" enctype=\"multipart\/form-data\" action=\"\/impresxa3\/wp-json\/wp\/v2\/pages\/15\" data-token=\"328426768d028167dd82b178725f4b9b\" data-token-time=\"1777464048\"><noscript class=\"wpforms-error-noscript\">Por favor, activa JavaScript en tu navegador para completar este formulario.<\/noscript><div class=\"wpforms-hidden\" id=\"wpforms-error-noscript\">Por favor, activa JavaScript en tu navegador para completar este formulario.<\/div><div class=\"wpforms-field-container\"><div id=\"wpforms-437-field_0-container\" class=\"wpforms-field wpforms-field-name\" data-field-id=\"0\"><label class=\"wpforms-field-label\" for=\"wpforms-437-field_0\">Nombre <span class=\"wpforms-required-label\" aria-hidden=\"true\">*<\/span><\/label><input type=\"text\" id=\"wpforms-437-field_0\" class=\"wpforms-field-medium wpforms-field-required\" name=\"wpforms[fields][0]\" aria-errormessage=\"wpforms-437-field_0-error\" required><\/div><div id=\"wpforms-437-field_1-container\" class=\"wpforms-field wpforms-field-email\" data-field-id=\"1\"><label class=\"wpforms-field-label\" for=\"wpforms-437-field_1\">Email <span class=\"wpforms-required-label\" aria-hidden=\"true\">*<\/span><\/label><input type=\"email\" id=\"wpforms-437-field_1\" class=\"wpforms-field-medium wpforms-field-required\" name=\"wpforms[fields][1]\" spellcheck=\"false\" aria-errormessage=\"wpforms-437-field_1-error\" required><\/div><div id=\"wpforms-437-field_3-container\" class=\"wpforms-field wpforms-field-textarea\" data-field-id=\"3\"><label class=\"wpforms-field-label\" for=\"wpforms-437-field_3\">Asunto <span class=\"wpforms-required-label\" aria-hidden=\"true\">*<\/span><\/label><textarea id=\"wpforms-437-field_3\" class=\"wpforms-field-medium wpforms-field-required\" name=\"wpforms[fields][3]\" aria-errormessage=\"wpforms-437-field_3-error\" required><\/textarea><\/div><div id=\"wpforms-437-field_7-container\" class=\"wpforms-field wpforms-field-gdpr-checkbox\" data-field-id=\"7\"><label class=\"wpforms-field-label\">Pol\u00edtica de privacidad <span class=\"wpforms-required-label\" aria-hidden=\"true\">*<\/span><\/label><ul id=\"wpforms-437-field_7\" class=\"wpforms-field-required\"><li class=\"choice-1\"><input type=\"checkbox\" id=\"wpforms-437-field_7_1\" name=\"wpforms[fields][7][]\" value=\"He le\u00eddo y acepto la pol\u00edtica de privacidad.\" aria-errormessage=\"wpforms-437-field_7_1-error\" required ><label class=\"wpforms-field-label-inline\" for=\"wpforms-437-field_7_1\">He le\u00eddo y acepto la pol\u00edtica de privacidad.<\/label><\/li><\/ul><\/div><\/div><!-- .wpforms-field-container --><div class=\"wpforms-submit-container\" ><input type=\"hidden\" name=\"wpforms[id]\" value=\"437\"><input type=\"hidden\" name=\"page_title\" value=\"\"><input type=\"hidden\" name=\"page_url\" value=\"https:\/\/a3copiseny.com\/impresxa3\/wp-json\/wp\/v2\/pages\/15\"><button type=\"submit\" name=\"wpforms[submit]\" id=\"wpforms-submit-437\" class=\"wpforms-submit\" data-alt-text=\"Enviando...\" data-submit-text=\"Enviar\" aria-live=\"assertive\" value=\"wpforms-submit\">Enviar<\/button><img loading=\"lazy\" decoding=\"async\" src=\"https:\/\/a3copiseny.com\/impresxa3\/wp-content\/plugins\/wpforms\/assets\/images\/submit-spin.svg\" class=\"wpforms-submit-spinner\" style=\"display: none;\" width=\"26\" height=\"26\" alt=\"Cargando\"><\/div><\/form><\/div>  <!-- .wpforms-container -->\n\n\n<p style=\"font-size:13px\">Los datos que proporciones mediante este formulario ser\u00e1n tratados por A3 COPISENY SL como responsable de esta web.<br>La finalidad de la recogida y tratamiento de los datos personales que solicitamos es para gestionar la petici\u00f3n que realizas en este formulario de contacto.<br>Legitimaci\u00f3n: Consentimiento del interesado.<br>Como usuario e interesado te informamos que los datos que facilitas estar\u00e1n ubicados en los servidores de nuestro proveedor de hosting dentro de la UE.<br>El hecho de que no introduzcas los datos de car\u00e1cter personal que aparecen en el formulario como obligatorios podr\u00e1 tener como consecuencia que tu solicitud no pueda ser atendida.<br>Podr\u00e1s ejercer tus derechos de acceso, rectificaci\u00f3n, limitaci\u00f3n y supresi\u00f3n de los datos escribiendo a a3@a3copiseny.com as\u00ed como el derecho a presentar una reclamaci\u00f3n ante una autoridad de control.<br>Puedes consultar la informaci\u00f3n adicional detallada sobre Protecci\u00f3n de Datos de nuestra web as\u00ed como consultar nuestra <a href=\"https:\/\/a3copiseny.com\/impresxa3\/politica-de-privacidad\/\" data-type=\"page\" data-id=\"30\"><strong>pol\u00edtica de privacidad<\/strong><\/a>.<\/p>\n\n\n\n<div style=\"height:69px\" aria-hidden=\"true\" class=\"wp-block-spacer\"><\/div>\n\n\n\n<div class=\"wp-block-columns is-layout-flex wp-container-core-columns-is-layout-28f84493 wp-block-columns-is-layout-flex\">\n<div class=\"wp-block-column is-layout-flow wp-block-column-is-layout-flow\" style=\"flex-basis:60%\">\n<iframe src=\"https:\/\/www.google.com\/maps\/embed?pb=!1m14!1m8!1m3!1d11953.941760824311!2d1.872541!3d41.493754!3m2!1i1024!2i768!4f13.1!3m3!1m2!1s0x12a48977b2552e53%3A0x2a803a84f1e04ecb!2sCarrer%20Josep%20Anselm%20Clav%C3%A9%2C%2014%2C%2008635%20Sant%20Esteve%20Sesrovires%2C%20Barcelona!5e0!3m2!1ses!2ses!4v1634761384529!5m2!1ses!2ses\" width=\"600\" height=\"450\" style=\"border:0;\" allowfullscreen=\"\" loading=\"lazy\"><\/iframe>\n<\/div>\n\n\n\n<div class=\"wp-block-column is-vertically-aligned-top is-layout-flow wp-block-column-is-layout-flow\" style=\"flex-basis:40%\">\n<figure class=\"wp-block-image size-full is-resized\"><img loading=\"lazy\" decoding=\"async\" src=\"https:\/\/a3copiseny.com\/impresxa3\/wp-content\/uploads\/2023\/10\/logo-a3-copiseny-onlineshop-pos-250.png\" alt=\"\" class=\"wp-image-1370\" width=\"192\" height=\"44\"\/><figcaption class=\"wp-element-caption\"> <\/figcaption><\/figure>\n\n\n\n<p>a3@a3copiseny.com<br>c\/ Josep Anselm Clav\u00e9, 14 baixos<br>08635 Sant Esteve Sesrovires (Barcelona)<br>Tel. 93 771 59 29<\/p>\n<\/div>\n<\/div>\n","protected":false},"excerpt":{"rendered":"<p>Si tienes cualquier duda o consulta env\u00edanos un mensaje rellenando el siguiente formulario. Los datos que proporciones mediante este formulario ser\u00e1n tratados por A3 COPISENY SL como responsable de esta web.La finalidad de la recogida y tratamiento de los datos personales que solicitamos es para gestionar la petici\u00f3n que realizas en este formulario de contacto.Legitimaci\u00f3n: [&hellip;]<\/p>\n","protected":false},"author":1,"featured_media":0,"parent":0,"menu_order":0,"comment_status":"closed","ping_status":"closed","template":"template-fullwidth.php","meta":{"_monsterinsights_skip_tracking":false,"_monsterinsights_sitenote_active":false,"_monsterinsights_sitenote_note":"","_monsterinsights_sitenote_category":0,"footnotes":""},"class_list":["post-15","page","type-page","status-publish","hentry"],"_links":{"self":[{"href":"https:\/\/a3copiseny.com\/impresxa3\/wp-json\/wp\/v2\/pages\/15","targetHints":{"allow":["GET"]}}],"collection":[{"href":"https:\/\/a3copiseny.com\/impresxa3\/wp-json\/wp\/v2\/pages"}],"about":[{"href":"https:\/\/a3copiseny.com\/impresxa3\/wp-json\/wp\/v2\/types\/page"}],"author":[{"embeddable":true,"href":"https:\/\/a3copiseny.com\/impresxa3\/wp-json\/wp\/v2\/users\/1"}],"replies":[{"embeddable":true,"href":"https:\/\/a3copiseny.com\/impresxa3\/wp-json\/wp\/v2\/comments?post=15"}],"version-history":[{"count":32,"href":"https:\/\/a3copiseny.com\/impresxa3\/wp-json\/wp\/v2\/pages\/15\/revisions"}],"predecessor-version":[{"id":2613,"href":"https:\/\/a3copiseny.com\/impresxa3\/wp-json\/wp\/v2\/pages\/15\/revisions\/2613"}],"wp:attachment":[{"href":"https:\/\/a3copiseny.com\/impresxa3\/wp-json\/wp\/v2\/media?parent=15"}],"curies":[{"name":"wp","href":"https:\/\/api.w.org\/{rel}","templated":true}]}}