{"id":30,"date":"2021-10-12T18:36:16","date_gmt":"2021-10-12T16:36:16","guid":{"rendered":"https:\/\/a3copiseny.com\/impresxa3\/?page_id=30"},"modified":"2024-05-31T14:34:53","modified_gmt":"2024-05-31T12:34:53","slug":"politica-de-privacidad","status":"publish","type":"page","link":"https:\/\/a3copiseny.com\/impresxa3\/politica-de-privacidad\/","title":{"rendered":"Pol\u00edtica de privacidad"},"content":{"rendered":"\n<h2 class=\"wp-block-heading\">Qui\u00e9nes somos<\/h2>\n\n\n\n<p>Denominaci\u00f3n Social: A3 COPISENY SL<br>Domicilio Social: c\/ Josep Anselm Clav\u00e9, 14 bajos &#8211; 08635 Sant Esteve Sesrovires (Barcelona)<br>CIF: B-60797099<br>Nombre del dominio: https:\/\/a3copiseny.com<br>Correo de contacto:  a3@a3copiseny.com<\/p>\n\n\n\n<h2 class=\"wp-block-heading\">Comentarios<\/h2>\n\n\n\n<p>Cuando los visitantes dejan comentarios en la web, recopilamos los datos que se muestran en el formulario de comentarios, as\u00ed como la direcci\u00f3n IP del visitante y la cadena de agentes de usuario del navegador para ayudar a la detecci\u00f3n de spam.<\/p>\n\n\n\n<h2 class=\"wp-block-heading\">Custodia y protecci\u00f3n de archivos adjuntos<\/h2>\n\n\n\n<p>A3 COPISENY garantiza la custodia y protecci\u00f3n de los archivos adjuntos a los pedidos de impresi\u00f3n. Todos los archivos enviados por el cliente son tratados con la m\u00e1xima confidencialidad y se almacenan de manera segura en nuestros sistemas. Nos comprometemos a implementar medidas de seguridad adecuadas para prevenir el acceso no autorizado, divulgaci\u00f3n, alteraci\u00f3n o destrucci\u00f3n no autorizada de los archivos.<\/p>\n\n\n\n<h2 class=\"wp-block-heading\">Derechos de Autor y Propiedad Intelectual<\/h2>\n\n\n\n<p>Para m\u00e1s informaci\u00f3n sobre la responsabilidad del cliente respecto a los derechos de autor de las im\u00e1genes enviadas para la confecci\u00f3n de nuestros productos personalizados, por favor visite nuestra p\u00e1gina de <a href=\"https:\/\/a3copiseny.com\/impresxa3\/responsabilidad-sobre-derechos-de-autor\/\">Responsabilidad sobre Derechos de Autor<\/a>.<\/p>\n\n\n\n<h2 class=\"wp-block-heading\">Retenci\u00f3n de Archivos<\/h2>\n\n\n\n<p>A3 COPISENY retendr\u00e1 los archivos adjuntos a los pedidos de impresi\u00f3n durante un per\u00edodo de tres (3) meses a partir de la fecha de finalizaci\u00f3n del pedido. Transcurrido este per\u00edodo, los archivos ser\u00e1n eliminados de nuestros sistemas de manera segura y definitiva. A3 COPISENY no utilizar\u00e1 ni acceder\u00e1 a los archivos para fines distintos a la ejecuci\u00f3n y entrega del pedido, a menos que se requiera por ley.<\/p>\n\n\n\n<h2 class=\"wp-block-heading\">Cookies<\/h2>\n\n\n\n<p>Si dejas un comentario en nuestro sitio puedes elegir guardar tu nombre, direcci\u00f3n de correo electr\u00f3nico y web en cookies. Esto es para tu comodidad, para que no tengas que volver a rellenar tus datos cuando dejes otro comentario. Estas cookies tendr\u00e1n una duraci\u00f3n de un a\u00f1o.<\/p>\n\n\n\n<p>Si tienes una cuenta y te conectas a este sitio, instalaremos una cookie temporal para determinar si tu navegador acepta cookies. Esta cookie no contiene datos personales y se elimina al cerrar el navegador.<\/p>\n\n\n\n<p>Cuando accedas, tambi\u00e9n instalaremos varias cookies para guardar tu informaci\u00f3n de acceso y tus opciones de visualizaci\u00f3n de pantalla. Las cookies de acceso duran dos d\u00edas, y las cookies de opciones de pantalla duran un a\u00f1o. Si seleccionas \u00abRecu\u00e9rdarme\u00bb, tu acceso perdurar\u00e1 durante dos semanas. Si sales de tu cuenta, las cookies de acceso se eliminar\u00e1n.<\/p>\n\n\n\n<p>Si editas o publicas un comentario se guardar\u00e1 una cookie adicional en tu navegador. Esta cookie no incluye datos personales y simplemente indica el ID del comentario que acabas de editar. Caduca despu\u00e9s de 1 d\u00eda.<\/p>\n\n\n\n<h2 class=\"wp-block-heading\">Contenido incrustado de otros sitios web<\/h2>\n\n\n\n<p>Los art\u00edculos de este sitio pueden incluir contenido incrustado (por ejemplo, v\u00eddeos, im\u00e1genes, art\u00edculos, etc.). El contenido incrustado de otras webs se comporta exactamente de la misma manera que si el visitante hubiera visitado la otra web.<\/p>\n\n\n\n<p>Estas web pueden recopilar datos sobre ti, utilizar cookies, incrustar un seguimiento adicional de terceros, y supervisar tu interacci\u00f3n con ese contenido incrustado, incluido el seguimiento de tu interacci\u00f3n con el contenido incrustado si tienes una cuenta y est\u00e1s conectado a esa web.<\/p>\n\n\n\n<h2 class=\"wp-block-heading\">Tratamiento de datos personales<\/h2>\n\n\n\n<p>Los Clientes y Usuarios, a trav\u00e9s del env\u00edo de sus datos mediante correo electr\u00f3nico o por otro medio, aceptan expresamente y de forma libre e inequ\u00edvoca que sus datos personales sean tratados por parte del prestador para realizar las siguientes finalidades:<\/p>\n\n\n\n<ul class=\"wp-block-list\">\n<li>Remisi\u00f3n de comunicaciones comerciales publicitarias por e-mail, comunidades sociales o cualesquier otro medio electr\u00f3nico o f\u00edsico, presente o futuro, que posibilite realizar comunicaci\u00f3n comerciales. Dichas comunicaciones comerciales estar\u00e1n relacionadas con productos o servicios ofrecidos por el prestador del producto o servicio con el que el usuario hubiere entablado la relaci\u00f3n comercial.<\/li>\n\n\n\n<li>Realizar estudios estad\u00edsticos y de mercado.<\/li>\n\n\n\n<li>Tramitar encargos, solicitudes o cualquier tipo de petici\u00f3n que sea realizada por el usuario a trav\u00e9s de cualquiera de las formas de contacto que se ponen a disposici\u00f3n del usuario en el sitio Web.<\/li>\n\n\n\n<li>Remitir el bolet\u00edn de noticias de la p\u00e1gina Web.<\/li>\n<\/ul>\n\n\n\n<p>Establecer comunicaciones entre el Cliente y los Usuarios propios de sus servicios o bienes, solicitadas voluntariamente por \u00e9stos.<br>El prestador informa y garantiza expresamente a los Usuarios y Clientes, que sus datos personales no ser\u00e1n cedidos en ning\u00fan caso a terceras compa\u00f1\u00edas, y que siempre que fuera a realizarse alg\u00fan tipo de cesi\u00f3n de datos personales, de forma previa, se solicitar\u00eda el consentimiento expreso, informado, e inequ\u00edvoco por parte de los titulares.<br>En caso de solicitar datos para la prestaci\u00f3n de los servicios, si \u00e9stos no fueren facilitados de forma completa o de forma adecuada o veraz, el prestador no garantiza que la informaci\u00f3n y servicios facilitados sean completamente ajustados a sus necesidades.<br>El prestador garantiza en todo caso al usuario el ejercicio de los derechos de acceso, rectificaci\u00f3n, cancelaci\u00f3n, informaci\u00f3n y oposici\u00f3n (derechos ARCO), en los t\u00e9rminos dispuestos en la legislaci\u00f3n vigente. Por ello, de conformidad con lo dispuesto en la Ley Org\u00e1nica 15\/1999, de Protecci\u00f3n de Datos de Car\u00e1cter Personal (LOPD) podr\u00e1 ejercer sus derechos remitiendo una solicitud expresa, junto a una copia de su DNI, a trav\u00e9s de los siguientes medios:<\/p>\n\n\n\n<ul class=\"wp-block-list\">\n<li>E-Mail: a3@a3copiseny.com<\/li>\n\n\n\n<li>Direcci\u00f3n: c\/ Josep Anselm Clav\u00e9, 14 baixos &#8211; 08635 Sant Esteve Sesrovires (Barcelona)<\/li>\n<\/ul>\n\n\n\n<p>Del mismo modo, el usuario podr\u00e1 darse de baja de cualquiera de los servicios de suscripci\u00f3n facilitados haciendo clic en el apartado darse de baja de todos los correos electr\u00f3nicos remitidos por parte del prestador.<br>Del mismo modo, el prestador ha adoptado todas las medidas t\u00e9cnicas y de organizaci\u00f3n necesarias para garantizar la seguridad e integridad de los datos de car\u00e1cter personal que trate, as\u00ed como para evitar su p\u00e9rdida, alteraci\u00f3n y\/o acceso por parte de terceros no autorizados.<\/p>\n\n\n\n<h2 class=\"wp-block-heading\">Cu\u00e1nto tiempo conservamos tus datos<\/h2>\n\n\n\n<p>Si dejas un comentario, el comentario y sus metadatos se conservan indefinidamente. Esto es para que podamos reconocer y aprobar comentarios sucesivos autom\u00e1ticamente, en lugar de mantenerlos en una cola de moderaci\u00f3n.<\/p>\n\n\n\n<p>De los usuarios que se registran en nuestra web (si los hay), tambi\u00e9n almacenamos la informaci\u00f3n personal que proporcionan en su perfil de usuario. Todos los usuarios pueden ver, editar o eliminar su informaci\u00f3n personal en cualquier momento (excepto que no pueden cambiar su nombre de usuario). Los administradores de la web tambi\u00e9n pueden ver y editar esa informaci\u00f3n.<\/p>\n\n\n\n<h2 class=\"wp-block-heading\">Qu\u00e9 derechos tienes sobre tus datos<\/h2>\n\n\n\n<p>Si tienes una cuenta o has dejado comentarios en esta web, puedes solicitar recibir un archivo de exportaci\u00f3n de los datos personales que tenemos sobre ti, incluyendo cualquier dato que nos hayas proporcionado. Tambi\u00e9n puedes solicitar que eliminemos cualquier dato personal que tengamos sobre ti. Esto no incluye ning\u00fan dato que estemos obligados a conservar con fines administrativos, legales o de seguridad.<\/p>\n\n\n\n<h2 class=\"wp-block-heading\">D\u00f3nde enviamos tus datos<\/h2>\n\n\n\n<p>Los comentarios de los visitantes puede que los revise un servicio de detecci\u00f3n autom\u00e1tica de spam.<\/p>\n\n\n\n<h2 class=\"wp-block-heading\">Seguridad<\/h2>\n\n\n\n<p>El sitio Web utiliza t\u00e9cnicas de seguridad de la informaci\u00f3n generalmente aceptadas en la industria, tales como firewalls, procedimientos de control de acceso y mecanismos criptogr\u00e1ficos, todo ello con el objeto de evitar el acceso no autorizado a los datos. Para lograr estos fines, el Usuario o Cliente acepta que el prestador obtenga datos para efectos de la correspondiente autenticaci\u00f3n de los controles de acceso.<br>Todo proceso de contrataci\u00f3n que conlleve la introducci\u00f3n de datos personales de car\u00e1cter altamente protegido, ser\u00e1n siempre transmitidos mediante protocolo de comunicaci\u00f3n segura, de tal forma que ning\u00fan tercero tenga acceso a la informaci\u00f3n transmitida v\u00eda electr\u00f3nica.<\/p>\n","protected":false},"excerpt":{"rendered":"<p>Qui\u00e9nes somos Denominaci\u00f3n Social: A3 COPISENY SLDomicilio Social: c\/ Josep Anselm Clav\u00e9, 14 bajos &#8211; 08635 Sant Esteve Sesrovires (Barcelona)CIF: B-60797099Nombre del dominio: https:\/\/a3copiseny.comCorreo de contacto: a3@a3copiseny.com Comentarios Cuando los visitantes dejan comentarios en la web, recopilamos los datos que se muestran en el formulario de comentarios, as\u00ed como la direcci\u00f3n IP del visitante y [&hellip;]<\/p>\n","protected":false},"author":1,"featured_media":0,"parent":0,"menu_order":0,"comment_status":"closed","ping_status":"closed","template":"template-fullwidth.php","meta":{"_monsterinsights_skip_tracking":false,"_monsterinsights_sitenote_active":false,"_monsterinsights_sitenote_note":"","_monsterinsights_sitenote_category":0,"footnotes":""},"class_list":["post-30","page","type-page","status-publish","hentry"],"_links":{"self":[{"href":"https:\/\/a3copiseny.com\/impresxa3\/wp-json\/wp\/v2\/pages\/30","targetHints":{"allow":["GET"]}}],"collection":[{"href":"https:\/\/a3copiseny.com\/impresxa3\/wp-json\/wp\/v2\/pages"}],"about":[{"href":"https:\/\/a3copiseny.com\/impresxa3\/wp-json\/wp\/v2\/types\/page"}],"author":[{"embeddable":true,"href":"https:\/\/a3copiseny.com\/impresxa3\/wp-json\/wp\/v2\/users\/1"}],"replies":[{"embeddable":true,"href":"https:\/\/a3copiseny.com\/impresxa3\/wp-json\/wp\/v2\/comments?post=30"}],"version-history":[{"count":10,"href":"https:\/\/a3copiseny.com\/impresxa3\/wp-json\/wp\/v2\/pages\/30\/revisions"}],"predecessor-version":[{"id":1813,"href":"https:\/\/a3copiseny.com\/impresxa3\/wp-json\/wp\/v2\/pages\/30\/revisions\/1813"}],"wp:attachment":[{"href":"https:\/\/a3copiseny.com\/impresxa3\/wp-json\/wp\/v2\/media?parent=30"}],"curies":[{"name":"wp","href":"https:\/\/api.w.org\/{rel}","templated":true}]}}