{"id":489,"date":"2021-11-10T23:43:27","date_gmt":"2021-11-10T22:43:27","guid":{"rendered":"https:\/\/a3copiseny.com\/impresxa3\/?page_id=489"},"modified":"2024-08-14T12:40:53","modified_gmt":"2024-08-14T10:40:53","slug":"cookies","status":"publish","type":"page","link":"https:\/\/a3copiseny.com\/impresxa3\/cookies\/","title":{"rendered":"Cookies"},"content":{"rendered":"\n<p>Este sitio web https:\/\/a3copiseny.com\/ en adelante sitio web, utiliza una tecnolog\u00eda denominada \u00abcookies\u00bb con la finalidad de recabar informaci\u00f3n sobre el uso del sitio Web. Las cookies son peque\u00f1os dispositivos de almacenamiento y recuperaci\u00f3n de datos que se instalan en su equipo inform\u00e1tico con las finalidades aqu\u00ed expresadas; en ning\u00fan caso nuestras cookies tratar\u00e1n datos personales o que comprometan su privacidad. Podemos trazar a trav\u00e9s de una cookie quien est\u00e1 navegando. La cookie lleva un id de CLIENTE PERMANENTE.<\/p>\n\n\n\n<h4 class=\"wp-block-heading\"><strong>Consentimiento<\/strong><\/h4>\n\n\n\n<p>Con el uso de este sitio web Vd. consiente y est\u00e1 de acuerdo en que alojemos estas cookies en su ordenador o dispositivo para los fines aqu\u00ed expresados. Si decide no aceptar nuestras cookies, podr\u00e1 continuar utilizando nuestro sitio web de la forma habitual, aunque es posible que su experiencia de USUARIO se vea ligeramente perjudicada.<\/p>\n\n\n\n<h4 class=\"wp-block-heading\"><strong>Tipo de cookies y finalidad<\/strong><\/h4>\n\n\n\n<p>A continuaci\u00f3n A3 COPISENY, S.L. expone el tipo de cookies propias y de terceros (proveedor del servicio) utilizadas en el sitio web, as\u00ed como su finalidad:<\/p>\n\n\n\n<ol class=\"wp-block-list\"><li>Cookie de sesi\u00f3n: Se utilizan para iniciar sesi\u00f3n de los USUARIOS. Cookies permanentes.<\/li><li>Cookies de an\u00e1lisis: analiza y miden la navegaci\u00f3n de los USUARIOS. Recogen la informaci\u00f3n para evaluar el uso de la Web y la actividad de los USUARIOS. Se analiza el comportamiento de los USUARIOS respecto a los h\u00e1bitos de navegaci\u00f3n, de forma que permite optimizar el uso de la web.<\/li><li>Cookies de publicidad: Se utilizan para medir la publicidad que impacta a los USUARIOS, facilitan datos de publicidad y recogen informaci\u00f3n sobre las preferencias y elecciones de los USUARIOS sobre los productos y contenidos de A3 COPISENY, S.L., estos datos facilitan gestionar de forma eficaz la adecuaci\u00f3n de los contenidos seg\u00fan las preferencias del USUARIO, adem\u00e1s de, cualificar y mejorar la oferta de productos seg\u00fan los intereses de los USUARIOS.<\/li><li>Cookies de complemento (plugin) para intercambiar contenidos sociales: Se utilizan para identificar los contenidos compartidos con otros sitios webs.<\/li><li>Anal\u00edtica de errores: recolecta datos relativos al mal funcionamiento o cierres inesperados de las aplicaciones. Esto sirve para mejorar la aplicaci\u00f3n y poder entender bajo qu\u00e9 condiciones falla, se recogen datos como el tipo de terminal, sistema operativo o librer\u00eda que est\u00e1 usando la aplicaci\u00f3n.<\/li><\/ol>\n\n\n\n<h4 class=\"wp-block-heading\"><strong>Desinstalaci\u00f3n de cookies<\/strong><\/h4>\n\n\n\n<p>Su navegador, en ocasiones, puede generar un mensaje instant\u00e1neo que le brindar\u00e1 la posibilidad de oponerse a la instalaci\u00f3n de estas cookies. En el supuesto que su navegador no le facilite esta posibilidad de forma autom\u00e1tica, Vd. podr\u00e1 inhibir la instalaci\u00f3n de las mismas siguiendo las instrucciones de su navegador. Para permitir, conocer, bloquear o eliminar las cookies instaladas en su equipo puede hacerlo mediante la configuraci\u00f3n de las opciones del navegador instalado en su ordenador. Vd. puede encontrar informaci\u00f3n sobre c\u00f3mo hacerlo en los siguientes enlaces:<\/p>\n\n\n\n<ul class=\"wp-block-list\"><li><strong>Firefox: <\/strong><a href=\"https:\/\/support.mozilla.org\/es\/kb\/Borrar%20cookies\" target=\"_blank\" rel=\"noopener\">haga clic aqu\u00ed<\/a><\/li><li><strong>Chrome: <\/strong><a href=\"http:\/\/support.google.com\/chrome\/bin\/answer.py?hl=es&amp;answer=95647\" target=\"_blank\" rel=\"noopener\">haga clic aqu\u00ed<\/a><\/li><li><strong>Edge: <\/strong><a href=\"https:\/\/support.microsoft.com\/es-es\/microsoft-edge\/eliminar-las-cookies-en-microsoft-edge-63947406-40ac-c3b8-57b9-2a946a29ae09#:~:text=Abre%20Microsoft%20Edge%20y%20selecciona,sitio%20y%20luego%20Borrar%20ahora.\" target=\"_blank\" rel=\"noopener\">haga clic aqu\u00ed<\/a><\/li><li><strong>Safari: <\/strong><a href=\"http:\/\/support.apple.com\/kb\/ph5042\" target=\"_blank\" rel=\"noopener\">haga clic aqu\u00ed<\/a><\/li><\/ul>\n\n\n\n<h4 class=\"wp-block-heading\"><strong>Cambios en la pol\u00edtica de cookies<\/strong><\/h4>\n\n\n\n<p>En cualquier momento A3 COPISENY, S.L. puede modificar la pol\u00edtica de cookies por lo que le rogamos que consulte de manera peri\u00f3dica la misma ya que se pueden producir cambios.<\/p>\n","protected":false},"excerpt":{"rendered":"<p>Este sitio web https:\/\/a3copiseny.com\/ en adelante sitio web, utiliza una tecnolog\u00eda denominada \u00abcookies\u00bb con la finalidad de recabar informaci\u00f3n sobre el uso del sitio Web. Las cookies son peque\u00f1os dispositivos de almacenamiento y recuperaci\u00f3n de datos que se instalan en su equipo inform\u00e1tico con las finalidades aqu\u00ed expresadas; en ning\u00fan caso nuestras cookies tratar\u00e1n datos [&hellip;]<\/p>\n","protected":false},"author":1,"featured_media":0,"parent":0,"menu_order":0,"comment_status":"closed","ping_status":"closed","template":"template-fullwidth.php","meta":{"_monsterinsights_skip_tracking":false,"_monsterinsights_sitenote_active":false,"_monsterinsights_sitenote_note":"","_monsterinsights_sitenote_category":0,"footnotes":""},"class_list":["post-489","page","type-page","status-publish","hentry"],"_links":{"self":[{"href":"https:\/\/a3copiseny.com\/impresxa3\/wp-json\/wp\/v2\/pages\/489","targetHints":{"allow":["GET"]}}],"collection":[{"href":"https:\/\/a3copiseny.com\/impresxa3\/wp-json\/wp\/v2\/pages"}],"about":[{"href":"https:\/\/a3copiseny.com\/impresxa3\/wp-json\/wp\/v2\/types\/page"}],"author":[{"embeddable":true,"href":"https:\/\/a3copiseny.com\/impresxa3\/wp-json\/wp\/v2\/users\/1"}],"replies":[{"embeddable":true,"href":"https:\/\/a3copiseny.com\/impresxa3\/wp-json\/wp\/v2\/comments?post=489"}],"version-history":[{"count":2,"href":"https:\/\/a3copiseny.com\/impresxa3\/wp-json\/wp\/v2\/pages\/489\/revisions"}],"predecessor-version":[{"id":1802,"href":"https:\/\/a3copiseny.com\/impresxa3\/wp-json\/wp\/v2\/pages\/489\/revisions\/1802"}],"wp:attachment":[{"href":"https:\/\/a3copiseny.com\/impresxa3\/wp-json\/wp\/v2\/media?parent=489"}],"curies":[{"name":"wp","href":"https:\/\/api.w.org\/{rel}","templated":true}]}}