{"id":1008,"date":"2023-10-02T00:04:03","date_gmt":"2023-10-01T22:04:03","guid":{"rendered":"https:\/\/a3copiseny.com\/impresxa3\/?post_type=product&#038;p=1008"},"modified":"2025-10-28T23:31:59","modified_gmt":"2025-10-28T22:31:59","slug":"etiqueta-vino-personalizada-avinity","status":"publish","type":"product","link":"https:\/\/a3copiseny.com\/impresxa3\/etiqueta-vino-personalizada-avinity\/","title":{"rendered":"Etiqueta Vino Personalizada Avinity"},"content":{"rendered":"<p>Nuestra etiqueta vino personalizada Avinity es como una obra de arte para tus botellas de vino. Avinity representa la belleza y la libertad de las aves en una fusi\u00f3n perfecta para tus selecciones de vino favoritas. Personaliza tus etiquetas para cualquier ocasi\u00f3n especial y a\u00f1ade un toque \u00fanico a tus regalos o colecci\u00f3n personal. <strong>Con Avinity, el vino se viste con estilo transmitiendo una sensaci\u00f3n de elegancia y afinidad con la naturaleza.<\/strong><\/p>\n<p><strong>Caracter\u00edsticas<\/strong><\/p>\n<ul>\n<li>Medida de la etiqueta: 76&#215;100 mm.<\/li>\n<li>3 variantes del dise\u00f1o.<\/li>\n<li>Impresi\u00f3n de alta calidad y resistencia.<\/li>\n<li>Papel adhesivo Cottage Premium White especial para botellas.<\/li>\n<\/ul>\n<p><strong>\u00bfPor qu\u00e9 elegir nuestras etiquetas adhesivas?<\/strong><\/p>\n<ul>\n<li>Etiquetas adhesivas personalizables desde una unidad.<\/li>\n<li>No gastes ni contamines de m\u00e1s, elige la cantidad exacta que necesitas.<\/li>\n<li>Ofrecemos etiquetas con dise\u00f1os \u00fanicos que no vas a encontrar en otro lugar.<\/li>\n<li>Alta calidad de impresi\u00f3n sobre materiales duraderos y resistentes.<\/li>\n<li>Corte de alta precisi\u00f3n mediante plotter, que, a diferencia del corte l\u00e1ser, evita el amarilleo de los bordes del soporte.<\/li>\n<li>Tratas directamente con los dise\u00f1adores \/ impresores.<\/li>\n<li>Precios competitivos y sin cantidad m\u00ednima de compra.<\/li>\n<li>Descuento por cantidad en pasos de 1.<\/li>\n<li>Env\u00edo r\u00e1pido y seguro a cualquier parte de la pen\u00ednsula (Espa\u00f1a).<\/li>\n<li>Normalmente tus etiquetas personalizadas ser\u00e1n enviadas en un plazo de 2 a 4 d\u00edas.<\/li>\n<\/ul>\n<p>Si tienes un Restaurante o negocio relacionado, como organizador de eventos y fiestas, realza tu valor ofreciendo a los clientes la personalizaci\u00f3n de las botellas de vino, cava o cualquier otro producto. <strong><a href=\"https:\/\/a3copiseny.com\/impresxa3\/contacto\/\" target=\"_blank\" rel=\"noopener\">Contacta con nosotros<\/a><\/strong> para precios por volumen.<\/p>\n<hr \/>\n<p><strong>Caracter\u00edsticas t\u00e9cnicas:<\/strong><\/p>\n<ul>\n<li>Papel adhesivo Cottage Premium White de 90gr.<\/li>\n<li>Las etiquetas se entregan en rollo con un ancho de 330mm. a no ser que la cantidad sea reducida y quepan en unas pocas hojas.<\/li>\n<li>Cada etiqueta va cortada mediante semicorte al que hemos retirado la malla de papel adhesivo residual para una f\u00e1cil manipulaci\u00f3n.<\/li>\n<li>Cantos romos de 1 mm.<\/li>\n<\/ul>\n<p><strong>Consideraciones para la colocaci\u00f3n de etiquetas:<\/strong><\/p>\n<ol>\n<li style=\"font-weight: 400;\" aria-level=\"1\"><strong>Las etiquetas deben doblarse s\u00f3lo en una direcci\u00f3n<\/strong> siguiendo la forma cil\u00edndrica de la botella. Aseg\u00farate de que la etiqueta no se doble en la parte superior (donde la botella comienza a estrecharse), ya que esto podr\u00eda causar arrugas.<\/li>\n<li style=\"font-weight: 400;\" aria-level=\"1\"><span style=\"font-weight: 400;\">Utilizamos un adhesivo muy resistente dise\u00f1ado para soportar condiciones de enfriamiento y humedad en las botellas. Sin embargo, <strong>toma las siguientes precauciones para garantizar la m\u00e1xima adherencia<\/strong>:<\/span>\n<ul>\n<li style=\"font-weight: 400;\" aria-level=\"2\">Aseg\u00farate de que la botella est\u00e9 completamente limpia de polvo, suciedad y, sobre todo, grasa. Si es necesario, limpia la superficie con un pa\u00f1o humedecido en alcohol y espera a que seque.<\/li>\n<li style=\"font-weight: 400;\" aria-level=\"2\">Manipula las etiquetas con las manos reci\u00e9n lavadas o, incluso, considera usar guantes nuevos de l\u00e1tex o nitrilo para evitar cualquier transferencia de grasa.<\/li>\n<li aria-level=\"2\">Se recomienda comenzar a pegar la etiqueta desde el centro y luego avanzar hacia los bordes gradualmente.<\/li>\n<\/ul>\n<\/li>\n<li>La m\u00e1xima adherencia se logra despu\u00e9s de transcurridas 48 horas desde la colocaci\u00f3n de la etiqueta.<\/li>\n<\/ol>\n","protected":false},"excerpt":{"rendered":"<p>Nuestra etiqueta vino personalizada Avinity es como una obra de arte para tus botellas de vino. Avinity representa la belleza y la libertad de las aves en una fusi\u00f3n perfecta para tus selecciones de vino favoritas. Personaliza tus etiquetas para cualquier ocasi\u00f3n especial y a\u00f1ade un toque \u00fanico a tus regalos o colecci\u00f3n personal. Con [&hellip;]<\/p>\n","protected":false},"featured_media":1337,"comment_status":"open","ping_status":"closed","template":"","meta":{"_monsterinsights_skip_tracking":false,"_monsterinsights_sitenote_active":false,"_monsterinsights_sitenote_note":"","_monsterinsights_sitenote_category":0},"product_brand":[],"product_cat":[33,40],"product_tag":[87,92,91,83,90,89,86,85,84,88],"class_list":{"0":"post-1008","1":"product","2":"type-product","3":"status-publish","4":"has-post-thumbnail","6":"product_cat-etiquetas-adhesivas","7":"product_cat-formato-estandar","8":"product_tag-regalo-de-boda","9":"product_tag-vino-de-alta-calidad","10":"product_tag-vino-de-aniversario","11":"product_tag-vino-de-boda","12":"product_tag-vino-de-celebracion","13":"product_tag-vino-de-edicion-especial","14":"product_tag-vino-de-evento","15":"product_tag-vino-especial-para-bodas","16":"product_tag-vino-para-celebraciones","17":"product_tag-vino-personalizado","19":"first","20":"instock","21":"sold-individually","22":"taxable","23":"shipping-taxable","24":"purchasable","25":"product-type-simple"},"_links":{"self":[{"href":"https:\/\/a3copiseny.com\/impresxa3\/wp-json\/wp\/v2\/product\/1008","targetHints":{"allow":["GET"]}}],"collection":[{"href":"https:\/\/a3copiseny.com\/impresxa3\/wp-json\/wp\/v2\/product"}],"about":[{"href":"https:\/\/a3copiseny.com\/impresxa3\/wp-json\/wp\/v2\/types\/product"}],"replies":[{"embeddable":true,"href":"https:\/\/a3copiseny.com\/impresxa3\/wp-json\/wp\/v2\/comments?post=1008"}],"wp:featuredmedia":[{"embeddable":true,"href":"https:\/\/a3copiseny.com\/impresxa3\/wp-json\/wp\/v2\/media\/1337"}],"wp:attachment":[{"href":"https:\/\/a3copiseny.com\/impresxa3\/wp-json\/wp\/v2\/media?parent=1008"}],"wp:term":[{"taxonomy":"product_brand","embeddable":true,"href":"https:\/\/a3copiseny.com\/impresxa3\/wp-json\/wp\/v2\/product_brand?post=1008"},{"taxonomy":"product_cat","embeddable":true,"href":"https:\/\/a3copiseny.com\/impresxa3\/wp-json\/wp\/v2\/product_cat?post=1008"},{"taxonomy":"product_tag","embeddable":true,"href":"https:\/\/a3copiseny.com\/impresxa3\/wp-json\/wp\/v2\/product_tag?post=1008"}],"curies":[{"name":"wp","href":"https:\/\/api.w.org\/{rel}","templated":true}]}}