{"id":1101,"date":"2023-05-02T19:43:52","date_gmt":"2023-05-02T17:43:52","guid":{"rendered":"https:\/\/a3copiseny.com\/impresxa3\/?post_type=product&#038;p=1101"},"modified":"2025-06-26T21:20:08","modified_gmt":"2025-06-26T19:20:08","slug":"pegatina-personalizada-regalo","status":"publish","type":"product","link":"https:\/\/a3copiseny.com\/impresxa3\/pegatina-personalizada-regalo\/","title":{"rendered":"Pegatina Personalizada Regalo"},"content":{"rendered":"<h3>\u00a1Haz que tus regalos, fiestas y celebraciones sean especiales con nuestra Pegatina Personalizada Regalo!<\/h3>\n<h4><strong>Si quieres personalizar uno de nuestros dise\u00f1os, sigue estos 3 pasos:<\/strong><\/h4>\n<p><strong>1- Haz clic sobre una de las im\u00e1genes que ves abajo y guarda el archivo PSD en tu ordenador.<\/strong><\/p>\n<table style=\"width: 500px; height: 1080px; background-color: #8fadad;\" border=\"0\" cellspacing=\"0\" cellpadding=\"0\">\n<tbody>\n<tr>\n<td style=\"text-align: center; background-color: #8fadad;\" data-wp-editing=\"1\"><a href=\"https:\/\/a3copiseny.com\/PSD\/pegatina_orla01.psd\"><img loading=\"lazy\" decoding=\"async\" class=\"aligncenter wp-image-1125 size-full\" src=\"https:\/\/a3copiseny.com\/impresxa3\/wp-content\/uploads\/2023\/05\/orla-pegatina_1.png\" alt=\"Etiqueta aniversario\" width=\"200\" height=\"200\" srcset=\"https:\/\/a3copiseny.com\/impresxa3\/wp-content\/uploads\/2023\/05\/orla-pegatina_1.png 200w, https:\/\/a3copiseny.com\/impresxa3\/wp-content\/uploads\/2023\/05\/orla-pegatina_1-150x150.png 150w, https:\/\/a3copiseny.com\/impresxa3\/wp-content\/uploads\/2023\/05\/orla-pegatina_1-100x100.png 100w\" sizes=\"auto, (max-width: 200px) 100vw, 200px\" \/><\/a><strong>Orla 01<\/strong><\/td>\n<td style=\"text-align: center; background-color: #8fadad;\"><a href=\"https:\/\/a3copiseny.com\/PSD\/pegatina_orla02.psd\"><img loading=\"lazy\" decoding=\"async\" class=\"aligncenter wp-image-1126 size-full\" src=\"https:\/\/a3copiseny.com\/impresxa3\/wp-content\/uploads\/2023\/05\/orla-pegatina_2.png\" alt=\"Etiqueta aniversario\" width=\"200\" height=\"200\" srcset=\"https:\/\/a3copiseny.com\/impresxa3\/wp-content\/uploads\/2023\/05\/orla-pegatina_2.png 200w, https:\/\/a3copiseny.com\/impresxa3\/wp-content\/uploads\/2023\/05\/orla-pegatina_2-150x150.png 150w, https:\/\/a3copiseny.com\/impresxa3\/wp-content\/uploads\/2023\/05\/orla-pegatina_2-100x100.png 100w\" sizes=\"auto, (max-width: 200px) 100vw, 200px\" \/><\/a><strong>Orla 02<\/strong><\/td>\n<\/tr>\n<tr>\n<td style=\"text-align: center; background-color: #8fadad;\"><a href=\"https:\/\/a3copiseny.com\/PSD\/pegatina_orla03.psd\"><img loading=\"lazy\" decoding=\"async\" class=\"aligncenter wp-image-1127 size-full\" src=\"https:\/\/a3copiseny.com\/impresxa3\/wp-content\/uploads\/2023\/05\/orla-pegatina_3.png\" alt=\"Etiqueta aniversario\" width=\"200\" height=\"200\" srcset=\"https:\/\/a3copiseny.com\/impresxa3\/wp-content\/uploads\/2023\/05\/orla-pegatina_3.png 200w, https:\/\/a3copiseny.com\/impresxa3\/wp-content\/uploads\/2023\/05\/orla-pegatina_3-150x150.png 150w, https:\/\/a3copiseny.com\/impresxa3\/wp-content\/uploads\/2023\/05\/orla-pegatina_3-100x100.png 100w\" sizes=\"auto, (max-width: 200px) 100vw, 200px\" \/><\/a><strong>Orla 03<\/strong><\/td>\n<td style=\"text-align: center; background-color: #8fadad;\"><a href=\"https:\/\/a3copiseny.com\/PSD\/pegatina_orla04.psd\"><img loading=\"lazy\" decoding=\"async\" class=\"aligncenter wp-image-1128 size-full\" src=\"https:\/\/a3copiseny.com\/impresxa3\/wp-content\/uploads\/2023\/05\/orla-pegatina_4.png\" alt=\"Etiqueta aniversario\" width=\"200\" height=\"200\" srcset=\"https:\/\/a3copiseny.com\/impresxa3\/wp-content\/uploads\/2023\/05\/orla-pegatina_4.png 200w, https:\/\/a3copiseny.com\/impresxa3\/wp-content\/uploads\/2023\/05\/orla-pegatina_4-150x150.png 150w, https:\/\/a3copiseny.com\/impresxa3\/wp-content\/uploads\/2023\/05\/orla-pegatina_4-100x100.png 100w\" sizes=\"auto, (max-width: 200px) 100vw, 200px\" \/><\/a><strong>Orla 04<\/strong><\/td>\n<\/tr>\n<tr>\n<td style=\"text-align: center; background-color: #8fadad;\"><a href=\"https:\/\/a3copiseny.com\/PSD\/pegatina_orla05.psd\"><img loading=\"lazy\" decoding=\"async\" class=\"aligncenter wp-image-1129 size-full\" src=\"https:\/\/a3copiseny.com\/impresxa3\/wp-content\/uploads\/2023\/05\/orla-pegatina_5.png\" alt=\"Etiqueta aniversario\" width=\"200\" height=\"200\" srcset=\"https:\/\/a3copiseny.com\/impresxa3\/wp-content\/uploads\/2023\/05\/orla-pegatina_5.png 200w, https:\/\/a3copiseny.com\/impresxa3\/wp-content\/uploads\/2023\/05\/orla-pegatina_5-150x150.png 150w, https:\/\/a3copiseny.com\/impresxa3\/wp-content\/uploads\/2023\/05\/orla-pegatina_5-100x100.png 100w\" sizes=\"auto, (max-width: 200px) 100vw, 200px\" \/><\/a><strong>Orla 05<\/strong><\/td>\n<td style=\"text-align: center; background-color: #8fadad;\"><a href=\"https:\/\/a3copiseny.com\/PSD\/pegatina_orla06.psd\"><img loading=\"lazy\" decoding=\"async\" class=\"aligncenter wp-image-1130 size-full\" src=\"https:\/\/a3copiseny.com\/impresxa3\/wp-content\/uploads\/2023\/05\/orla-pegatina_6.png\" alt=\"Etiqueta aniversario\" width=\"200\" height=\"200\" srcset=\"https:\/\/a3copiseny.com\/impresxa3\/wp-content\/uploads\/2023\/05\/orla-pegatina_6.png 200w, https:\/\/a3copiseny.com\/impresxa3\/wp-content\/uploads\/2023\/05\/orla-pegatina_6-150x150.png 150w, https:\/\/a3copiseny.com\/impresxa3\/wp-content\/uploads\/2023\/05\/orla-pegatina_6-100x100.png 100w\" sizes=\"auto, (max-width: 200px) 100vw, 200px\" \/><\/a><strong>Orla 06<\/strong><\/td>\n<\/tr>\n<tr>\n<td style=\"text-align: center; background-color: #8fadad;\"><a href=\"https:\/\/a3copiseny.com\/PSD\/pegatina_orla07.psd\"><img loading=\"lazy\" decoding=\"async\" class=\"aligncenter wp-image-1131 size-full\" src=\"https:\/\/a3copiseny.com\/impresxa3\/wp-content\/uploads\/2023\/05\/orla-pegatina_7.png\" alt=\"Etiqueta aniversario\" width=\"200\" height=\"200\" srcset=\"https:\/\/a3copiseny.com\/impresxa3\/wp-content\/uploads\/2023\/05\/orla-pegatina_7.png 200w, https:\/\/a3copiseny.com\/impresxa3\/wp-content\/uploads\/2023\/05\/orla-pegatina_7-150x150.png 150w, https:\/\/a3copiseny.com\/impresxa3\/wp-content\/uploads\/2023\/05\/orla-pegatina_7-100x100.png 100w\" sizes=\"auto, (max-width: 200px) 100vw, 200px\" \/><\/a><strong>Orla 07<\/strong><\/td>\n<td style=\"text-align: center; background-color: #8fadad;\"><a href=\"https:\/\/a3copiseny.com\/PSD\/pegatina_orla08.psd\"><img loading=\"lazy\" decoding=\"async\" class=\"aligncenter wp-image-1132 size-full\" src=\"https:\/\/a3copiseny.com\/impresxa3\/wp-content\/uploads\/2023\/05\/orla-pegatina_8.png\" alt=\"Etiqueta aniversario\" width=\"200\" height=\"200\" srcset=\"https:\/\/a3copiseny.com\/impresxa3\/wp-content\/uploads\/2023\/05\/orla-pegatina_8.png 200w, https:\/\/a3copiseny.com\/impresxa3\/wp-content\/uploads\/2023\/05\/orla-pegatina_8-150x150.png 150w, https:\/\/a3copiseny.com\/impresxa3\/wp-content\/uploads\/2023\/05\/orla-pegatina_8-100x100.png 100w\" sizes=\"auto, (max-width: 200px) 100vw, 200px\" \/><\/a><strong>Orla 08<\/strong><\/td>\n<\/tr>\n<\/tbody>\n<\/table>\n<p><strong>2- Accede a <a href=\"https:\/\/www.photopea.com\/\" target=\"_blank\" rel=\"noopener\">photopea.com<\/a> y abre el archivo que has descargado. <\/strong><strong>Selecciona la herramienta de Texto (T), haz clic sobre un texto y ed\u00edtalo. Repite la operaci\u00f3n seleccionando de nuevo la herramienta de Texto.<\/strong><\/p>\n<p><img loading=\"lazy\" decoding=\"async\" class=\"wp-image-1143 size-full alignnone\" src=\"https:\/\/a3copiseny.com\/impresxa3\/wp-content\/uploads\/2023\/05\/editar-texto-pegatina-regalo.gif\" alt=\"Editar texto photopea\" width=\"646\" height=\"634\" \/><\/p>\n<p><strong>3- Exporta tu archivo personalizado en formato PDF<\/strong><\/p>\n<h4 style=\"text-align: left;\"><strong><img loading=\"lazy\" decoding=\"async\" class=\"size-full wp-image-1537 alignnone\" src=\"https:\/\/a3copiseny.com\/impresxa3\/wp-content\/uploads\/2023\/11\/photopea-exportar-como-pdf.png\" alt=\"photopea exportar como pdf\" width=\"512\" height=\"576\" srcset=\"https:\/\/a3copiseny.com\/impresxa3\/wp-content\/uploads\/2023\/11\/photopea-exportar-como-pdf.png 512w, https:\/\/a3copiseny.com\/impresxa3\/wp-content\/uploads\/2023\/11\/photopea-exportar-como-pdf-455x512.png 455w, https:\/\/a3copiseny.com\/impresxa3\/wp-content\/uploads\/2023\/11\/photopea-exportar-como-pdf-416x468.png 416w\" sizes=\"auto, (max-width: 512px) 100vw, 512px\" \/><\/strong><\/h4>\n<h4><strong>Marca la opci\u00f3n \u00abvectorize text\u00bb en el men\u00fa de exportar PDF<br \/>\n<img loading=\"lazy\" decoding=\"async\" class=\"size-full wp-image-1538 alignleft\" src=\"https:\/\/a3copiseny.com\/impresxa3\/wp-content\/uploads\/2023\/11\/photopea-vectorize-text-pdf.png\" alt=\"photopea vectorize text pdf\" width=\"234\" height=\"438\" \/><\/strong><\/h4>\n<h4><\/h4>\n<p>*Las plantillas descargables llevan una marca de agua que retiraremos al imprimir. <strong>Independientemente de la medida que compres, las proporciones entre texto e imagen siempre se mantendr\u00e1n tal y como las ves en Photopea<\/strong>.<\/p>\n<p>En <a title=\"Texto en Photopea: Herramienta y tipos de texto\" href=\"https:\/\/a3copiseny.com\/edicion-de-texto-en-photopea-caracter-y-formato\/\" target=\"_blank\" rel=\"noopener\"><strong>este art\u00edculo<\/strong><\/a> tienes m\u00e1s informaci\u00f3n acerca de la edici\u00f3n de texto en Photopea.<\/p>\n<p><strong>Notas sobre la edici\u00f3n<\/strong><\/p>\n<ol>\n<li>Cada vez que quieras editar un texto, <strong>no olvides seleccionar SIEMPRE DE NUEVO la herramienta de Texto<\/strong>, pese a que ya la tengas seleccionada.<\/li>\n<li>Por supuesto, tambi\u00e9n puedes borrar textos y dejarlos en blanco, como por ejemplo el nombre o la fecha, para luego escribirlos manualmente.<\/li>\n<li>Procura que los textos que escribas no pisen partes significativas y oscuras del dibujo de la orla.<\/li>\n<li>No dudes en preguntarnos si tienes cualquier duda.<\/li>\n<\/ol>\n<hr \/>\n<p><strong>\u00bfPor qu\u00e9 elegir nuestras etiquetas adhesivas?<\/strong><\/p>\n<ul>\n<li>Etiquetas adhesivas personalizables desde una unidad. No gastes ni contamines de m\u00e1s, elige la cantidad exacta que necesitas.<\/li>\n<li>Ofrecemos etiquetas con dise\u00f1os \u00fanicos que no vas a encontrar en otro lugar.<\/li>\n<li>Alta calidad de impresi\u00f3n sobre materiales duraderos y resistentes.<\/li>\n<li>Corte de alta precisi\u00f3n mediante plotter, que, a diferencia del corte l\u00e1ser, evita el amarilleo de los bordes del soporte.<\/li>\n<li>Tratas directamente con los dise\u00f1adores \/ impresores.<\/li>\n<li>Precios competitivos y sin cantidad m\u00ednima de compra.<\/li>\n<li>Descuento por cantidad en pasos de 1.<\/li>\n<li>Env\u00edo r\u00e1pido y seguro a cualquier parte de la pen\u00ednsula (Espa\u00f1a).<\/li>\n<li>Normalmente tus etiquetas personalizadas ser\u00e1n enviadas en un plazo de 2 a 3 d\u00edas.<\/li>\n<\/ul>\n<p><strong>Caracter\u00edsticas t\u00e9cnicas:<\/strong><\/p>\n<ul>\n<li>Papel adhesivo <strong>Cottage Premium White<\/strong> de 90gr. Perfecto para celebraciones y apto para escribir sobre \u00e9l.<\/li>\n<li>Las etiquetas se entregan en hojas sueltas de distinto tama\u00f1o en funci\u00f3n de la cantidad solicitada.<\/li>\n<li>Cada etiqueta va cortada mediante semicorte al que retiramos la malla de material adhesivo residual para una f\u00e1cil manipulaci\u00f3n.<\/li>\n<li>Di\u00e1metros de etiqueta disponibles:<br \/>\n\u00f850 mm<br \/>\n\u00f864 mm<br \/>\n\u00f874 mm<br \/>\n\u00f890 mm<\/li>\n<li>Impresi\u00f3n en color de alta calidad.<\/li>\n<\/ul>\n<p><strong>Consideraciones para la colocaci\u00f3n de etiquetas:<\/strong><\/p>\n<ol>\n<li>Aseg\u00farate de que la superficie donde las pegues est\u00e9 completamente limpia de polvo, suciedad y, sobre todo, grasa.<\/li>\n<li>Manipula las etiquetas con las manos reci\u00e9n lavadas o, incluso, considera usar guantes nuevos de l\u00e1tex o nitrilo para evitar cualquier transferencia de grasa.<\/li>\n<li>La m\u00e1xima adherencia se logra despu\u00e9s de transcurridas 48 horas desde la colocaci\u00f3n de la etiqueta.<\/li>\n<\/ol>\n","protected":false},"excerpt":{"rendered":"<h3>\u00a1Personaliza tus regalos y celebraciones de una forma \u00fanica con nuestras pegatinas adhesivas!<\/h3>\n","protected":false},"featured_media":1133,"comment_status":"open","ping_status":"closed","template":"","meta":{"_monsterinsights_skip_tracking":false,"_monsterinsights_sitenote_active":false,"_monsterinsights_sitenote_note":"","_monsterinsights_sitenote_category":0},"product_brand":[],"product_cat":[33,40],"product_tag":[68,104,103,105,107,102,101,106,109,108],"class_list":{"0":"post-1101","1":"product","2":"type-product","3":"status-publish","4":"has-post-thumbnail","6":"product_cat-etiquetas-adhesivas","7":"product_cat-formato-estandar","8":"product_tag-decoracion-personalizada","9":"product_tag-diseno-de-pegatina","10":"product_tag-etiqueta-de-celebracion","11":"product_tag-etiqueta-de-regalo-personalizada","12":"product_tag-etiquetas-de-regalo-de-celebracion","13":"product_tag-pegatina-de-regalo","14":"product_tag-pegatina-personalizada","15":"product_tag-pegatinas-para-fiestas","16":"product_tag-personalizacion-de-pegatinas","17":"product_tag-regalos-para-fiestas","19":"first","20":"instock","21":"featured","22":"sold-individually","23":"taxable","24":"shipping-taxable","25":"purchasable","26":"product-type-simple"},"_links":{"self":[{"href":"https:\/\/a3copiseny.com\/impresxa3\/wp-json\/wp\/v2\/product\/1101","targetHints":{"allow":["GET"]}}],"collection":[{"href":"https:\/\/a3copiseny.com\/impresxa3\/wp-json\/wp\/v2\/product"}],"about":[{"href":"https:\/\/a3copiseny.com\/impresxa3\/wp-json\/wp\/v2\/types\/product"}],"replies":[{"embeddable":true,"href":"https:\/\/a3copiseny.com\/impresxa3\/wp-json\/wp\/v2\/comments?post=1101"}],"wp:featuredmedia":[{"embeddable":true,"href":"https:\/\/a3copiseny.com\/impresxa3\/wp-json\/wp\/v2\/media\/1133"}],"wp:attachment":[{"href":"https:\/\/a3copiseny.com\/impresxa3\/wp-json\/wp\/v2\/media?parent=1101"}],"wp:term":[{"taxonomy":"product_brand","embeddable":true,"href":"https:\/\/a3copiseny.com\/impresxa3\/wp-json\/wp\/v2\/product_brand?post=1101"},{"taxonomy":"product_cat","embeddable":true,"href":"https:\/\/a3copiseny.com\/impresxa3\/wp-json\/wp\/v2\/product_cat?post=1101"},{"taxonomy":"product_tag","embeddable":true,"href":"https:\/\/a3copiseny.com\/impresxa3\/wp-json\/wp\/v2\/product_tag?post=1101"}],"curies":[{"name":"wp","href":"https:\/\/api.w.org\/{rel}","templated":true}]}}