{"id":1170,"date":"2023-06-05T21:49:30","date_gmt":"2023-06-05T19:49:30","guid":{"rendered":"https:\/\/a3copiseny.com\/impresxa3\/?post_type=product&#038;p=1170"},"modified":"2025-06-26T21:20:08","modified_gmt":"2025-06-26T19:20:08","slug":"etiqueta-mermelada-artesanal-casera","status":"publish","type":"product","link":"https:\/\/a3copiseny.com\/impresxa3\/etiqueta-mermelada-artesanal-casera\/","title":{"rendered":"Etiqueta mermelada artesanal casera"},"content":{"rendered":"<p>Ya sea que elabores mermeladas para regalar a tus seres queridos, para disfrutar en casa o peque\u00f1as producciones para comercializar, nuestras plantillas descargables te permiten crear etiquetas \u00fanicas y encantadoras. Haz que tus creaciones destaquen con dise\u00f1os profesionales. <strong>Di\u00e1metro de la etiqueta: \u00f874 mm. Comprueba que la medida encaja en el objetivo de tu aplicaci\u00f3n.<\/strong><\/p>\n<hr \/>\n<h3>\u00a1Descarga <strong><a href=\"https:\/\/a3copiseny.com\/plantillas-descargables\/\" target=\"_blank\" rel=\"noopener\">nuestras plantillas<\/a><\/strong> y crea etiquetas impresionantes para tus deliciosas mermeladas!<\/h3>\n<h4><strong>Sigue estos 3 pasos para personalizar tu pegatina<\/strong><\/h4>\n<p><strong>1- Haz clic sobre una de las im\u00e1genes que ves abajo y guarda el archivo PSD en tu ordenador.<\/strong><\/p>\n<p>&nbsp;<\/p>\n<table style=\"width: 500px; height: 440px; background-color: #8fadad;\" border=\"0\" cellspacing=\"0\" cellpadding=\"0\">\n<tbody>\n<tr>\n<td style=\"text-align: center; background-color: #8fadad;\" data-wp-editing=\"1\"><a href=\"https:\/\/a3copiseny.com\/PSD\/mermelada-circular-01.psd\"><img loading=\"lazy\" decoding=\"async\" class=\"aligncenter wp-image-1171 size-full\" src=\"https:\/\/a3copiseny.com\/impresxa3\/wp-content\/uploads\/2023\/06\/etiqueta-circular-mermelada-01.png\" alt=\"etiqueta-circular-mermelada-01\" width=\"200\" height=\"200\" srcset=\"https:\/\/a3copiseny.com\/impresxa3\/wp-content\/uploads\/2023\/06\/etiqueta-circular-mermelada-01.png 200w, https:\/\/a3copiseny.com\/impresxa3\/wp-content\/uploads\/2023\/06\/etiqueta-circular-mermelada-01-150x150.png 150w, https:\/\/a3copiseny.com\/impresxa3\/wp-content\/uploads\/2023\/06\/etiqueta-circular-mermelada-01-100x100.png 100w\" sizes=\"auto, (max-width: 200px) 100vw, 200px\" \/><\/a><strong>Mermelada 01<\/strong><\/td>\n<td style=\"text-align: center; background-color: #8fadad;\"><a href=\"https:\/\/a3copiseny.com\/PSD\/mermelada-circular-02a.psd\"><img loading=\"lazy\" decoding=\"async\" class=\"aligncenter wp-image-1172 size-full\" src=\"https:\/\/a3copiseny.com\/impresxa3\/wp-content\/uploads\/2023\/06\/etiqueta-circular-mermelada-02a.png\" alt=\"etiqueta-circular-mermelada-02a\" width=\"200\" height=\"200\" srcset=\"https:\/\/a3copiseny.com\/impresxa3\/wp-content\/uploads\/2023\/06\/etiqueta-circular-mermelada-02a.png 200w, https:\/\/a3copiseny.com\/impresxa3\/wp-content\/uploads\/2023\/06\/etiqueta-circular-mermelada-02a-150x150.png 150w, https:\/\/a3copiseny.com\/impresxa3\/wp-content\/uploads\/2023\/06\/etiqueta-circular-mermelada-02a-100x100.png 100w\" sizes=\"auto, (max-width: 200px) 100vw, 200px\" \/><\/a><strong>Mermelada 02A<\/strong><\/td>\n<\/tr>\n<tr>\n<td style=\"text-align: center; background-color: #8fadad;\"><a href=\"https:\/\/a3copiseny.com\/PSD\/mermelada-circular-02b.psd\"><img loading=\"lazy\" decoding=\"async\" class=\"aligncenter wp-image-1173 size-full\" src=\"https:\/\/a3copiseny.com\/impresxa3\/wp-content\/uploads\/2023\/06\/etiqueta-circular-mermelada-02b.png\" alt=\"etiqueta-circular-mermelada-02b\" width=\"200\" height=\"200\" srcset=\"https:\/\/a3copiseny.com\/impresxa3\/wp-content\/uploads\/2023\/06\/etiqueta-circular-mermelada-02b.png 200w, https:\/\/a3copiseny.com\/impresxa3\/wp-content\/uploads\/2023\/06\/etiqueta-circular-mermelada-02b-150x150.png 150w, https:\/\/a3copiseny.com\/impresxa3\/wp-content\/uploads\/2023\/06\/etiqueta-circular-mermelada-02b-100x100.png 100w\" sizes=\"auto, (max-width: 200px) 100vw, 200px\" \/><\/a><strong>Mermelada 02B<\/strong><\/td>\n<td style=\"text-align: center; background-color: #8fadad;\"><a href=\"https:\/\/a3copiseny.com\/PSD\/mermelada-circular-02c.psd\"><img loading=\"lazy\" decoding=\"async\" class=\"aligncenter wp-image-1174 size-full\" src=\"https:\/\/a3copiseny.com\/impresxa3\/wp-content\/uploads\/2023\/06\/etiqueta-circular-mermelada-02c.png\" alt=\"etiqueta-circular-mermelada-02c\" width=\"200\" height=\"200\" srcset=\"https:\/\/a3copiseny.com\/impresxa3\/wp-content\/uploads\/2023\/06\/etiqueta-circular-mermelada-02c.png 200w, https:\/\/a3copiseny.com\/impresxa3\/wp-content\/uploads\/2023\/06\/etiqueta-circular-mermelada-02c-150x150.png 150w, https:\/\/a3copiseny.com\/impresxa3\/wp-content\/uploads\/2023\/06\/etiqueta-circular-mermelada-02c-100x100.png 100w\" sizes=\"auto, (max-width: 200px) 100vw, 200px\" \/><\/a><strong>Mermelada 02C<\/strong><\/td>\n<\/tr>\n<tr>\n<td style=\"text-align: center; background-color: #8fadad;\"><a href=\"https:\/\/a3copiseny.com\/PSD\/mermelada-circular-naranja.psd\"><img loading=\"lazy\" decoding=\"async\" class=\"aligncenter wp-image-1179 size-full\" src=\"https:\/\/a3copiseny.com\/impresxa3\/wp-content\/uploads\/2023\/06\/etiqueta-circular-mermelada-naranja-amarga.png\" alt=\"etiqueta-circular-mermelada-naranja-amarga\" width=\"200\" height=\"200\" srcset=\"https:\/\/a3copiseny.com\/impresxa3\/wp-content\/uploads\/2023\/06\/etiqueta-circular-mermelada-naranja-amarga.png 200w, https:\/\/a3copiseny.com\/impresxa3\/wp-content\/uploads\/2023\/06\/etiqueta-circular-mermelada-naranja-amarga-150x150.png 150w, https:\/\/a3copiseny.com\/impresxa3\/wp-content\/uploads\/2023\/06\/etiqueta-circular-mermelada-naranja-amarga-100x100.png 100w\" sizes=\"auto, (max-width: 200px) 100vw, 200px\" \/><\/a><strong>Mermelada Naranja<\/strong><\/td>\n<td style=\"text-align: center; background-color: #8fadad;\"><a href=\"https:\/\/a3copiseny.com\/PSD\/mermelada-circular-fresa.psd\"><img loading=\"lazy\" decoding=\"async\" class=\"aligncenter wp-image-1178 size-full\" src=\"https:\/\/a3copiseny.com\/impresxa3\/wp-content\/uploads\/2023\/06\/etiqueta-circular-mermelada-fresa.png\" alt=\"etiqueta-circular-mermelada-fresa\" width=\"200\" height=\"200\" srcset=\"https:\/\/a3copiseny.com\/impresxa3\/wp-content\/uploads\/2023\/06\/etiqueta-circular-mermelada-fresa.png 200w, https:\/\/a3copiseny.com\/impresxa3\/wp-content\/uploads\/2023\/06\/etiqueta-circular-mermelada-fresa-150x150.png 150w, https:\/\/a3copiseny.com\/impresxa3\/wp-content\/uploads\/2023\/06\/etiqueta-circular-mermelada-fresa-100x100.png 100w\" sizes=\"auto, (max-width: 200px) 100vw, 200px\" \/><\/a><strong>Mermelada Fresa<\/strong><\/td>\n<\/tr>\n<\/tbody>\n<\/table>\n<p><strong>2- Accede a <a href=\"https:\/\/www.photopea.com\/\" target=\"_blank\" rel=\"noopener\">photopea.com<\/a> y abre el archivo PSD que has descargado. <\/strong><strong>Selecciona la herramienta de Texto (T), haz clic sobre un texto y ed\u00edtalo. Repite la operaci\u00f3n seleccionando de nuevo la herramienta de Texto.<\/strong><\/p>\n<p><img loading=\"lazy\" decoding=\"async\" class=\"wp-image-1185 size-full alignnone\" src=\"https:\/\/a3copiseny.com\/impresxa3\/wp-content\/uploads\/2023\/06\/edicion-texto-photopea-etiqueta-mermelada.gif\" alt=\"photopea-editar-texto-etiqueta\" width=\"575\" height=\"526\" \/><\/p>\n<p><strong>3- Cuando termines, accede al men\u00fa: \u00abInicio \/ Guardar como PSD\u00bb y escribe un nombre nuevo para el archivo de tu pegatina.<\/strong><\/p>\n<p><img loading=\"lazy\" decoding=\"async\" class=\"alignnone wp-image-1186 size-full\" src=\"https:\/\/a3copiseny.com\/impresxa3\/wp-content\/uploads\/2023\/06\/photopea-guardar-como-psd-etiqueta-mermelada.gif\" alt=\"photopea-guardar-psd\" width=\"608\" height=\"510\" \/><\/p>\n<h3><strong>\u00a1Listo! ya tienes el archivo PSD personalizado para adjuntar a tu pedido.*<\/strong><\/h3>\n<p>*Las plantillas descargables llevan una marca de agua que obviamente retiraremos al imprimir.<\/p>\n<p><strong>Notas sobre la edici\u00f3n<\/strong><\/p>\n<ol>\n<li>Cada vez que quieras editar un texto, <strong>no olvides seleccionar SIEMPRE DE NUEVO la herramienta de Texto<\/strong>, pese a que ya la tengas seleccionada.<\/li>\n<li>Procura que los textos que escribas no pisen partes significativas y oscuras del dibujo de la orla.<\/li>\n<li>No dudes en preguntarnos si tienes cualquier duda.<\/li>\n<\/ol>\n<hr \/>\n<p><strong>\u00bfPor qu\u00e9 elegir nuestras etiquetas adhesivas?<\/strong><\/p>\n<ul>\n<li>Etiquetas adhesivas personalizables desde una unidad. No gastes ni contamines de m\u00e1s, elige la cantidad exacta que necesitas.<\/li>\n<li>Ofrecemos etiquetas con dise\u00f1os \u00fanicos que no vas a encontrar en otro lugar.<\/li>\n<li>Alta calidad de impresi\u00f3n sobre materiales duraderos y resistentes.<\/li>\n<li>Corte de alta precisi\u00f3n mediante plotter, que, a diferencia del corte l\u00e1ser, evita el amarilleo de los bordes del soporte.<\/li>\n<li>Tratas directamente con los dise\u00f1adores \/ impresores.<\/li>\n<li>Precios competitivos y sin cantidad m\u00ednima de compra.<\/li>\n<li>Descuento por cantidad en pasos de 1.<\/li>\n<li>Env\u00edo r\u00e1pido y seguro a cualquier parte de la pen\u00ednsula (Espa\u00f1a).<\/li>\n<li>Normalmente tus etiquetas personalizadas ser\u00e1n enviadas en un plazo de 2 a 3 d\u00edas.<\/li>\n<\/ul>\n<p><strong>Caracter\u00edsticas t\u00e9cnicas:<\/strong><\/p>\n<ul>\n<li><strong>Adhesivo Polipropileno Brillante<\/strong>. Excelente resistencia al agua y durabilidad.<\/li>\n<li>Las etiquetas se entregan en rollo con un ancho de 330mm. o en hojas sueltas en funci\u00f3n de la cantidad solicitada.<\/li>\n<li>Cada etiqueta va cortada mediante semicorte al que retiramos la malla de material adhesivo residual para una f\u00e1cil manipulaci\u00f3n.<\/li>\n<li>Di\u00e1metro de la etiqueta: \u00f874 mm<\/li>\n<li>Impresi\u00f3n en alta resoluci\u00f3n mediante tintas UV CMYK+2 colores, capaz de lograr una gama por encima del est\u00e1ndar de la industria.<\/li>\n<\/ul>\n<p><strong>Consideraciones para la colocaci\u00f3n de etiquetas:<\/strong><\/p>\n<ol>\n<li style=\"font-weight: 400;\" aria-level=\"1\"><strong>Las etiquetas deben doblarse s\u00f3lo en una direcci\u00f3n<\/strong> siguiendo la forma cil\u00edndrica del tarro. Aseg\u00farate de que la etiqueta no se doble (donde el tarro comienza a estrecharse), ya que esto podr\u00eda causar arrugas.<\/li>\n<li style=\"font-weight: 400;\" aria-level=\"1\"><span style=\"font-weight: 400;\">Utilizamos un adhesivo muy resistente. Sin embargo, <strong>toma las siguientes precauciones para garantizar la m\u00e1xima adherencia<\/strong>:<\/span>\n<ul>\n<li style=\"font-weight: 400;\" aria-level=\"2\">Aseg\u00farate de que el tarro est\u00e9 completamente limpio de polvo, suciedad y, sobre todo, grasa. Si es necesario, limpia la superficie con un pa\u00f1o humedecido en alcohol y espera a que seque.<\/li>\n<li style=\"font-weight: 400;\" aria-level=\"2\">Manipula las etiquetas con las manos reci\u00e9n lavadas o, incluso, considera usar guantes nuevos de l\u00e1tex o nitrilo para evitar cualquier transferencia de grasa.<\/li>\n<li aria-level=\"2\">Se recomienda comenzar a pegar la etiqueta desde el centro y luego avanzar hacia los bordes gradualmente.<\/li>\n<\/ul>\n<\/li>\n<li>La m\u00e1xima adherencia se logra despu\u00e9s de transcurridas 48 horas desde la colocaci\u00f3n de la etiqueta.<\/li>\n<\/ol>\n","protected":false},"excerpt":{"rendered":"<h3>Dale un toque especial a tus conservas con nuestra Etiqueta mermelada artesanal casera<\/h3>\n","protected":false},"featured_media":1177,"comment_status":"open","ping_status":"closed","template":"","meta":{"_monsterinsights_skip_tracking":false,"_monsterinsights_sitenote_active":false,"_monsterinsights_sitenote_note":"","_monsterinsights_sitenote_category":0},"product_brand":[],"product_cat":[33,40],"product_tag":[137,135,130,134,136,132,129,128,131,133],"class_list":{"0":"post-1170","1":"product","2":"type-product","3":"status-publish","4":"has-post-thumbnail","6":"product_cat-etiquetas-adhesivas","7":"product_cat-formato-estandar","8":"product_tag-alimentacion-artesanal","9":"product_tag-confitura-casera","10":"product_tag-conserva-casera","11":"product_tag-delicias-caseras","12":"product_tag-etiqueta-para-mermelada","13":"product_tag-hecho-a-mano","14":"product_tag-mermelada-artesanal","15":"product_tag-mermelada-casera","16":"product_tag-mermelada-de-frutas","17":"product_tag-producto-artesanal","19":"first","20":"instock","21":"sold-individually","22":"taxable","23":"shipping-taxable","24":"purchasable","25":"product-type-simple"},"_links":{"self":[{"href":"https:\/\/a3copiseny.com\/impresxa3\/wp-json\/wp\/v2\/product\/1170","targetHints":{"allow":["GET"]}}],"collection":[{"href":"https:\/\/a3copiseny.com\/impresxa3\/wp-json\/wp\/v2\/product"}],"about":[{"href":"https:\/\/a3copiseny.com\/impresxa3\/wp-json\/wp\/v2\/types\/product"}],"replies":[{"embeddable":true,"href":"https:\/\/a3copiseny.com\/impresxa3\/wp-json\/wp\/v2\/comments?post=1170"}],"wp:featuredmedia":[{"embeddable":true,"href":"https:\/\/a3copiseny.com\/impresxa3\/wp-json\/wp\/v2\/media\/1177"}],"wp:attachment":[{"href":"https:\/\/a3copiseny.com\/impresxa3\/wp-json\/wp\/v2\/media?parent=1170"}],"wp:term":[{"taxonomy":"product_brand","embeddable":true,"href":"https:\/\/a3copiseny.com\/impresxa3\/wp-json\/wp\/v2\/product_brand?post=1170"},{"taxonomy":"product_cat","embeddable":true,"href":"https:\/\/a3copiseny.com\/impresxa3\/wp-json\/wp\/v2\/product_cat?post=1170"},{"taxonomy":"product_tag","embeddable":true,"href":"https:\/\/a3copiseny.com\/impresxa3\/wp-json\/wp\/v2\/product_tag?post=1170"}],"curies":[{"name":"wp","href":"https:\/\/api.w.org\/{rel}","templated":true}]}}