{"id":1203,"date":"2023-06-23T16:42:46","date_gmt":"2023-06-23T14:42:46","guid":{"rendered":"https:\/\/a3copiseny.com\/impresxa3\/?post_type=product&#038;p=1203"},"modified":"2025-06-26T21:20:08","modified_gmt":"2025-06-26T19:20:08","slug":"pegatinas-transparentes-personalizadas","status":"publish","type":"product","link":"https:\/\/a3copiseny.com\/impresxa3\/pegatinas-transparentes-personalizadas\/","title":{"rendered":"Pegatinas transparentes personalizadas"},"content":{"rendered":"<p>Descubre el poder de las pegatinas transparentes personalizadas. Su versatilidad es ilimitada: desde realzar regalos y celebraciones hasta dar un toque de elegancia al etiquetado de productos. \u00a1Incluso puedes utilizarlas para marcar tus frascos con estilo y originalidad! Deja volar tu imaginaci\u00f3n con estas pegatinas \u00fanicas.<\/p>\n<p>Personaliza tus etiquetas adhesivas transparentes a partir de nuestras <a href=\"https:\/\/a3copiseny.com\/plantillas-descargables\/\" target=\"_blank\" rel=\"noopener\"><strong>plantillas descargables<\/strong><\/a>.<\/p>\n<h3>Elige entre tres opciones de impresi\u00f3n: <strong>color<\/strong>, <strong>blanco<\/strong>, o <strong>blanco + color<\/strong><\/h3>\n<p>La <strong>impresi\u00f3n en color<\/strong> es ideal para diversas aplicaciones, pero las tintas de color tienen cierto grado de transparencia, lo que significa que los colores de fondo (que se encuentren por detr\u00e1s de tu etiqueta) se superpondr\u00e1n a los colores impresos en la pegatina, especialmente en los tonos m\u00e1s claros. Para evitar esto, ofrecemos la aplicaci\u00f3n de una <strong>capa de color blanco opaco selectiva<\/strong>, que garantiza que los colores de tu etiqueta se vean bien incluso sobre fondos oscuros, manteniendo la transparencia donde no exista impresi\u00f3n.<\/p>\n<p>Otra opci\u00f3n es la <strong>impresi\u00f3n en blanco<\/strong> (al mismo precio que el color), perfecta para mensajes claros y sencillos que destacar\u00e1n sobre fondos oscuros. Ideal tambi\u00e9n para conseguir un buen contraste en frascos transparentes rellenos con alimentos o sustancias de color oscuro.<\/p>\n<h3>Tama\u00f1os y formas disponibles<\/h3>\n<p><strong>Etiquetas circulares<\/strong><\/p>\n<ul>\n<li>24 u. redondas \u00f872 mm<\/li>\n<li>30 u. redondas \u00f862 mm<\/li>\n<li>48 u. redondas \u00f852 mm<\/li>\n<li>60 u. redondas \u00f842 mm<\/li>\n<\/ul>\n<p><strong>Etiquetas rectangulares (cantos romos de un 5%)<\/strong><\/p>\n<ul>\n<li>28 u. rectangulares 90&#215;46 mm<\/li>\n<li>35 u. rectangulares 80&#215;40 mm<\/li>\n<li>48 u. rectangulares 70&#215;35 mm<\/li>\n<li>63 u. rectangulares 60&#215;30 mm<\/li>\n<\/ul>\n<p>A menor tama\u00f1o aumentan las unidades. Independientemente de tu elecci\u00f3n, <strong>el precio es el mismo para todas las opciones<\/strong>.<br \/>\n<strong>Antes de elegir una medida y forma, comprueba que encaja en el objetivo de tu aplicaci\u00f3n<\/strong>.<\/p>\n<hr \/>\n<p><strong>Caracter\u00edsticas:<\/strong><\/p>\n<ul>\n<li>Polipropileno transparente adhesivo permanente, muy resistente y duradero.<\/li>\n<li>Las etiquetas se entregan en hojas sueltas o rollo en en funci\u00f3n de la cantidad solicitada.<\/li>\n<li>Cada etiqueta va cortada mediante semicorte al que retiramos la malla residual para una f\u00e1cil manipulaci\u00f3n.<\/li>\n<li>Corte de alta precisi\u00f3n mediante plotter, que, a diferencia del corte l\u00e1ser, evita el amarilleo de los bordes del soporte.<\/li>\n<li>Normalmente tus etiquetas personalizadas ser\u00e1n enviadas en un plazo de 2 a 3 d\u00edas.<\/li>\n<\/ul>\n<p><strong>Toma estas precauciones para conseguir la m\u00e1xima adherencia al manipular tus pegatinas transparentes personalizadas<\/strong>:<\/p>\n<ul>\n<li aria-level=\"2\">La superficie donde las pegues debe estar limpia de polvo o suciedad y sobre todo de grasa.<\/li>\n<li aria-level=\"2\">Manipula las pegatinas con las manos reci\u00e9n lavadas.<\/li>\n<li aria-level=\"2\">La m\u00e1xima adherencia se produce transcurridas 48h desde el pegado.<\/li>\n<\/ul>\n<p><strong>Consideraciones para la colocaci\u00f3n de etiquetas:<\/strong><\/p>\n<ol>\n<li>Aseg\u00farate de que la superficie donde las pegues est\u00e9 completamente limpia de polvo, suciedad y, sobre todo, grasa.<\/li>\n<li>Manipula las etiquetas con las manos reci\u00e9n lavadas o, incluso, considera usar guantes nuevos de l\u00e1tex o nitrilo para evitar cualquier transferencia de grasa.<\/li>\n<li>La m\u00e1xima adherencia se logra despu\u00e9s de transcurridas 48 horas desde la colocaci\u00f3n de la etiqueta.<\/li>\n<\/ol>\n","protected":false},"excerpt":{"rendered":"<p>Explora el incre\u00edble potencial de las pegatinas personalizadas transparentes.<\/p>\n","protected":false},"featured_media":1208,"comment_status":"open","ping_status":"closed","template":"","meta":{"_monsterinsights_skip_tracking":false,"_monsterinsights_sitenote_active":false,"_monsterinsights_sitenote_note":"","_monsterinsights_sitenote_category":0},"product_brand":[],"product_cat":[33,40],"product_tag":[112,113,115,111,117,118,114,116,110,109],"class_list":{"0":"post-1203","1":"product","2":"type-product","3":"status-publish","4":"has-post-thumbnail","6":"product_cat-etiquetas-adhesivas","7":"product_cat-formato-estandar","8":"product_tag-adhesivos-transparentes","9":"product_tag-diseno-de-etiquetas-transparentes","10":"product_tag-etiquetas-adhesivas-transparentes","11":"product_tag-etiquetas-personalizadas","12":"product_tag-etiquetas-personalizadas-transparentes","13":"product_tag-etiquetas-transparentes-a-medida","14":"product_tag-impresion-de-etiquetas-personalizadas","15":"product_tag-pegatinas-claras-personalizadas","16":"product_tag-pegatinas-transparentes","17":"product_tag-personalizacion-de-pegatinas","19":"first","20":"instock","21":"sold-individually","22":"taxable","23":"shipping-taxable","24":"purchasable","25":"product-type-simple"},"_links":{"self":[{"href":"https:\/\/a3copiseny.com\/impresxa3\/wp-json\/wp\/v2\/product\/1203","targetHints":{"allow":["GET"]}}],"collection":[{"href":"https:\/\/a3copiseny.com\/impresxa3\/wp-json\/wp\/v2\/product"}],"about":[{"href":"https:\/\/a3copiseny.com\/impresxa3\/wp-json\/wp\/v2\/types\/product"}],"replies":[{"embeddable":true,"href":"https:\/\/a3copiseny.com\/impresxa3\/wp-json\/wp\/v2\/comments?post=1203"}],"wp:featuredmedia":[{"embeddable":true,"href":"https:\/\/a3copiseny.com\/impresxa3\/wp-json\/wp\/v2\/media\/1208"}],"wp:attachment":[{"href":"https:\/\/a3copiseny.com\/impresxa3\/wp-json\/wp\/v2\/media?parent=1203"}],"wp:term":[{"taxonomy":"product_brand","embeddable":true,"href":"https:\/\/a3copiseny.com\/impresxa3\/wp-json\/wp\/v2\/product_brand?post=1203"},{"taxonomy":"product_cat","embeddable":true,"href":"https:\/\/a3copiseny.com\/impresxa3\/wp-json\/wp\/v2\/product_cat?post=1203"},{"taxonomy":"product_tag","embeddable":true,"href":"https:\/\/a3copiseny.com\/impresxa3\/wp-json\/wp\/v2\/product_tag?post=1203"}],"curies":[{"name":"wp","href":"https:\/\/api.w.org\/{rel}","templated":true}]}}