{"id":1233,"date":"2023-07-31T13:13:07","date_gmt":"2023-07-31T11:13:07","guid":{"rendered":"https:\/\/a3copiseny.com\/impresxa3\/?post_type=product&#038;p=1233"},"modified":"2025-06-26T21:20:08","modified_gmt":"2025-06-26T19:20:08","slug":"puzzle-personalizado-de-192-piezas","status":"publish","type":"product","link":"https:\/\/a3copiseny.com\/impresxa3\/puzzle-personalizado-de-192-piezas\/","title":{"rendered":"Puzzle personalizado de 192 piezas"},"content":{"rendered":"<p>Este rompecabezas \u00fanico es la forma perfecta de regalar diversi\u00f3n y creatividad a tus seres queridos. Personaliza con tus fotos m\u00e1s especiales o utiliza im\u00e1genes de stock y convierte cada momento en una experiencia inolvidable con nuestro puzzle personalizado de 192 piezas. \u00a1Haz que tus recuerdos cobren vida en cada pieza y crea un regalo verdaderamente significativo!<\/p>\n<h3>Datos t\u00e9cnicos<\/h3>\n<ul>\n<li>Cantidad de piezas: 192<\/li>\n<li>Medida aproximada del puzzle: 285&#215;200 mm<\/li>\n<li>Acabado de la cara impresa: brillante<\/li>\n<li>Impresi\u00f3n a una cara mediante <strong>transferencia por sublimaci\u00f3n<\/strong>, que garantiza colores vivos y que no se deterioran<\/li>\n<li>Cada puzzle incluye una <strong>l\u00e1mina impresa sobre papel adhesivo<\/strong> (190&#215;133 mm) como referencia del resultado final<\/li>\n<li>Opcionalmente puedes solicitar si quieres recibir <strong>una caja sin montar<\/strong> con cada puzzle. Es una caja con una forma curvada (mira las fotos del producto). Sobre ella podr\u00e1s pegar la l\u00e1mina adhesiva con la imagen de referencia del puzzle incluida, recomendamos pegar el adhesivo antes de montar la caja<\/li>\n<li>Env\u00edo r\u00e1pido y seguro a cualquier parte de la pen\u00ednsula (Espa\u00f1a)<\/li>\n<li>Opci\u00f3n de env\u00edo econ\u00f3mico por Correo Ordinario (5-8 d\u00edas)<\/li>\n<li>Normalmente tus rompecabezas personalizados ser\u00e1n enviados en un plazo de 2 a 3 d\u00edas<\/li>\n<\/ul>\n<h3>C\u00f3mo personalizar tu puzzle<\/h3>\n<p>Tienes total libertad para personalizar tu puzzle. <a href=\"https:\/\/a3copiseny.com\/PSD\/puzzle-192-piezas.psd\">Descarga la plantilla<\/a> y sigue las instrucciones:<\/p>\n<ul>\n<li>Abre la plantilla en <a href=\"https:\/\/www.photopea.com\/\" target=\"_blank\" rel=\"nofollow noopener\">photopea<\/a><\/li>\n<li>Por defecto la plantilla es horizontal, si quieres un dise\u00f1o vertical, gira el documento con: <strong>Imagen \/ Transformar \/ Girar 90\u00ba<\/strong><\/li>\n<li>Si utilizas im\u00e1genes gratuitas de <a href=\"https:\/\/pixabay.com\/es\/\" target=\"_blank\" rel=\"nofollow noopener\">pixabay<\/a> \u2013u otra p\u00e1gina de fotograf\u00edas\u2013, descarga la de mayor resoluci\u00f3n, siempre es preferible que sobre a que falte<\/li>\n<li>Adjunta una o varias im\u00e1genes a la plantilla, mediante: <strong>Archivo \/ Abrir y colocar&#8230;<\/strong><\/li>\n<li>El espacio que ocupa una imagen cuando la acabas de colocar en la plantilla es un indicador de la resoluci\u00f3n de la misma. Deber\u00eda ocupar como m\u00ednimo la mitad de la p\u00e1gina<\/li>\n<li>No recomendamos ampliar m\u00e1s de un 150% las im\u00e1genes que coloques en la plantilla<\/li>\n<li>Probablemente tu imagen no tiene las proporciones exactas de la plantilla, ampl\u00edala manteniendo las proporciones hasta que ocupe todo el \u00e1rea del documento. Luego despl\u00e1zala para desestimar por alg\u00fan lado la parte que consideres menos relevante<\/li>\n<li>Obviamente puedes a\u00f1adir cualquier otros elementos, como textos o logotipos a tu dise\u00f1o. Para aprender c\u00f3mo hacerlo te recomendamos nuestro <a href=\"https:\/\/a3copiseny.com\/aprende-photopea\/\" target=\"_blank\" rel=\"noopener\">videoblog sobre photopea<\/a><\/li>\n<li>Cuando finalices, desactiva la primera capa que simula las piezas del rompecabezas y exporta la imagen en formato JPG con el men\u00fa: <strong>Archivo \/ Exportar como \/ JPG<\/strong> escribe un <strong>Nombre<\/strong> para el archivo y elige el valor de <strong>Calidad<\/strong> entre el 90% y el 100%<img loading=\"lazy\" decoding=\"async\" class=\"aligncenter size-full wp-image-1230\" src=\"https:\/\/a3copiseny.com\/impresxa3\/wp-content\/uploads\/2023\/07\/guardar-como-jpg.png\" alt=\"photopea guardar como JPG\" width=\"217\" height=\"313\" \/><\/li>\n<\/ul>\n<p>La plantilla la hemos creado con una resoluci\u00f3n de 300 dpi, que es la \u00f3ptima para garantizar una buena calidad de impresi\u00f3n. Recomendamos <strong>NO ampliar en exceso las im\u00e1genes<\/strong> debido a que se a\u00f1adir\u00e1n p\u00edxeles mediante interpolaci\u00f3n que producir\u00e1n una p\u00e9rdida de la nitidez. En caso que no dispongas de una imagen mejor, puedes probar a utilizar la inteligencia artificial para ampliar tus im\u00e1genes <strong>antes de colocarlas en la plantilla<\/strong>. Existen varias p\u00e1ginas gratuitas donde hacerlo, como por ejemplo <a href=\"https:\/\/www.upscale.media\/es\" target=\"_blank\" rel=\"nofollow noopener\">upscale<\/a>.<\/p>\n","protected":false},"excerpt":{"rendered":"<p>El puzzle personalizado de 192 piezas es un regalo fant\u00e1stico. Un entretenimiento genial que una vez montado se convierte en un gran recuerdo.<\/p>\n","protected":false},"featured_media":1234,"comment_status":"open","ping_status":"closed","template":"","meta":{"_monsterinsights_skip_tracking":false,"_monsterinsights_sitenote_active":false,"_monsterinsights_sitenote_note":"","_monsterinsights_sitenote_category":0},"product_brand":[],"product_cat":[51],"product_tag":[],"class_list":{"0":"post-1233","1":"product","2":"type-product","3":"status-publish","4":"has-post-thumbnail","6":"product_cat-puzzles","8":"first","9":"instock","10":"sale","11":"taxable","12":"shipping-taxable","13":"purchasable","14":"product-type-simple"},"_links":{"self":[{"href":"https:\/\/a3copiseny.com\/impresxa3\/wp-json\/wp\/v2\/product\/1233","targetHints":{"allow":["GET"]}}],"collection":[{"href":"https:\/\/a3copiseny.com\/impresxa3\/wp-json\/wp\/v2\/product"}],"about":[{"href":"https:\/\/a3copiseny.com\/impresxa3\/wp-json\/wp\/v2\/types\/product"}],"replies":[{"embeddable":true,"href":"https:\/\/a3copiseny.com\/impresxa3\/wp-json\/wp\/v2\/comments?post=1233"}],"wp:featuredmedia":[{"embeddable":true,"href":"https:\/\/a3copiseny.com\/impresxa3\/wp-json\/wp\/v2\/media\/1234"}],"wp:attachment":[{"href":"https:\/\/a3copiseny.com\/impresxa3\/wp-json\/wp\/v2\/media?parent=1233"}],"wp:term":[{"taxonomy":"product_brand","embeddable":true,"href":"https:\/\/a3copiseny.com\/impresxa3\/wp-json\/wp\/v2\/product_brand?post=1233"},{"taxonomy":"product_cat","embeddable":true,"href":"https:\/\/a3copiseny.com\/impresxa3\/wp-json\/wp\/v2\/product_cat?post=1233"},{"taxonomy":"product_tag","embeddable":true,"href":"https:\/\/a3copiseny.com\/impresxa3\/wp-json\/wp\/v2\/product_tag?post=1233"}],"curies":[{"name":"wp","href":"https:\/\/api.w.org\/{rel}","templated":true}]}}