{"id":1244,"date":"2023-08-04T22:26:17","date_gmt":"2023-08-04T20:26:17","guid":{"rendered":"https:\/\/a3copiseny.com\/impresxa3\/?post_type=product&#038;p=1244"},"modified":"2025-06-26T21:20:07","modified_gmt":"2025-06-26T19:20:07","slug":"silla-miniatura-artesanal-placas-de-cava","status":"publish","type":"product","link":"https:\/\/a3copiseny.com\/impresxa3\/silla-miniatura-artesanal-placas-de-cava\/","title":{"rendered":"Silla Miniatura Artesanal Placas de Cava"},"content":{"rendered":"<p>Descubre la encantadora <strong>Silla Miniatura Artesanal Placas de Cava<\/strong>. Una pieza \u00fanica creada con esmero a partir de los bozales (morriones) y placas (chapas) de botellas de cava. Cada detalle ha sido meticulosamente elaborado a mano, desde la soldadura hasta el pintado del alambre original procedente de los bozales que sujetan los tapones de las botellas de Cava. Disfruta de una creaci\u00f3n artesanal exclusiva que a\u00f1adir\u00e1 un toque de magia y originalidad a tu decoraci\u00f3n. Ideal para coleccionistas o como regalo especial y sorprendente. \u00a1Ll\u00e9vate a casa esta joya hecha con amor y pasi\u00f3n por la artesan\u00eda!<\/p>\n<p><strong>\u00a1Atenci\u00f3n. Se trata de piezas \u00fanicas y limitadas!<\/strong> Cada sillita miniatura artesanal es irrepetible y en algunos casos elaborada a partir de placas de cava que ya no se producen, asegurando la exclusividad de tu colecci\u00f3n.<\/p>\n","protected":false},"excerpt":{"rendered":"<p>Silla Miniatura Artesanal Placas de Cava: Un encantador y original regalo.<\/p>\n","protected":false},"featured_media":1258,"comment_status":"open","ping_status":"closed","template":"","meta":{"_monsterinsights_skip_tracking":false,"_monsterinsights_sitenote_active":false,"_monsterinsights_sitenote_note":"","_monsterinsights_sitenote_category":0},"product_brand":[],"product_cat":[52],"product_tag":[],"class_list":{"0":"post-1244","1":"product","2":"type-product","3":"status-publish","4":"has-post-thumbnail","6":"product_cat-artesanias","8":"first","9":"instock","10":"sale","11":"taxable","12":"shipping-taxable","13":"purchasable","14":"product-type-variable","15":"has-default-attributes"},"_links":{"self":[{"href":"https:\/\/a3copiseny.com\/impresxa3\/wp-json\/wp\/v2\/product\/1244","targetHints":{"allow":["GET"]}}],"collection":[{"href":"https:\/\/a3copiseny.com\/impresxa3\/wp-json\/wp\/v2\/product"}],"about":[{"href":"https:\/\/a3copiseny.com\/impresxa3\/wp-json\/wp\/v2\/types\/product"}],"replies":[{"embeddable":true,"href":"https:\/\/a3copiseny.com\/impresxa3\/wp-json\/wp\/v2\/comments?post=1244"}],"wp:featuredmedia":[{"embeddable":true,"href":"https:\/\/a3copiseny.com\/impresxa3\/wp-json\/wp\/v2\/media\/1258"}],"wp:attachment":[{"href":"https:\/\/a3copiseny.com\/impresxa3\/wp-json\/wp\/v2\/media?parent=1244"}],"wp:term":[{"taxonomy":"product_brand","embeddable":true,"href":"https:\/\/a3copiseny.com\/impresxa3\/wp-json\/wp\/v2\/product_brand?post=1244"},{"taxonomy":"product_cat","embeddable":true,"href":"https:\/\/a3copiseny.com\/impresxa3\/wp-json\/wp\/v2\/product_cat?post=1244"},{"taxonomy":"product_tag","embeddable":true,"href":"https:\/\/a3copiseny.com\/impresxa3\/wp-json\/wp\/v2\/product_tag?post=1244"}],"curies":[{"name":"wp","href":"https:\/\/api.w.org\/{rel}","templated":true}]}}