{"id":1269,"date":"2023-08-07T11:35:03","date_gmt":"2023-08-07T09:35:03","guid":{"rendered":"https:\/\/a3copiseny.com\/impresxa3\/?post_type=product&#038;p=1269"},"modified":"2025-06-26T21:20:07","modified_gmt":"2025-06-26T19:20:07","slug":"balancin-artesanal-chapas-de-cava","status":"publish","type":"product","link":"https:\/\/a3copiseny.com\/impresxa3\/balancin-artesanal-chapas-de-cava\/","title":{"rendered":"Balanc\u00edn Artesanal Chapas de Cava"},"content":{"rendered":"<p>Descubre el encantador <strong>Balanc\u00edn Artesanal Chapas de Cava<\/strong>. Una pieza \u00fanica creada con esmero a partir de los bozales (morriones) y chapas de botellas de cava. Cada detalle ha sido meticulosamente elaborado a mano, desde la soldadura hasta el pintado del alambre original procedente de los bozales que sujetan los tapones de las botellas de Cava. Disfruta de una creaci\u00f3n artesanal exclusiva que a\u00f1adir\u00e1 un toque de magia y originalidad a tu decoraci\u00f3n. Ideal para coleccionistas o como regalo especial y sorprendente. \u00a1Ll\u00e9vate a casa esta joya hecha con amor y pasi\u00f3n por la artesan\u00eda!<\/p>\n<p><strong>\u00a1Atenci\u00f3n. Se trata de piezas \u00fanicas y limitadas!<\/strong> Cada balanc\u00edn miniatura artesanal es irrepetible y en algunos casos elaborado a partir de placas de cava que ya no se producen, asegurando la exclusividad de tu colecci\u00f3n.<\/p>\n","protected":false},"excerpt":{"rendered":"<p>Balanc\u00edn Artesanal Chapas de Cava: Un encantador y original regalo.<\/p>\n","protected":false},"featured_media":1281,"comment_status":"open","ping_status":"closed","template":"","meta":{"_monsterinsights_skip_tracking":false,"_monsterinsights_sitenote_active":false,"_monsterinsights_sitenote_note":"","_monsterinsights_sitenote_category":0},"product_brand":[],"product_cat":[52],"product_tag":[],"class_list":{"0":"post-1269","1":"product","2":"type-product","3":"status-publish","4":"has-post-thumbnail","6":"product_cat-artesanias","8":"first","9":"instock","10":"sale","11":"sold-individually","12":"taxable","13":"shipping-taxable","14":"purchasable","15":"product-type-variable","16":"has-default-attributes"},"_links":{"self":[{"href":"https:\/\/a3copiseny.com\/impresxa3\/wp-json\/wp\/v2\/product\/1269","targetHints":{"allow":["GET"]}}],"collection":[{"href":"https:\/\/a3copiseny.com\/impresxa3\/wp-json\/wp\/v2\/product"}],"about":[{"href":"https:\/\/a3copiseny.com\/impresxa3\/wp-json\/wp\/v2\/types\/product"}],"replies":[{"embeddable":true,"href":"https:\/\/a3copiseny.com\/impresxa3\/wp-json\/wp\/v2\/comments?post=1269"}],"wp:featuredmedia":[{"embeddable":true,"href":"https:\/\/a3copiseny.com\/impresxa3\/wp-json\/wp\/v2\/media\/1281"}],"wp:attachment":[{"href":"https:\/\/a3copiseny.com\/impresxa3\/wp-json\/wp\/v2\/media?parent=1269"}],"wp:term":[{"taxonomy":"product_brand","embeddable":true,"href":"https:\/\/a3copiseny.com\/impresxa3\/wp-json\/wp\/v2\/product_brand?post=1269"},{"taxonomy":"product_cat","embeddable":true,"href":"https:\/\/a3copiseny.com\/impresxa3\/wp-json\/wp\/v2\/product_cat?post=1269"},{"taxonomy":"product_tag","embeddable":true,"href":"https:\/\/a3copiseny.com\/impresxa3\/wp-json\/wp\/v2\/product_tag?post=1269"}],"curies":[{"name":"wp","href":"https:\/\/api.w.org\/{rel}","templated":true}]}}