{"id":1343,"date":"2023-10-03T09:53:53","date_gmt":"2023-10-03T07:53:53","guid":{"rendered":"https:\/\/a3copiseny.com\/impresxa3\/?post_type=product&#038;p=1343"},"modified":"2025-06-26T21:20:07","modified_gmt":"2025-06-26T19:20:07","slug":"todos-los-tatuajes-de-la-coleccion-tribal","status":"publish","type":"product","link":"https:\/\/a3copiseny.com\/impresxa3\/todos-los-tatuajes-de-la-coleccion-tribal\/","title":{"rendered":"TODOS los Tatuajes de la Colecci\u00f3n Tribal"},"content":{"rendered":"<p>Te ofrecemos <strong>TODOS<\/strong> los Tatuajes de la Colecci\u00f3n Tribal en una hoja A4.<\/p>\n<p>\u00bfTienes dudas sobre qu\u00e9 colecci\u00f3n tribal elegir? \u00a1Tenemos la soluci\u00f3n perfecta para ti! Una hoja A4 con los 32 tatuajes de las colecci\u00f3n tribal en un tama\u00f1o m\u00e1s compacto. Esto te permitir\u00e1 experimentar y acertar con tu elecci\u00f3n de manera m\u00e1s sencilla.<\/p>\n<p>Adem\u00e1s, no solo podr\u00e1s tomar tu decisi\u00f3n con confianza, sino que tambi\u00e9n tendr\u00e1s la oportunidad de compartir esta hoja con tus familiares y amigos. Invita a otros a unirse en la b\u00fasqueda para que cada uno descubra el tatuaje tribal perfecto que refleje su estilo \u00fanico. \u00a1Comparte esta experiencia y perm\u00edteles encontrar su tatuaje ideal!<\/p>\n<p>Hemos distribuido los tatuajes, rot\u00e1ndolos estrat\u00e9gicamente para aprovechar al m\u00e1ximo el tama\u00f1o del papel. Esto tambi\u00e9n significa que se requerir\u00e1 recortarlos con tijeras de manera cuidadosa siguiendo sus formas \u00fanicas.<\/p>\n<p>La longitud aproximada de cada tatuaje es de 58 mm. Las zonas blancas quedar\u00e1n \u00abhuecas\u00bb para que se vea la piel de fondo.<\/p>\n<hr \/>\n<h4>Recomendaciones para aplicar los tatuajes temporales:<\/h4>\n<ol>\n<li>Limpia y seca completamente la zona de piel donde quieras poner el tatuaje.<\/li>\n<li>Retira la protecci\u00f3n transparente.<\/li>\n<li>Pon el lado donde est\u00e1 el tatuaje contra la piel.<\/li>\n<li>Moja el tatuaje con una esponja empapada en agua presionando cuidadosamente.<\/li>\n<li>Espera 20-30 segundos sin moverlo.<\/li>\n<li>Haz deslizar el papel suavemente.<\/li>\n<li>Despu\u00e9s que el tatuaje se seque (aproximadamente 5 minutos), enjuagar suavemente con agua y jab\u00f3n para que resulte m\u00e1s realista.<\/li>\n<\/ol>\n<p>Elaboramos los tatuajes temporales con materiales de primera calidad y mediante impresoras de alta resoluci\u00f3n.<br \/>\nPor supuesto nuestros tatuajes son totalmente hipoalerg\u00e9nicos y at\u00f3xicos.<\/p>\n<p>NOTA: <strong>No aplicar en pieles sensibles o cerca de los ojos<\/strong>. Para quitar el tatuaje hay que empapar el tatuaje con aceite corporal, crema o alcohol; esperar 20 segundos y despu\u00e9s frotar con un algod\u00f3n.<\/p>\n<p>Los tatuajes temporales duran alrededor de 5-10 d\u00edas, dependiendo del roce y lavados que reciban.<\/p>\n","protected":false},"excerpt":{"rendered":"<h3>\u00a1Todo en uno! Consigue los 32 tatuajes tribales<\/h3>\n","protected":false},"featured_media":1344,"comment_status":"open","ping_status":"closed","template":"","meta":{"_monsterinsights_skip_tracking":false,"_monsterinsights_sitenote_active":false,"_monsterinsights_sitenote_note":"","_monsterinsights_sitenote_category":0},"product_brand":[],"product_cat":[43,45],"product_tag":[79,77,75,78,82,74,81,80,76],"class_list":{"0":"post-1343","1":"product","2":"type-product","3":"status-publish","4":"has-post-thumbnail","6":"product_cat-tatuajes","7":"product_cat-tribales","8":"product_tag-accesorios-etnicos","9":"product_tag-arte-corporal-temporal","10":"product_tag-coleccion-tribal","11":"product_tag-diseno-de-tatuajes","12":"product_tag-tatuajes-de-moda-temporales","13":"product_tag-tatuajes-temporales","14":"product_tag-tatuajes-temporales-de-estilo-tribal","15":"product_tag-tatuajes-temporales-personalizados","16":"product_tag-tatuajes-temporales-tribales","18":"first","19":"instock","20":"sale","21":"taxable","22":"shipping-taxable","23":"purchasable","24":"product-type-simple"},"_links":{"self":[{"href":"https:\/\/a3copiseny.com\/impresxa3\/wp-json\/wp\/v2\/product\/1343","targetHints":{"allow":["GET"]}}],"collection":[{"href":"https:\/\/a3copiseny.com\/impresxa3\/wp-json\/wp\/v2\/product"}],"about":[{"href":"https:\/\/a3copiseny.com\/impresxa3\/wp-json\/wp\/v2\/types\/product"}],"replies":[{"embeddable":true,"href":"https:\/\/a3copiseny.com\/impresxa3\/wp-json\/wp\/v2\/comments?post=1343"}],"wp:featuredmedia":[{"embeddable":true,"href":"https:\/\/a3copiseny.com\/impresxa3\/wp-json\/wp\/v2\/media\/1344"}],"wp:attachment":[{"href":"https:\/\/a3copiseny.com\/impresxa3\/wp-json\/wp\/v2\/media?parent=1343"}],"wp:term":[{"taxonomy":"product_brand","embeddable":true,"href":"https:\/\/a3copiseny.com\/impresxa3\/wp-json\/wp\/v2\/product_brand?post=1343"},{"taxonomy":"product_cat","embeddable":true,"href":"https:\/\/a3copiseny.com\/impresxa3\/wp-json\/wp\/v2\/product_cat?post=1343"},{"taxonomy":"product_tag","embeddable":true,"href":"https:\/\/a3copiseny.com\/impresxa3\/wp-json\/wp\/v2\/product_tag?post=1343"}],"curies":[{"name":"wp","href":"https:\/\/api.w.org\/{rel}","templated":true}]}}