{"id":1507,"date":"2023-11-04T19:43:05","date_gmt":"2023-11-04T18:43:05","guid":{"rendered":"https:\/\/a3copiseny.com\/impresxa3\/?post_type=product&#038;p=1507"},"modified":"2026-01-06T10:29:10","modified_gmt":"2026-01-06T09:29:10","slug":"etiquetas-aceite-de-oliva-personalizadas","status":"publish","type":"product","link":"https:\/\/a3copiseny.com\/impresxa3\/etiquetas-aceite-de-oliva-personalizadas\/","title":{"rendered":"Etiquetas Aceite de Oliva Personalizadas 750-1000ml"},"content":{"rendered":"<p>Ya sea que tengas tu propia peque\u00f1a producci\u00f3n de <strong>Aceite de Oliva Virgen Extra<\/strong> o desees personalizar botellas para regalos y celebraciones especiales, has llegado al lugar perfecto. Te ofrecemos Etiquetas Aceite de Oliva personalizadas para dar el toque personal y profesional que tu elixir mediterr\u00e1neo merece.<\/p>\n<hr \/>\n<h4><strong>Descarga y personaliza en Photopea una de <a href=\"https:\/\/a3copiseny.com\/plantillas-descargables\/\" target=\"_blank\" rel=\"noopener\">nuestras plantillas<\/a><\/strong><\/h4>\n<p>Haz clic sobre la imagen para descargar el archivo PSD de Photopea<\/p>\n<p><a href=\"https:\/\/a3copiseny.com\/PSD\/aceite-tradicion.psd\"><img loading=\"lazy\" decoding=\"async\" class=\"alignleft wp-image-1534 size-full\" src=\"https:\/\/a3copiseny.com\/impresxa3\/wp-content\/uploads\/2023\/11\/aceite-tradicion-300.png\" alt=\"etiqueta aceite oliva tradici\u00f3n\" width=\"95\" height=\"300\" \/><\/a><\/p>\n<p><a href=\"https:\/\/a3copiseny.com\/PSD\/aceite-oro-puro-oscuro.psd\"><img loading=\"lazy\" decoding=\"async\" class=\"alignleft wp-image-1526 size-full\" src=\"https:\/\/a3copiseny.com\/impresxa3\/wp-content\/uploads\/2023\/11\/aceite-oro-puro-oscuro.png\" alt=\"etiqueta aceite oliva oro puro oscuro\" width=\"95\" height=\"300\" \/><\/a><\/p>\n<p><a href=\"https:\/\/a3copiseny.com\/PSD\/aceite-oro-puro-claro.psd\"><img loading=\"lazy\" decoding=\"async\" class=\"alignleft wp-image-1525 size-full\" src=\"https:\/\/a3copiseny.com\/impresxa3\/wp-content\/uploads\/2023\/11\/aceite-oro-puro-claro.png\" alt=\"etiqueta aceite oliva oro puro claro\" width=\"95\" height=\"300\" \/><\/a><a href=\"https:\/\/a3copiseny.com\/PSD\/aceite-brisa-dor-oscuro.psd\"><img loading=\"lazy\" decoding=\"async\" class=\"alignleft wp-image-1524 size-full\" src=\"https:\/\/a3copiseny.com\/impresxa3\/wp-content\/uploads\/2023\/11\/aceite-brisa-dor-oscuro.png\" alt=\"etiqueta aceite oliva brisa d'or oscuro\" width=\"95\" height=\"300\" \/><\/a><a href=\"https:\/\/a3copiseny.com\/PSD\/aceite-brisa-dor-claro.psd\"><img loading=\"lazy\" decoding=\"async\" class=\"alignleft wp-image-1533 size-full\" src=\"https:\/\/a3copiseny.com\/impresxa3\/wp-content\/uploads\/2023\/11\/aceite-brisador-claro.png\" alt=\"etiqueta aceite oliva brisa d'or claro\" width=\"95\" height=\"300\" \/><\/a><\/p>\n<h4><strong><br \/>\nExporta tu archivo personalizado en formato PDF<br \/>\n<img loading=\"lazy\" decoding=\"async\" class=\"size-full wp-image-1537 alignleft\" src=\"https:\/\/a3copiseny.com\/impresxa3\/wp-content\/uploads\/2023\/11\/photopea-exportar-como-pdf.png\" alt=\"photopea exportar como pdf\" width=\"512\" height=\"576\" srcset=\"https:\/\/a3copiseny.com\/impresxa3\/wp-content\/uploads\/2023\/11\/photopea-exportar-como-pdf.png 512w, https:\/\/a3copiseny.com\/impresxa3\/wp-content\/uploads\/2023\/11\/photopea-exportar-como-pdf-455x512.png 455w, https:\/\/a3copiseny.com\/impresxa3\/wp-content\/uploads\/2023\/11\/photopea-exportar-como-pdf-416x468.png 416w\" sizes=\"auto, (max-width: 512px) 100vw, 512px\" \/><\/strong><\/h4>\n<h4><strong><br \/>\nMarca la opci\u00f3n \u00abvectorize text\u00bb en el men\u00fa de exportar PDF<br \/>\n<img loading=\"lazy\" decoding=\"async\" class=\"size-full wp-image-1538 alignleft\" src=\"https:\/\/a3copiseny.com\/impresxa3\/wp-content\/uploads\/2023\/11\/photopea-vectorize-text-pdf.png\" alt=\"photopea vectorize text pdf\" width=\"234\" height=\"438\" \/><\/strong><\/h4>\n<h4><strong><br \/>\nSobre la medida<\/strong><\/h4>\n<p>Si bien estas etiquetas han sido dise\u00f1adas para adaptarse a la mayor\u00eda de botellas de 750 y 1000 ml, comprendemos que existen numerosos modelos de botellas de aceite en el mercado, y puede que no se ajusten a la tuya espec\u00edficamente. Por este motivo, te recomendamos que primero midas tus botellas y verifiques si las dimensiones que ofrecemos son adecuadas para ti. Una alternativa \u00fatil es recortar una hoja con la medida elegida y colocarla sobre tu botella para obtener una visualizaci\u00f3n precisa. Tambi\u00e9n disponemos de <a href=\"https:\/\/a3copiseny.com\/impresxa3\/etiquetas-de-aceite-de-oliva\/\">etiquetas para 250-500 ml.<\/a><\/p>\n<p>En caso de que requieras un formato distinto, estamos abiertos a considerar la adaptaci\u00f3n del dise\u00f1o a tus necesidades espec\u00edficas. No dudes en ponerte en <a href=\"https:\/\/a3copiseny.com\/impresxa3\/contacto\/\" target=\"_blank\" rel=\"noopener\">contacto con nosotros<\/a> para que valoremos incorporar nuevas medidas a nuestro cat\u00e1logo. Tu satisfacci\u00f3n es nuestra prioridad y estamos aqu\u00ed para ayudarte.<\/p>\n<h3><strong>\u00bfPuedo adjuntar mi propio dise\u00f1o de etiqueta de aceite de oliva o de otro producto?<\/strong><\/h3>\n<p>Algunos clientes nos han trasladado esta pregunta; y la respuesta es, <strong>por supuesto<\/strong>, siempre que el dise\u00f1o que nos env\u00edes coincida con la medida elegida, puedes crear tu propio dise\u00f1o desde cero (etiqueta o contraetiqueta) y no s\u00f3lo para aceite de oliva, puede ser para cualquier otro tipo de producto o servicio.<\/p>\n<h4><strong>Caracter\u00edsticas t\u00e9cnicas<\/strong><\/h4>\n<ul>\n<li>Medidas de etiqueta (te indicamos tambi\u00e9n el volumen de botella m\u00e1s com\u00fan para esa medida):\n<ul>\n<li>52&#215;165 mm (750 ml)<\/li>\n<li>59&#215;187 mm (750 ml &#8211; 1000 ml)<\/li>\n<li>75 x 238 mm (1000 ml)<\/li>\n<\/ul>\n<\/li>\n<li>Materiales disponibles:\n<ul>\n<li>Adhesivo Papel Satinado 80 g<\/li>\n<li>Adhesivo Papel Cottage Premium White 90 g<\/li>\n<li>Adhesivo Pl\u00e1stico Polipropileno Brillo 60 \u00b5m<\/li>\n<\/ul>\n<\/li>\n<li>Las etiquetas se entregan en hojas con un ancho de 330mm. a no ser que la cantidad sea de pocas unidades y quepan en una o varias hojas peque\u00f1as.<\/li>\n<li>Cada etiqueta incluye un semicorte al que hemos retirado la malla de material adhesivo residual, para una f\u00e1cil manipulaci\u00f3n.<\/li>\n<li>Impresi\u00f3n de alta calidad y resistencia.<\/li>\n<\/ul>\n<h4><strong>Por qu\u00e9 elegir nuestras Etiquetas Aceite de Oliva personalizadas<\/strong><\/h4>\n<ul>\n<li><strong>Dise\u00f1os \u00fanicos<\/strong> que no vas a encontrar en otro lugar.<\/li>\n<li>Etiquetas adhesivas personalizables desde una unidad. No gastes ni contamines de m\u00e1s, elige la cantidad exacta que necesitas.<\/li>\n<li>Alta calidad de impresi\u00f3n sobre materiales duraderos y resistentes.<\/li>\n<li>Corte de alta precisi\u00f3n mediante plotter, que, a diferencia del corte l\u00e1ser, evita el amarilleo de los bordes del soporte.<\/li>\n<li>Tratas directamente con los dise\u00f1adores \/ impresores.<\/li>\n<li>Precios competitivos y sin cantidad m\u00ednima de compra.<\/li>\n<li>Descuento por cantidad en pasos de 1.<\/li>\n<li>Env\u00edo r\u00e1pido y seguro a cualquier parte de la pen\u00ednsula (Espa\u00f1a).<\/li>\n<li>Normalmente tus etiquetas personalizadas ser\u00e1n enviadas en un plazo de 2 a 4 d\u00edas.<\/li>\n<\/ul>\n<p>Si tienes un Restaurante, Catering o negocio relacionado, puedes ofrecer a tus clientes la personalizaci\u00f3n de las botellas de aceite. <strong><a href=\"https:\/\/a3copiseny.com\/impresxa3\/contacto\/\" target=\"_blank\" rel=\"noopener\">Contacta con nosotros<\/a><\/strong> y cu\u00e9ntanos tus necesidades.<\/p>\n<hr \/>\n<h4><strong>Consideraciones para la colocaci\u00f3n de etiquetas<\/strong><\/h4>\n<ol>\n<li style=\"font-weight: 400;\" aria-level=\"1\"><strong>Las etiquetas deben doblarse s\u00f3lo en una direcci\u00f3n<\/strong> siguiendo la forma cil\u00edndrica de la botella. Aseg\u00farate de que la etiqueta no se doble en la parte superior (donde la botella comienza a estrecharse), ya que esto podr\u00eda causar arrugas.<\/li>\n<li style=\"font-weight: 400;\" aria-level=\"1\"><span style=\"font-weight: 400;\"><strong>Toma las siguientes precauciones para garantizar la m\u00e1xima adherencia<\/strong>:<\/span>\n<ul>\n<li style=\"font-weight: 400;\" aria-level=\"2\">Aseg\u00farate de que la botella est\u00e9 completamente limpia de polvo, suciedad y, <strong>sobre todo, grasa<\/strong>. Si es necesario, limpia la superficie con un pa\u00f1o humedecido en alcohol y espera a que seque.<\/li>\n<li style=\"font-weight: 400;\" aria-level=\"2\">Manipula las etiquetas con las manos reci\u00e9n lavadas o, incluso, considera usar guantes nuevos de l\u00e1tex o nitrilo para evitar cualquier transferencia de grasa.<\/li>\n<li aria-level=\"2\">Se recomienda comenzar a pegar la etiqueta desde el centro y luego avanzar hacia los bordes gradualmente.<\/li>\n<\/ul>\n<\/li>\n<li>La m\u00e1xima adherencia se logra despu\u00e9s de transcurridas 48 horas desde la colocaci\u00f3n de la etiqueta.<\/li>\n<\/ol>\n","protected":false},"excerpt":{"rendered":"<p>Ya sea que tengas tu propia peque\u00f1a producci\u00f3n de Aceite de Oliva Virgen Extra o desees personalizar botellas para regalos y celebraciones especiales, has llegado al lugar perfecto. Te ofrecemos Etiquetas Aceite de Oliva personalizadas para dar el toque personal y profesional que tu elixir mediterr\u00e1neo merece. Descarga y personaliza en Photopea una de nuestras [&hellip;]<\/p>\n","protected":false},"featured_media":1535,"comment_status":"open","ping_status":"closed","template":"","meta":{"_monsterinsights_skip_tracking":false,"_monsterinsights_sitenote_active":false,"_monsterinsights_sitenote_note":"","_monsterinsights_sitenote_category":0},"product_brand":[],"product_cat":[33,40],"product_tag":[213,190,188,217,220,223,216,221,214,222,219,111,218,224,215],"class_list":{"0":"post-1507","1":"product","2":"type-product","3":"status-publish","4":"has-post-thumbnail","6":"product_cat-etiquetas-adhesivas","7":"product_cat-formato-estandar","8":"product_tag-aceite-de-oliva","9":"product_tag-diseno-de-etiquetas","10":"product_tag-etiquetas-adhesivas","11":"product_tag-etiquetas-de-aceite-de-oliva","12":"product_tag-etiquetas-de-aceite-virgen-extra","13":"product_tag-etiquetas-de-calidad-premium","14":"product_tag-etiquetas-de-diseno","15":"product_tag-etiquetas-de-tamano-750-1000ml","16":"product_tag-etiquetas-para-botellas","17":"product_tag-etiquetas-para-envases-de-aceite","18":"product_tag-etiquetas-para-productos-gourmet","19":"product_tag-etiquetas-personalizadas","20":"product_tag-etiquetas-personalizadas-para-botellas","21":"product_tag-etiquetas-unicas-para-botellas","22":"product_tag-personalizacion-de-productos","24":"first","25":"instock","26":"sold-individually","27":"taxable","28":"shipping-taxable","29":"purchasable","30":"product-type-simple"},"_links":{"self":[{"href":"https:\/\/a3copiseny.com\/impresxa3\/wp-json\/wp\/v2\/product\/1507","targetHints":{"allow":["GET"]}}],"collection":[{"href":"https:\/\/a3copiseny.com\/impresxa3\/wp-json\/wp\/v2\/product"}],"about":[{"href":"https:\/\/a3copiseny.com\/impresxa3\/wp-json\/wp\/v2\/types\/product"}],"replies":[{"embeddable":true,"href":"https:\/\/a3copiseny.com\/impresxa3\/wp-json\/wp\/v2\/comments?post=1507"}],"wp:featuredmedia":[{"embeddable":true,"href":"https:\/\/a3copiseny.com\/impresxa3\/wp-json\/wp\/v2\/media\/1535"}],"wp:attachment":[{"href":"https:\/\/a3copiseny.com\/impresxa3\/wp-json\/wp\/v2\/media?parent=1507"}],"wp:term":[{"taxonomy":"product_brand","embeddable":true,"href":"https:\/\/a3copiseny.com\/impresxa3\/wp-json\/wp\/v2\/product_brand?post=1507"},{"taxonomy":"product_cat","embeddable":true,"href":"https:\/\/a3copiseny.com\/impresxa3\/wp-json\/wp\/v2\/product_cat?post=1507"},{"taxonomy":"product_tag","embeddable":true,"href":"https:\/\/a3copiseny.com\/impresxa3\/wp-json\/wp\/v2\/product_tag?post=1507"}],"curies":[{"name":"wp","href":"https:\/\/api.w.org\/{rel}","templated":true}]}}