{"id":1567,"date":"2023-11-24T00:58:12","date_gmt":"2023-11-23T23:58:12","guid":{"rendered":"https:\/\/a3copiseny.com\/impresxa3\/?post_type=product&#038;p=1567"},"modified":"2025-10-09T14:36:14","modified_gmt":"2025-10-09T12:36:14","slug":"calendario-anual-gato-cosmico-poster","status":"publish","type":"product","link":"https:\/\/a3copiseny.com\/impresxa3\/calendario-anual-gato-cosmico-poster\/","title":{"rendered":"Calendario Anual Gato C\u00f3smico con Ojos Brillantes (Poster) 2026"},"content":{"rendered":"<p>Este Calendario Anual Gato C\u00f3smico 2026 en formato poster es mucho m\u00e1s que una simple herramienta para organizar tus d\u00edas. Es una obra de arte que fusiona la elegancia felina con el misterio del cosmos. Caracter\u00edsticas destacadas:<\/p>\n<ol>\n<li><strong>Material duradero y flexible<\/strong>:\n<ul>\n<li>Vinilo Monom\u00e9rico Mate Adhesivo. Si lo deseas podr\u00e1s adherir el calendario sobre cualquier superficie lisa.<\/li>\n<\/ul>\n<\/li>\n<li><strong>Tres medidas disponibles<\/strong>:\n<ul>\n<li>Elige entre tres tama\u00f1os: <strong>380 x 510 mm<\/strong> \/\u00a0<strong>510 x 686 mm <\/strong>\/<strong> 740 x 1000 mm<\/strong>. Ya sea que desees un impacto sutil o una presencia majestuosa en tu espacio, tenemos la opci\u00f3n perfecta para ti.<\/li>\n<\/ul>\n<\/li>\n<li><strong>Calidad de impresi\u00f3n superior<\/strong>:\n<ul>\n<li>Utilizamos tintas UV CMYK+2 colores para lograr una reproducci\u00f3n v\u00edvida y detallada que supera los est\u00e1ndares de la industria.<\/li>\n<\/ul>\n<\/li>\n<li><strong>Ojos que brillan<\/strong>:\n<ul>\n<li>Gracias a la <strong>doble capa de barniz selectivo<\/strong> aplicada \u00fanicamente sobre los ojos del gato, \u00e9stos parecen cobrar vida.<\/li>\n<\/ul>\n<\/li>\n<\/ol>\n<p>Ya sea que lo utilices en tu oficina, dormitorio o sala de estar, este Calendario Anual Gato C\u00f3smico con Ojos Brillantes ser\u00e1 una fuente constante de inspiraci\u00f3n y asombro.<\/p>\n<hr \/>\n<p><em>Nota: Las im\u00e1genes son solo ilustrativas y no permiten apreciar en todo su esplendor la doble capa de brillo aplicado a los ojos del gato. Los colores del producto real puede variar ligeramente.<\/em><\/p>\n","protected":false},"excerpt":{"rendered":"<p>Este Calendario Anual Gato C\u00f3smico 2026 en formato poster es mucho m\u00e1s que una simple herramienta para organizar tus d\u00edas. Es una obra de arte que fusiona la elegancia felina con el misterio del cosmos. Caracter\u00edsticas destacadas: Material duradero y flexible: Vinilo Monom\u00e9rico Mate Adhesivo. Si lo deseas podr\u00e1s adherir el calendario sobre cualquier superficie [&hellip;]<\/p>\n","protected":false},"featured_media":2445,"comment_status":"open","ping_status":"closed","template":"","meta":{"_monsterinsights_skip_tracking":false,"_monsterinsights_sitenote_active":false,"_monsterinsights_sitenote_note":"","_monsterinsights_sitenote_category":0},"product_brand":[],"product_cat":[21],"product_tag":[],"class_list":{"0":"post-1567","1":"product","2":"type-product","3":"status-publish","4":"has-post-thumbnail","6":"product_cat-calendarios-y-agendas","8":"first","9":"instock","10":"sale","11":"taxable","12":"shipping-taxable","13":"purchasable","14":"product-type-variable","15":"has-default-attributes"},"_links":{"self":[{"href":"https:\/\/a3copiseny.com\/impresxa3\/wp-json\/wp\/v2\/product\/1567","targetHints":{"allow":["GET"]}}],"collection":[{"href":"https:\/\/a3copiseny.com\/impresxa3\/wp-json\/wp\/v2\/product"}],"about":[{"href":"https:\/\/a3copiseny.com\/impresxa3\/wp-json\/wp\/v2\/types\/product"}],"replies":[{"embeddable":true,"href":"https:\/\/a3copiseny.com\/impresxa3\/wp-json\/wp\/v2\/comments?post=1567"}],"wp:featuredmedia":[{"embeddable":true,"href":"https:\/\/a3copiseny.com\/impresxa3\/wp-json\/wp\/v2\/media\/2445"}],"wp:attachment":[{"href":"https:\/\/a3copiseny.com\/impresxa3\/wp-json\/wp\/v2\/media?parent=1567"}],"wp:term":[{"taxonomy":"product_brand","embeddable":true,"href":"https:\/\/a3copiseny.com\/impresxa3\/wp-json\/wp\/v2\/product_brand?post=1567"},{"taxonomy":"product_cat","embeddable":true,"href":"https:\/\/a3copiseny.com\/impresxa3\/wp-json\/wp\/v2\/product_cat?post=1567"},{"taxonomy":"product_tag","embeddable":true,"href":"https:\/\/a3copiseny.com\/impresxa3\/wp-json\/wp\/v2\/product_tag?post=1567"}],"curies":[{"name":"wp","href":"https:\/\/api.w.org\/{rel}","templated":true}]}}