{"id":1575,"date":"2023-11-25T18:31:22","date_gmt":"2023-11-25T17:31:22","guid":{"rendered":"https:\/\/a3copiseny.com\/impresxa3\/?post_type=product&#038;p=1575"},"modified":"2025-10-09T14:32:45","modified_gmt":"2025-10-09T12:32:45","slug":"calendario-anual-personalizado-con-frases-inspiradoras","status":"publish","type":"product","link":"https:\/\/a3copiseny.com\/impresxa3\/calendario-anual-personalizado-con-frases-inspiradoras\/","title":{"rendered":"Calendario Anual Personalizado con Frases Inspiradoras 2026"},"content":{"rendered":"<p>Nuestro exclusivo Calendario Anual Personalizado con Frases Inspiradoras 2026 en formato p\u00f3ster es una fusi\u00f3n perfecta entre funcionalidad y belleza. Sum\u00e9rgete en su paisaje relajante y a\u00f1ade un toque \u00fanico con tu propia frase especial inspiradora o dirigida hacia un ser querido. Regala momentos \u00fanicos y perdurables con un calendario que se adapta a tu estilo y pasi\u00f3n por los detalles. \u00a1Transforma tu a\u00f1o y el de tus seres queridos con un regalo verdaderamente \u00fanico!<\/p>\n<h4><strong>C\u00f3mo personalizar<\/strong><\/h4>\n<ol>\n<li>Escribe tu frase en el apartado correspondiente<\/li>\n<li>Elige si deseas que te enviemos una muestra del calendario personalizado, sin coste a\u00f1adido<\/li>\n<\/ol>\n<hr \/>\n<h4><strong>Caracter\u00edsticas<\/strong><\/h4>\n<ul>\n<li>Dos formatos a elegir: 320 x 430 mm \/ 430 x 580 mm<\/li>\n<li>Cuatro materiales disponibles:\n<ul>\n<li>Cartulina de 300gr<\/li>\n<li>Vinilo adhesivo Monom\u00e9rico Mate<\/li>\n<li>Vinilo adhesivo Monom\u00e9rico Brillo<\/li>\n<li>Stoplight Enigma de 250 micras (Material pl\u00e1stico con una capa gris en el dorso para evitar el paso de la luz, t\u00edpicamente utilizado en roll ups)<\/li>\n<\/ul>\n<\/li>\n<\/ul>\n<p>Ten en cuenta que el color puede experimentar ligeras variaciones en su tono seg\u00fan el material sobre el que se imprima<\/p>\n<hr \/>\n<h4><strong>\u00bfPor qu\u00e9 elegir nuestros Calendarios?<\/strong><\/h4>\n<ul>\n<li style=\"list-style-type: none;\">\n<ul>\n<li>Tratas directamente con los dise\u00f1adores \/ impresores<\/li>\n<li>Precios competitivos y sin cantidad m\u00ednima de compra<\/li>\n<li>Descuento por cantidad en pasos de 1<\/li>\n<li>Env\u00edo r\u00e1pido y seguro en toda la Pen\u00ednsula<\/li>\n<li>Normalmente tus calendarios ser\u00e1n enviados en un plazo de 2 a 3 d\u00edas<\/li>\n<li>Protecci\u00f3n de Env\u00edo: Enviamos tus calendarios enrollados en un tubo de cart\u00f3n para garantizar que lleguen en perfecto estado<\/li>\n<\/ul>\n<\/li>\n<\/ul>\n","protected":false},"excerpt":{"rendered":"<p>Nuestro exclusivo Calendario Anual Personalizado con Frases Inspiradoras 2026 en formato p\u00f3ster es una fusi\u00f3n perfecta entre funcionalidad y belleza. Sum\u00e9rgete en su paisaje relajante y a\u00f1ade un toque \u00fanico con tu propia frase especial inspiradora o dirigida hacia un ser querido. Regala momentos \u00fanicos y perdurables con un calendario que se adapta a tu [&hellip;]<\/p>\n","protected":false},"featured_media":2444,"comment_status":"open","ping_status":"closed","template":"","meta":{"_monsterinsights_skip_tracking":false,"_monsterinsights_sitenote_active":false,"_monsterinsights_sitenote_note":"","_monsterinsights_sitenote_category":0},"product_brand":[],"product_cat":[21],"product_tag":[],"class_list":{"0":"post-1575","1":"product","2":"type-product","3":"status-publish","4":"has-post-thumbnail","6":"product_cat-calendarios-y-agendas","8":"first","9":"instock","10":"sold-individually","11":"taxable","12":"shipping-taxable","13":"purchasable","14":"product-type-simple"},"_links":{"self":[{"href":"https:\/\/a3copiseny.com\/impresxa3\/wp-json\/wp\/v2\/product\/1575","targetHints":{"allow":["GET"]}}],"collection":[{"href":"https:\/\/a3copiseny.com\/impresxa3\/wp-json\/wp\/v2\/product"}],"about":[{"href":"https:\/\/a3copiseny.com\/impresxa3\/wp-json\/wp\/v2\/types\/product"}],"replies":[{"embeddable":true,"href":"https:\/\/a3copiseny.com\/impresxa3\/wp-json\/wp\/v2\/comments?post=1575"}],"wp:featuredmedia":[{"embeddable":true,"href":"https:\/\/a3copiseny.com\/impresxa3\/wp-json\/wp\/v2\/media\/2444"}],"wp:attachment":[{"href":"https:\/\/a3copiseny.com\/impresxa3\/wp-json\/wp\/v2\/media?parent=1575"}],"wp:term":[{"taxonomy":"product_brand","embeddable":true,"href":"https:\/\/a3copiseny.com\/impresxa3\/wp-json\/wp\/v2\/product_brand?post=1575"},{"taxonomy":"product_cat","embeddable":true,"href":"https:\/\/a3copiseny.com\/impresxa3\/wp-json\/wp\/v2\/product_cat?post=1575"},{"taxonomy":"product_tag","embeddable":true,"href":"https:\/\/a3copiseny.com\/impresxa3\/wp-json\/wp\/v2\/product_tag?post=1575"}],"curies":[{"name":"wp","href":"https:\/\/api.w.org\/{rel}","templated":true}]}}