{"id":1616,"date":"2023-12-23T16:24:33","date_gmt":"2023-12-23T15:24:33","guid":{"rendered":"https:\/\/a3copiseny.com\/impresxa3\/?post_type=product&#038;p=1616"},"modified":"2025-11-19T17:44:48","modified_gmt":"2025-11-19T16:44:48","slug":"tarjetas-de-mesa-personalizadas","status":"publish","type":"product","link":"https:\/\/a3copiseny.com\/impresxa3\/tarjetas-de-mesa-personalizadas\/","title":{"rendered":"Tarjetas de Mesa Personalizadas para Ocasiones Especiales"},"content":{"rendered":"<h4><strong>Celebra momentos especiales con distinci\u00f3n, gracias a la impresi\u00f3n con dato variable<\/strong><\/h4>\n<p>Nuestras tarjetas de mesa personalizadas son la elecci\u00f3n perfecta para a\u00f1adir un toque \u00fanico a tus eventos m\u00e1s importantes, ya sea una boda, una fiesta de cumplea\u00f1os o una cena especial. <strong>Te ofrecemos la opci\u00f3n de personalizar las tarjetas con los nombres de los invitados.<\/strong><\/p>\n<p>Cuida los detalles y sorprende a los invitados a tu celebraci\u00f3n con nuestras elegantes tarjetas dise\u00f1adas para destacar en ocasiones \u00fanicas. Puedes elegir entre diferentes dise\u00f1os para personalizar las tarjetas que mejor se adapten a tu estilo y al de tu evento.<\/p>\n<hr id=\"paso1\" \/>\n<h1>C\u00f3mo funciona<\/h1>\n<h2><strong>Paso 1:<\/strong> Elige un dise\u00f1o o Personaliza con Photopea<\/h2>\n<p>Te ofrecemos una primera opci\u00f3n para que selecciones un dise\u00f1o que nosotros personalizaremos con los textos fijos que nos solicites. O, alternativamente <a href=\"https:\/\/a3copiseny.com\/como-personalizar-tarjetas-para-celebraciones\/\" target=\"_blank\" rel=\"noopener\"><strong>puedes descargar una de nuestras plantillas y seguir la gu\u00eda paso a paso<\/strong><\/a> para personalizar directamente los datos que ser\u00e1n id\u00e9nticos en todas las tarjetas. Si elijes esta opci\u00f3n, una vez que hayas completado la personalizaci\u00f3n, la gu\u00eda te proporcionar\u00e1 instrucciones claras sobre c\u00f3mo exportar tu tarjeta personalizada a un archivo PDF para adjuntar a tu pedido.<\/p>\n<h2><strong>Paso 2:<\/strong> Elige el tipo de Personalizaci\u00f3n<\/h2>\n<h3><strong>Personalizaci\u00f3n Manual<\/strong><\/h3>\n<p>Si planeas escribir manualmente los nombres en cada tarjeta, deja la opci\u00f3n por defecto <strong>Personalizaci\u00f3n Manual<\/strong>. En este caso dejaremos el espacio vac\u00edo para que puedas escribir los nombres manualmente.<\/p>\n<h3><strong>Personalizaci\u00f3n Autom\u00e1tica<\/strong> con el nombre de cada invitado<\/h3>\n<h4><strong>Opci\u00f3n A:<\/strong> Lista de nombres para una mesa<\/h4>\n<p>Al seleccionar la <strong>Personalizaci\u00f3n Autom\u00e1tica<\/strong>, se desplegar\u00e1 un campo donde puedes ingresar los nombres separados por comas: &#8216;Nombre 1, Nombre 2, Nombre 3, Nombre 4, etc.&#8217; Este enfoque es ideal si no cuentas con muchos invitados y mesas, aunque tambi\u00e9n puedes optar por la Opci\u00f3n B que se explica a continuaci\u00f3n, si lo prefieres.<\/p>\n<h4><strong>Opci\u00f3n B:<\/strong> Crea un archivo Excel para la distribuci\u00f3n en una o varias mesas<\/h4>\n<p>Si tendr\u00e1s muchos invitados distribuidos en distintas mesas, te recomendamos crear un archivo XLSX (Excel) con una columna de nombres para cada mesa. Si tienes una cuenta de Google, <a href=\"https:\/\/a3copiseny.com\/preparar-lista-de-invitados-excel-tarjetas\/\" target=\"_blank\" rel=\"noopener\"><strong>te ense\u00f1amos a prepararlo f\u00e1cilmente mediante Google Sheets<\/strong><\/a>. Posteriormente, adjunta tu archivo XLSX al pedido junto con el dise\u00f1o de tu tarjeta personalizada del <a href=\"#paso1\"><strong>Paso 1<\/strong><\/a>. Este m\u00e9todo, tambi\u00e9n lo puedes utilizar para peque\u00f1os grupos y una sola mesa si te resulta m\u00e1s c\u00f3modo que la opci\u00f3n A.<\/p>\n<p><strong>Revisa cuidadosamente cada nombre, ya que se imprimir\u00e1n exactamente como los escribas.<\/strong><\/p>\n<hr \/>\n<h4><strong>Caracter\u00edsticas Destacadas<\/strong><\/h4>\n<ul>\n<li><a href=\"https:\/\/a3copiseny.com\/como-personalizar-tarjetas-para-celebraciones\/\" target=\"_blank\" rel=\"noopener\"><strong>Variedad de plantillas \u00fanicas<\/strong><\/a> con dise\u00f1os exclusivos y elegantes.\n<ul>\n<li>Hemos dise\u00f1ado la tarjeta que combina perfectamente con el encanto de nuestra <a href=\"https:\/\/a3copiseny.com\/impresxa3\/etiquetas-vino-para-boda-y-celebraciones-vintage-love\/\" target=\"_blank\" rel=\"noopener\"><strong>etiqueta Vintage Love<\/strong><\/a>, brind\u00e1ndote la oportunidad de crear un conjunto coordinado.<\/li>\n<\/ul>\n<\/li>\n<li><strong>Flexibilidad de Personalizaci\u00f3n:<\/strong>\n<ul>\n<li><strong>Manual:<\/strong> Imprimiremos tarjetas neutras para que escribas a mano los nombres.<\/li>\n<li><strong>Autom\u00e1tica:<\/strong> Imprimimos cada tarjeta individualizada con el nombre de cada invitado, y de la mesa si es solicitado.<\/li>\n<\/ul>\n<\/li>\n<li><strong>Personalizaci\u00f3n en color:<\/strong> Imprimimos los nombres de tus invitados en color, ofreciendo una opci\u00f3n que muchos de nuestros competidores no proporcionan.<\/li>\n<li><strong>Materiales disponibles:<\/strong>\n<ul>\n<li>Cartulina estucada mate de 300 gsm<\/li>\n<li>Cartulina offset de 300 gsm<\/li>\n<li>Cartulina reciclada 250 gsm<\/li>\n<\/ul>\n<\/li>\n<li>Medida: 90&#215;50 mm (doblada), 90&#215;100 mm (abierta)<\/li>\n<li>Acabado: Marcado hendido en la zona central para facilitar el plegado de cada tarjeta. (Se env\u00edan abiertas)<\/li>\n<\/ul>\n<blockquote><p><strong>\u00a1Importante!<\/strong> Las 3 variantes del modelo de tarjeta Vintage Love cuentan con un fondo de color en la portada. Tenlo en cuenta si optas por la personalizaci\u00f3n manual, pues ser\u00e1 recomendable escribir con rotuladores de tinta opaca de colores claros o metalizados para asegurar una correcta lectura.<\/p><\/blockquote>\n<h4><strong>Sobre los Materiales<\/strong><\/h4>\n<ul>\n<li style=\"list-style-type: none;\">\n<ul>\n<li>La <strong>cartulina estucada mate<\/strong> ofrece la mejor calidad de impresi\u00f3n pero es menos \u00f3ptima para escribir, requiere rotuladores permanentes. Por lo tanto es la ideal si eliges que nosotros imprimamos los nombres.<\/li>\n<li>La <strong>cartulina offset<\/strong> ofrece una buena calidad de impresi\u00f3n y es \u00f3ptima para escribir con cualquier m\u00e9todo.<\/li>\n<li>La <strong>cartulina reciclada<\/strong> tiene cierto tono gris con virutas que oscurecer\u00e1 ligeramente los colores impresos; es \u00f3ptima para escribir.<\/li>\n<\/ul>\n<\/li>\n<\/ul>\n<p>Con nuestras tarjetas personalizadas, cada detalle cuenta, brind\u00e1ndote la libertad de elegir la opci\u00f3n que mejor se adapte a tus necesidades.<\/p>\n<h4><strong>\u00a1Haz de tu celebraci\u00f3n un evento inolvidable y sorprende a tus invitados con un toque personalizado!<\/strong><\/h4>\n","protected":false},"excerpt":{"rendered":"<p>Celebra momentos especiales con distinci\u00f3n, gracias a la impresi\u00f3n con dato variable Nuestras tarjetas de mesa personalizadas son la elecci\u00f3n perfecta para a\u00f1adir un toque \u00fanico a tus eventos m\u00e1s importantes, ya sea una boda, una fiesta de cumplea\u00f1os o una cena especial. Te ofrecemos la opci\u00f3n de personalizar las tarjetas con los nombres de [&hellip;]<\/p>\n","protected":false},"featured_media":1634,"comment_status":"open","ping_status":"closed","template":"","meta":{"_monsterinsights_skip_tracking":false,"_monsterinsights_sitenote_active":false,"_monsterinsights_sitenote_note":"","_monsterinsights_sitenote_category":0},"product_brand":[],"product_cat":[236],"product_tag":[228,226,227,232,233,231,234,230,229,225],"class_list":{"0":"post-1616","1":"product","2":"type-product","3":"status-publish","4":"has-post-thumbnail","6":"product_cat-dato-variable","7":"product_tag-etiquetas-para-mesa-con-datos-variables","8":"product_tag-etiquetas-para-mesa-con-nombres","9":"product_tag-etiquetas-para-mesa-con-plantilla","10":"product_tag-etiquetas-para-mesa-elegantes-y-originales","11":"product_tag-etiquetas-para-mesa-para-bodas-y-cumpleanos","12":"product_tag-etiquetas-para-mesa-para-celebraciones-unicas","13":"product_tag-etiquetas-para-mesa-para-eventos-y-fiestas","14":"product_tag-etiquetas-para-mesa-para-imprimir","15":"product_tag-etiquetas-para-mesa-para-personalizar","16":"product_tag-etiquetas-personalizadas-para-mesa","18":"first","19":"instock","20":"featured","21":"sold-individually","22":"taxable","23":"shipping-taxable","24":"purchasable","25":"product-type-simple"},"_links":{"self":[{"href":"https:\/\/a3copiseny.com\/impresxa3\/wp-json\/wp\/v2\/product\/1616","targetHints":{"allow":["GET"]}}],"collection":[{"href":"https:\/\/a3copiseny.com\/impresxa3\/wp-json\/wp\/v2\/product"}],"about":[{"href":"https:\/\/a3copiseny.com\/impresxa3\/wp-json\/wp\/v2\/types\/product"}],"replies":[{"embeddable":true,"href":"https:\/\/a3copiseny.com\/impresxa3\/wp-json\/wp\/v2\/comments?post=1616"}],"wp:featuredmedia":[{"embeddable":true,"href":"https:\/\/a3copiseny.com\/impresxa3\/wp-json\/wp\/v2\/media\/1634"}],"wp:attachment":[{"href":"https:\/\/a3copiseny.com\/impresxa3\/wp-json\/wp\/v2\/media?parent=1616"}],"wp:term":[{"taxonomy":"product_brand","embeddable":true,"href":"https:\/\/a3copiseny.com\/impresxa3\/wp-json\/wp\/v2\/product_brand?post=1616"},{"taxonomy":"product_cat","embeddable":true,"href":"https:\/\/a3copiseny.com\/impresxa3\/wp-json\/wp\/v2\/product_cat?post=1616"},{"taxonomy":"product_tag","embeddable":true,"href":"https:\/\/a3copiseny.com\/impresxa3\/wp-json\/wp\/v2\/product_tag?post=1616"}],"curies":[{"name":"wp","href":"https:\/\/api.w.org\/{rel}","templated":true}]}}