{"id":1668,"date":"2024-01-15T19:54:10","date_gmt":"2024-01-15T18:54:10","guid":{"rendered":"https:\/\/a3copiseny.com\/impresxa3\/?post_type=product&#038;p=1668"},"modified":"2025-06-26T21:20:07","modified_gmt":"2025-06-26T19:20:07","slug":"mascaras-y-caretas-de-calaveras-mexicanas","status":"publish","type":"product","link":"https:\/\/a3copiseny.com\/impresxa3\/mascaras-y-caretas-de-calaveras-mexicanas\/","title":{"rendered":"M\u00e1scaras y Caretas de Calaveras Mexicanas"},"content":{"rendered":"<p>\u00a1Bienvenido a la fiesta con nuestras nuevas <strong>M\u00e1scaras y Caretas de Calaveras Mexicanas!<\/strong> Celebra con estilo y alegr\u00eda con nuestra colecci\u00f3n \u00fanica de caretas que capturan la esencia colorida y divertida de la tradici\u00f3n mexicana.<\/p>\n<h4><strong>Caracter\u00edsticas<\/strong><\/h4>\n<ul>\n<li><strong>Dise\u00f1os Exclusivos<\/strong>, aut\u00e9nticos y \u00fanicos que no encontrar\u00e1s en otro lugar.<\/li>\n<li><strong>Cartulina Premium de 350 gsm<\/strong>, proporcionando resistencia y calidad duradera.<\/li>\n<li><strong>Impresi\u00f3n de alta calidad en color<\/strong>, resaltando cada detalle vibrante de las m\u00e1scaras.<\/li>\n<li><strong>Goma de sujeci\u00f3n incluida con cada m\u00e1scara<\/strong>, brindando comodidad al usuario (requiere montaje).<\/li>\n<li><strong>Talla Infantil y Adulto disponibles<\/strong>, asegurando un ajuste perfecto para todas las edades.<\/li>\n<li><strong>Espuma salva nariz (Opcional):<\/strong>\u00a0Nuestra soluci\u00f3n a la comodidad sin necesidad de perforar la nariz.<\/li>\n<\/ul>\n<p><img loading=\"lazy\" decoding=\"async\" class=\"aligncenter size-full wp-image-1736\" src=\"https:\/\/a3copiseny.com\/impresxa3\/wp-content\/uploads\/2023\/10\/espuma-salva-nariz-careta-a3copiseny.webp\" alt=\"espuma-salva-nariz-careta-a3copiseny\" width=\"600\" height=\"378\" srcset=\"https:\/\/a3copiseny.com\/impresxa3\/wp-content\/uploads\/2023\/10\/espuma-salva-nariz-careta-a3copiseny.webp 600w, https:\/\/a3copiseny.com\/impresxa3\/wp-content\/uploads\/2023\/10\/espuma-salva-nariz-careta-a3copiseny-512x323.webp 512w, https:\/\/a3copiseny.com\/impresxa3\/wp-content\/uploads\/2023\/10\/espuma-salva-nariz-careta-a3copiseny-416x262.webp 416w\" sizes=\"auto, (max-width: 600px) 100vw, 600px\" \/>Hemos mejorado la comodidad de nuestras caretas mediante una alternativa al corte nasal: una espuma gruesa con adhesivo que se coloca en la parte superior del reverso de la careta, permitiendo que el centro de la careta se apoye sobre nuestra nariz y la espuma repose en nuestra frente. Esta disposici\u00f3n mantiene la careta plana y perpendicular a nuestra cara, ofreciendo un mejor aspecto desde el exterior y gran comodidad incluso durante largas horas de uso.<\/p>\n<h4><strong>Tallas y distancia entre los ojos<\/strong><\/h4>\n<p>El tama\u00f1o de nuestras caretas est\u00e1 directamente relacionado con la distancia entre los ojos. Hemos establecido dos medidas est\u00e1ndar:<\/p>\n<ul>\n<li>Formato adulto: la distancia entre los ojos (de centro a centro) es de 64-70 mm seg\u00fan el modelo elegido<\/li>\n<li>Talla infantil: la distancia es de 56-61 mm<\/li>\n<\/ul>\n<h4><strong>M\u00e1scaras y Caretas personalizadas<\/strong><\/h4>\n<p>Si has creado tu propia careta, visita nuestro producto <strong><a href=\"https:\/\/a3copiseny.com\/impresxa3\/mascaras-y-caretas-personalizadas-para-fiestas-y-eventos\/\">M\u00e1scaras y Caretas Personalizadas para Fiestas y Eventos<\/a><\/strong>. Nosotros nos encargaremos de imprimir y recortar tu dise\u00f1o o fotograf\u00eda con la profesionalidad que nos caracteriza.<\/p>\n","protected":false},"excerpt":{"rendered":"<p>\u00a1Bienvenido a la fiesta con nuestras nuevas M\u00e1scaras y Caretas de Calaveras Mexicanas! Celebra con estilo y alegr\u00eda con nuestra colecci\u00f3n \u00fanica de caretas que capturan la esencia colorida y divertida de la tradici\u00f3n mexicana. Caracter\u00edsticas Dise\u00f1os Exclusivos, aut\u00e9nticos y \u00fanicos que no encontrar\u00e1s en otro lugar. Cartulina Premium de 350 gsm, proporcionando resistencia y [&hellip;]<\/p>\n","protected":false},"featured_media":1677,"comment_status":"open","ping_status":"closed","template":"","meta":{"_monsterinsights_skip_tracking":false,"_monsterinsights_sitenote_active":false,"_monsterinsights_sitenote_note":"","_monsterinsights_sitenote_category":0},"product_brand":[],"product_cat":[53],"product_tag":[],"class_list":{"0":"post-1668","1":"product","2":"type-product","3":"status-publish","4":"has-post-thumbnail","6":"product_cat-caretas","8":"first","9":"instock","10":"sold-individually","11":"taxable","12":"shipping-taxable","13":"purchasable","14":"product-type-simple"},"_links":{"self":[{"href":"https:\/\/a3copiseny.com\/impresxa3\/wp-json\/wp\/v2\/product\/1668","targetHints":{"allow":["GET"]}}],"collection":[{"href":"https:\/\/a3copiseny.com\/impresxa3\/wp-json\/wp\/v2\/product"}],"about":[{"href":"https:\/\/a3copiseny.com\/impresxa3\/wp-json\/wp\/v2\/types\/product"}],"replies":[{"embeddable":true,"href":"https:\/\/a3copiseny.com\/impresxa3\/wp-json\/wp\/v2\/comments?post=1668"}],"wp:featuredmedia":[{"embeddable":true,"href":"https:\/\/a3copiseny.com\/impresxa3\/wp-json\/wp\/v2\/media\/1677"}],"wp:attachment":[{"href":"https:\/\/a3copiseny.com\/impresxa3\/wp-json\/wp\/v2\/media?parent=1668"}],"wp:term":[{"taxonomy":"product_brand","embeddable":true,"href":"https:\/\/a3copiseny.com\/impresxa3\/wp-json\/wp\/v2\/product_brand?post=1668"},{"taxonomy":"product_cat","embeddable":true,"href":"https:\/\/a3copiseny.com\/impresxa3\/wp-json\/wp\/v2\/product_cat?post=1668"},{"taxonomy":"product_tag","embeddable":true,"href":"https:\/\/a3copiseny.com\/impresxa3\/wp-json\/wp\/v2\/product_tag?post=1668"}],"curies":[{"name":"wp","href":"https:\/\/api.w.org\/{rel}","templated":true}]}}