{"id":1881,"date":"2024-06-22T15:19:41","date_gmt":"2024-06-22T13:19:41","guid":{"rendered":"https:\/\/a3copiseny.com\/impresxa3\/?post_type=product&#038;p=1881"},"modified":"2025-06-26T21:20:07","modified_gmt":"2025-06-26T19:20:07","slug":"tatuaje-caballito-de-mar-hojas-de-colores","status":"publish","type":"product","link":"https:\/\/a3copiseny.com\/impresxa3\/tatuaje-caballito-de-mar-hojas-de-colores\/","title":{"rendered":"Tatuaje caballito de mar hojas de colores"},"content":{"rendered":"<p>Te presentamos el Tatuaje caballito de mar hojas de colores, un tatuaje temporal que muestra un caballito de mar formado por hojas con gradados de colores, evocando las tonalidades naturales de las hojas de \u00e1rboles con un toque de acuarela. Disponible en tama\u00f1os de 55 mm, 65 mm o 75 mm, este tatuaje es ideal para complementar tu estilo en eventos al aire libre, paseos veraniegos, celebraciones tem\u00e1ticas, o simplemente para a\u00f1adir un toque art\u00edstico a tu look diario.<\/p>\n<p>Elaboramos los tatuajes temporales con materiales de primera calidad y mediante impresoras de alta resoluci\u00f3n.<br \/>\nNuestros tatuajes temporales son seguros para la piel (hipoalerg\u00e9nicos y at\u00f3xicos) y f\u00e1ciles de aplicar.<\/p>\n<hr \/>\n<h4>Recomendaciones para aplicar los tatuajes temporales:<\/h4>\n<ol>\n<li>Limpia y seca completamente la zona de piel donde quieras poner el tatuaje.<\/li>\n<li>Retira la protecci\u00f3n transparente.<\/li>\n<li>Pon el lado donde est\u00e1 el tatuaje contra la piel.<\/li>\n<li>Moja el tatuaje con una esponja empapada en agua presionando cuidadosamente.<\/li>\n<li>Espera 20-30 segundos sin moverlo.<\/li>\n<li>Haz deslizar el papel suavemente.<\/li>\n<li>Despu\u00e9s que el tatuaje se seque (aproximadamente 5 minutos), enjuagar suavemente con agua y jab\u00f3n para que resulte m\u00e1s realista.<\/li>\n<\/ol>\n<p>NOTA: <strong>No aplicar en pieles sensibles o cerca de los ojos<\/strong>. Para quitar el tatuaje hay que empapar el tatuaje con aceite corporal, crema o alcohol; esperar 20 segundos y despu\u00e9s frotar con un algod\u00f3n.<\/p>\n<p>Los tatuajes temporales duran alrededor de 5-10 d\u00edas, dependiendo del roce y lavados que reciban.<\/p>\n","protected":false},"excerpt":{"rendered":"<p>Te presentamos el Tatuaje caballito de mar hojas de colores, un tatuaje temporal que muestra un caballito de mar formado por hojas con gradados de colores, evocando las tonalidades naturales de las hojas de \u00e1rboles con un toque de acuarela. Disponible en tama\u00f1os de 55 mm, 65 mm o 75 mm, este tatuaje es ideal [&hellip;]<\/p>\n","protected":false},"featured_media":1885,"comment_status":"open","ping_status":"closed","template":"","meta":{"_monsterinsights_skip_tracking":false,"_monsterinsights_sitenote_active":false,"_monsterinsights_sitenote_note":"","_monsterinsights_sitenote_category":0},"product_brand":[],"product_cat":[270,43],"product_tag":[],"class_list":{"0":"post-1881","1":"product","2":"type-product","3":"status-publish","4":"has-post-thumbnail","6":"product_cat-caballitos-de-mar","7":"product_cat-tatuajes","9":"first","10":"instock","11":"sale","12":"taxable","13":"shipping-taxable","14":"purchasable","15":"product-type-variable","16":"has-default-attributes"},"_links":{"self":[{"href":"https:\/\/a3copiseny.com\/impresxa3\/wp-json\/wp\/v2\/product\/1881","targetHints":{"allow":["GET"]}}],"collection":[{"href":"https:\/\/a3copiseny.com\/impresxa3\/wp-json\/wp\/v2\/product"}],"about":[{"href":"https:\/\/a3copiseny.com\/impresxa3\/wp-json\/wp\/v2\/types\/product"}],"replies":[{"embeddable":true,"href":"https:\/\/a3copiseny.com\/impresxa3\/wp-json\/wp\/v2\/comments?post=1881"}],"wp:featuredmedia":[{"embeddable":true,"href":"https:\/\/a3copiseny.com\/impresxa3\/wp-json\/wp\/v2\/media\/1885"}],"wp:attachment":[{"href":"https:\/\/a3copiseny.com\/impresxa3\/wp-json\/wp\/v2\/media?parent=1881"}],"wp:term":[{"taxonomy":"product_brand","embeddable":true,"href":"https:\/\/a3copiseny.com\/impresxa3\/wp-json\/wp\/v2\/product_brand?post=1881"},{"taxonomy":"product_cat","embeddable":true,"href":"https:\/\/a3copiseny.com\/impresxa3\/wp-json\/wp\/v2\/product_cat?post=1881"},{"taxonomy":"product_tag","embeddable":true,"href":"https:\/\/a3copiseny.com\/impresxa3\/wp-json\/wp\/v2\/product_tag?post=1881"}],"curies":[{"name":"wp","href":"https:\/\/api.w.org\/{rel}","templated":true}]}}