{"id":510,"date":"2021-11-19T11:50:35","date_gmt":"2021-11-19T10:50:35","guid":{"rendered":"https:\/\/a3copiseny.com\/impresxa3\/?post_type=product&#038;p=510"},"modified":"2025-11-20T19:51:11","modified_gmt":"2025-11-20T18:51:11","slug":"calendario-faldilla-personalizado","status":"publish","type":"product","link":"https:\/\/a3copiseny.com\/impresxa3\/calendario-faldilla-personalizado\/","title":{"rendered":"Calendario Faldilla Personalizado 2026"},"content":{"rendered":"<p>El Calendario Faldilla Personalizado es una excelente herramienta de marketing que puede mantener la presencia de tu empresa, tienda, club o entidad <strong>en el hogar de tus potenciales clientes durante todo el a\u00f1o<\/strong>, visible y accesible todos los d\u00edas. Algunas ventajas clave:<\/p>\n<ol>\n<li><strong>Presencia Continua<\/strong>: A diferencia de otros tipos de publicidad que pueden pasar desapercibidos e incluso resultar molestos, un calendario faldilla personalizado es un obsequio \u00fatil que estar\u00e1 siempre a la vista de tus clientes. Esto significa que tu empresa o tienda estar\u00e1 en su mente constantemente.<\/li>\n<li><strong>Econ\u00f3mico y Duradero<\/strong>: A partir de una peque\u00f1a cantidad los calendarios de faldilla son asequibles de producir, pero su valor perdura durante todo el a\u00f1o. Son una inversi\u00f3n mucho m\u00e1s rentable que otras en t\u00e9rminos de publicidad.<\/li>\n<li><strong>Facilidad de Personalizaci\u00f3n<\/strong>: Puedes adaptar el calendario con la identidad visual de tu empresa o entidad, destacar productos o servicios y resaltar tus datos de contacto. Estar\u00e1 siempre a la vista, manteniendo tu presencia durante todo el a\u00f1o en los hogares de potenciales clientes.<\/li>\n<li><strong>Primera Elecci\u00f3n en Momentos de Necesidad<\/strong>: Cuando tus clientes necesiten productos o servicios relacionados con tu empresa, es muy probable que te elijan primero si tienen tu calendario con los datos de contacto a la vista.<\/li>\n<\/ol>\n<p>En resumen, un Calendario Faldilla Personalizado es una estrategia de marketing efectiva y econ\u00f3mica para mantener la presencia de tu negocio en la mente de tus clientes durante todo el a\u00f1o. Acompa\u00f1arlos en momentos especiales y ser su primera elecci\u00f3n en momentos de necesidad es una ventaja significativa para tu empresa.<\/p>\n<h4><strong><a href=\"https:\/\/a3copiseny.com\/PSD\/calendario-faldilla.psd\">Descarga la plantilla<\/a><\/strong><strong> y personaliza la portada<\/strong><\/h4>\n<p>Te ofrecemos una <a href=\"https:\/\/a3copiseny.com\/PSD\/calendario-faldilla.psd\">plantilla<\/a> para que la edites en photopea. A\u00f1ade una o varias im\u00e1genes para tu negocio, logotipo y datos de contacto. Tu dise\u00f1o <strong>estar\u00e1 siempre visible durante 365 d\u00edas<\/strong> en la parte superior del calendario. Si lo necesitas, encontrar\u00e1s <strong>im\u00e1genes de calidad y gratuitas<\/strong> en: <span style=\"color: #3366ff;\"><a style=\"color: #3366ff;\" href=\"https:\/\/pixabay.com\/\" target=\"_blank\" rel=\"noopener\"><strong>Pixabay<\/strong><\/a><\/span> o\u00a0<span style=\"color: #3366ff;\"><a style=\"color: #3366ff;\" href=\"https:\/\/www.pexels.com\/es-es\/\" target=\"_blank\" rel=\"noopener\"><strong>Pexels<\/strong><\/a><\/span> para utilizar en tu calendario faldilla personalizado.<\/p>\n<h4><strong>Opci\u00f3n de solicitar el dise\u00f1o de la portada<\/strong><\/h4>\n<p>Si prefieres despreocuparte, <strong>nosotros nos encargaremos de transformar tu idea en un mensaje eficaz<\/strong>, s\u00f3lo tienes que decirnos lo que quieres y facilitarnos los datos e im\u00e1genes que deseas que aparezcan en la parte superior del calendario; del resto nos encargamos nosotros. Antes de imprimir te enviaremos una imagen de muestra para que nos des tu aprobaci\u00f3n o nos indiques si hay cambios a realizar. Primero haz el pedido y posteriormente env\u00edanos tus datos e im\u00e1genes a: a3@a3copiseny.com<\/p>\n<h4><strong>\u00bfC\u00f3mo es el Calendario Faldilla Personalizado 2026?<\/strong><\/h4>\n<p>Consta de una <strong>faldilla de 6 hojas bimensuales<\/strong> impresas a color por una cara y cosida a la portada superior donde imprimimos la <strong>imagen que nos env\u00edes<\/strong>. Incluye una abrazadera<strong>\u00a0met\u00e1lica doblada<\/strong> que tiene en su dorso un troquelado con una perforaci\u00f3n que el usuario podr\u00e1 <span style=\"text-decoration: underline;\"><strong>doblar para utilizar como colgador<\/strong><\/span>.<\/p>\n<figure id=\"attachment_517\" aria-describedby=\"caption-attachment-517\" style=\"width: 300px\" class=\"wp-caption alignleft\"><img loading=\"lazy\" decoding=\"async\" class=\"wp-image-517\" src=\"https:\/\/a3copiseny.com\/impresxa3\/wp-content\/uploads\/2021\/11\/calendario_farmacia_cosido-min-512x512.jpg\" alt=\"calendario faldilla cosido con hilo\" width=\"300\" height=\"300\" srcset=\"https:\/\/a3copiseny.com\/impresxa3\/wp-content\/uploads\/2021\/11\/calendario_farmacia_cosido-min-512x512.jpg 512w, https:\/\/a3copiseny.com\/impresxa3\/wp-content\/uploads\/2021\/11\/calendario_farmacia_cosido-min-324x324.jpg 324w, https:\/\/a3copiseny.com\/impresxa3\/wp-content\/uploads\/2021\/11\/calendario_farmacia_cosido-min-100x100.jpg 100w, https:\/\/a3copiseny.com\/impresxa3\/wp-content\/uploads\/2021\/11\/calendario_farmacia_cosido-min-416x416.jpg 416w, https:\/\/a3copiseny.com\/impresxa3\/wp-content\/uploads\/2021\/11\/calendario_farmacia_cosido-min-150x150.jpg 150w, https:\/\/a3copiseny.com\/impresxa3\/wp-content\/uploads\/2021\/11\/calendario_farmacia_cosido-min.jpg 700w\" sizes=\"auto, (max-width: 300px) 100vw, 300px\" \/><figcaption id=\"caption-attachment-517\" class=\"wp-caption-text\">Portada y faldilla cosidas con hilo<\/figcaption><\/figure>\n<figure id=\"attachment_521\" aria-describedby=\"caption-attachment-521\" style=\"width: 324px\" class=\"wp-caption alignleft\"><img loading=\"lazy\" decoding=\"async\" class=\"wp-image-521\" style=\"font-weight: 600;\" src=\"https:\/\/a3copiseny.com\/impresxa3\/wp-content\/uploads\/2021\/11\/calendario_farmacia_chapa3-min-512x474.jpg\" alt=\"chapa colgador de calendario pared\" width=\"324\" height=\"300\" srcset=\"https:\/\/a3copiseny.com\/impresxa3\/wp-content\/uploads\/2021\/11\/calendario_farmacia_chapa3-min-512x474.jpg 512w, https:\/\/a3copiseny.com\/impresxa3\/wp-content\/uploads\/2021\/11\/calendario_farmacia_chapa3-min-416x385.jpg 416w, https:\/\/a3copiseny.com\/impresxa3\/wp-content\/uploads\/2021\/11\/calendario_farmacia_chapa3-min.jpg 628w\" sizes=\"auto, (max-width: 324px) 100vw, 324px\" \/><figcaption id=\"caption-attachment-521\" class=\"wp-caption-text\">Troquelado para colgar el calendario<\/figcaption><\/figure>\n<h4><strong>Cada Calendario Faldilla Personalizado 2026 consta de:<\/strong><\/h4>\n<ul>\n<li>Faldilla de 6 hojas bimensuales de 320 x 150 mm, impresas a color por una cara sobre papel offset de 90gr<\/li>\n<li>Hojas troqueladas para facilitar el arranque de los meses a medida que pasan<\/li>\n<li>L\u00e1mina de 320 x 220 mm de la portada con la imagen y datos de tu elecci\u00f3n impresos a una cara sobre cartulina estucada mate de 300 gr<\/li>\n<li>Abrazadera met\u00e1lica doblada con troquelado para utilizar como colgador<\/li>\n<li>Cada calendario se entrega plegado y con un hendido en la base de la portada para facilitar el desplegado de la faldilla<\/li>\n<li>Puedes personalizar el idioma del calendario, eligiendo entre Espa\u00f1ol, Catal\u00e0 o una versi\u00f3n biling\u00fce (Espa\u00f1ol\/Catal\u00e0). Tambi\u00e9n tienes la opci\u00f3n de incluir o no el Santoral<\/li>\n<li>Los d\u00edas resaltados como festivos corresponden a los d\u00edas festivos gen\u00e9ricos de Espa\u00f1a y Catalunya<\/li>\n<\/ul>\n<h4><strong>Cada hoja de calendario bimensual incluye:<\/strong><\/h4>\n<ul>\n<li>N\u00fameros de semana, mes y a\u00f1o 2026<\/li>\n<li>Dos meses en grande + el anterior y el siguiente en peque\u00f1o<\/li>\n<li>Fases lunares<\/li>\n<li>Cambios de estaci\u00f3n<\/li>\n<li>Cambio horario de verano y de invierno<\/li>\n<li>Santoral (opcional)<\/li>\n<li>N\u00fameros grandes y legibles a distancias considerables<\/li>\n<li>Zona inferior con espacio para realizar anotaciones: visitas m\u00e9dicas, fiestas personales, reuniones, logros, retos, etc.<\/li>\n<li>Suaves colores gradados de fondo para cada d\u00eda que distinguen entre festivos, s\u00e1bados y laborales<\/li>\n<\/ul>\n<h4><strong>\u00bfPor qu\u00e9 elegir nuestros Calendarios?<\/strong><\/h4>\n<ul>\n<li style=\"list-style-type: none;\">\n<ul>\n<li>Tratas directamente con los dise\u00f1adores \/ impresores<\/li>\n<li>Precios competitivos y sin cantidad m\u00ednima de compra<\/li>\n<li>Descuento por cantidad en pasos de 1<\/li>\n<li>Env\u00edo r\u00e1pido y seguro a cualquier parte de la pen\u00ednsula (Espa\u00f1a)<\/li>\n<li>Normalmente tus calendarios ser\u00e1n enviados en un plazo de 3 a 15 d\u00edas (en funci\u00f3n de la cantidad solicitada y si tenemos que dise\u00f1ar tu portada)<\/li>\n<\/ul>\n<\/li>\n<\/ul>\n<h4><strong>D\u00edas festivos para Espa\u00f1a y Catalunya 2026<\/strong><\/h4>\n<p style=\"padding-left: 40px;\"><strong><span style=\"text-decoration: underline;\">Festivos en Espa\u00f1a:<\/span><br \/>\n<\/strong>1 de enero: A\u00f1o Nuevo<br \/>\n6 de enero: D\u00eda de Reyes<br \/>\n3 de abril: Viernes Santo<br \/>\n1 de mayo: Fiesta del trabajo<br \/>\n15 de agosto: Asunci\u00f3n de Nuestra Se\u00f1ora<br \/>\n12 de octubre: Fiesta de la Hispanidad<br \/>\n1 de noviembre: D\u00eda de Todos los Santos<br \/>\n6 de diciembre: D\u00eda de la Constituci\u00f3n Espa\u00f1ola<br \/>\n8 de diciembre: Inmaculada Concepci\u00f3n<br \/>\n25 de diciembre: Navidad<\/p>\n<p style=\"padding-left: 40px;\"><strong><span style=\"text-decoration: underline;\">Festivos en Catalunya (a\u00f1adiendo a los anteriores):<\/span><br \/>\n<\/strong>6 d\u2019abril: Dilluns de Pasqua<br \/>\n24 de juny: Sant Joan<br \/>\n11 de setembre: Diada de Catalunya<br \/>\n26 de desembre: Sant Esteve<\/p>\n","protected":false},"excerpt":{"rendered":"<h4><strong>Pon tu comercio\/empresa en el hogar de potenciales clientes durante 365 d\u00edas.<\/strong><\/h4>\n","protected":false},"featured_media":2506,"comment_status":"open","ping_status":"closed","template":"","meta":{"_monsterinsights_skip_tracking":false,"_monsterinsights_sitenote_active":false,"_monsterinsights_sitenote_note":"","_monsterinsights_sitenote_category":0},"product_brand":[],"product_cat":[21],"product_tag":[209,211,207,55,62,212,208,210,122,56],"class_list":{"0":"post-510","1":"product","2":"type-product","3":"status-publish","4":"has-post-thumbnail","6":"product_cat-calendarios-y-agendas","7":"product_tag-calendario-a-medida","8":"product_tag-calendario-con-faldilla","9":"product_tag-calendario-faldilla","10":"product_tag-calendario-personalizado","11":"product_tag-diseno-de-calendario","12":"product_tag-diseno-de-faldilla","13":"product_tag-organizador-personalizado","14":"product_tag-personalizacion-de-calendario","15":"product_tag-planificador-de-tiempo","16":"product_tag-regalo-personalizado","18":"first","19":"instock","20":"sold-individually","21":"taxable","22":"shipping-taxable","23":"purchasable","24":"product-type-simple"},"_links":{"self":[{"href":"https:\/\/a3copiseny.com\/impresxa3\/wp-json\/wp\/v2\/product\/510","targetHints":{"allow":["GET"]}}],"collection":[{"href":"https:\/\/a3copiseny.com\/impresxa3\/wp-json\/wp\/v2\/product"}],"about":[{"href":"https:\/\/a3copiseny.com\/impresxa3\/wp-json\/wp\/v2\/types\/product"}],"replies":[{"embeddable":true,"href":"https:\/\/a3copiseny.com\/impresxa3\/wp-json\/wp\/v2\/comments?post=510"}],"wp:featuredmedia":[{"embeddable":true,"href":"https:\/\/a3copiseny.com\/impresxa3\/wp-json\/wp\/v2\/media\/2506"}],"wp:attachment":[{"href":"https:\/\/a3copiseny.com\/impresxa3\/wp-json\/wp\/v2\/media?parent=510"}],"wp:term":[{"taxonomy":"product_brand","embeddable":true,"href":"https:\/\/a3copiseny.com\/impresxa3\/wp-json\/wp\/v2\/product_brand?post=510"},{"taxonomy":"product_cat","embeddable":true,"href":"https:\/\/a3copiseny.com\/impresxa3\/wp-json\/wp\/v2\/product_cat?post=510"},{"taxonomy":"product_tag","embeddable":true,"href":"https:\/\/a3copiseny.com\/impresxa3\/wp-json\/wp\/v2\/product_tag?post=510"}],"curies":[{"name":"wp","href":"https:\/\/api.w.org\/{rel}","templated":true}]}}