{"id":578,"date":"2022-02-24T16:43:43","date_gmt":"2022-02-24T15:43:43","guid":{"rendered":"https:\/\/a3copiseny.com\/impresxa3\/?post_type=product&#038;p=578"},"modified":"2025-06-26T21:20:09","modified_gmt":"2025-06-26T19:20:09","slug":"tatuajes-temporales-personalizados","status":"publish","type":"product","link":"https:\/\/a3copiseny.com\/impresxa3\/tatuajes-temporales-personalizados\/","title":{"rendered":"Tatuajes temporales personalizados"},"content":{"rendered":"<h3>\u00bfDeseas lucir tus propios dise\u00f1os en forma de tatuajes temporales personalizados? Tenemos la soluci\u00f3n perfecta para ti.<\/h3>\n<p>Con nuestras plantillas descargables, podr\u00e1s personalizar tatuajes temporales con tus propias creaciones, logotipos o cualquier imagen que prefieras. Para personalizarlos, puedes utilizar programas externos como Photopea u otros compatibles con esos formatos, como Affinity Photo, GIMP, Krita, Photoshop, entre otros.<\/p>\n<p>Una vez tengas lista la hoja con tus dise\u00f1os personalizados, exp\u00f3rtala a un formato est\u00e1ndar (jpg \/ png \/ pdf) y adjunta el archivo a tu pedido. Nosotros nos encargaremos de imprimir r\u00e1pidamente tus tatuajes temporales con calidad l\u00e1ser de alt\u00edsima resoluci\u00f3n. Tus tatuajes temporales lucir\u00e1n exactamente como los imaginaste.<\/p>\n<p>Entonces, \u00bfpor qu\u00e9 conformarse con tatuajes gen\u00e9ricos? \u00a1Haz una declaraci\u00f3n de moda y personaliza tus tatuajes temporales!<\/p>\n<hr \/>\n<p>Ofrecemos 4 medidas para que elijas, descarga la plantilla en formato PDF o PSD para a\u00f1adir tus dise\u00f1os:<\/p>\n<table style=\"height: 72px; width: 250px; border-collapse: collapse; border-color: #006d75; border-style: none; float: left;\" border=\"5\" cellspacing=\"1\" cellpadding=\"1\">\n<tbody>\n<tr>\n<td style=\"width: 246px;\"><span style=\"color: #000000;\"><strong>Formato PDF<\/strong><\/span><\/td>\n<\/tr>\n<tr style=\"height: 18px;\">\n<td style=\"width: 246px; height: 18px;\"><a title=\"Formato Acrobat PDF\" href=\"https:\/\/a3copiseny.com\/PDF\/plantilla-tatuajes-A7-105x74mm.pdf\" target=\"_blank\" rel=\"noopener\">Plantilla A7 (105 x 74 mm)<\/a><\/td>\n<\/tr>\n<tr style=\"height: 18px;\">\n<td style=\"width: 246px; height: 18px;\"><a title=\"Formato Acrobat PDF\" href=\"https:\/\/a3copiseny.com\/PDF\/plantilla-tatuajes-A6-148x105mm.pdf\" target=\"_blank\" rel=\"noopener\">Plantilla A6 (148 x 105 mm)<\/a><\/td>\n<\/tr>\n<tr style=\"height: 18px;\">\n<td style=\"width: 246px; height: 18px;\"><a title=\"Formato Acrobat PDF\" href=\"https:\/\/a3copiseny.com\/PDF\/plantilla-tatuajes-A5-210x148mm.pdf\" target=\"_blank\" rel=\"noopener\">Plantilla A5 (210 x 148 mm)<\/a><\/td>\n<\/tr>\n<tr style=\"height: 18px;\">\n<td style=\"width: 246px; height: 18px;\"><a title=\"Formato Acrobat PDF\" href=\"https:\/\/a3copiseny.com\/PDF\/plantilla-tatuajes-A4-297x210mm.pdf\" target=\"_blank\" rel=\"noopener\">Plantilla A4 (297 x 210 mm)<\/a><\/td>\n<\/tr>\n<\/tbody>\n<\/table>\n<table style=\"height: 72px; width: 250px; border-collapse: collapse; border-color: #006d75; border-style: none; float: left;\" border=\"5\" cellspacing=\"1\" cellpadding=\"1\">\n<tbody>\n<tr>\n<td style=\"width: 246px;\"><span style=\"color: #000000;\"><strong>Formato PSD<\/strong><\/span><\/td>\n<\/tr>\n<tr style=\"height: 18px;\">\n<td style=\"width: 246px; height: 18px;\"><a href=\"https:\/\/a3copiseny.com\/PSD\/plantilla-tatuajes-A7-105x74mm.psd\">Plantilla A7 (105 x 74 mm)<\/a><\/td>\n<\/tr>\n<tr style=\"height: 18px;\">\n<td style=\"width: 246px; height: 18px;\"><a href=\"https:\/\/a3copiseny.com\/PSD\/plantilla-tatuajes-A6-148x105mm.psd\">Plantilla A6 (148 x 105 mm)<\/a><\/td>\n<\/tr>\n<tr style=\"height: 18px;\">\n<td style=\"width: 246px; height: 18px;\"><a href=\"https:\/\/a3copiseny.com\/PSD\/plantilla-tatuajes-A5-210x148mm.psd\">Plantilla A5 (210 x 148 mm)<\/a><\/td>\n<\/tr>\n<tr style=\"height: 18px;\">\n<td style=\"width: 246px; height: 18px;\"><a href=\"https:\/\/a3copiseny.com\/PSD\/plantilla-tatuajes-A4-297x210mm.psd\">Plantilla A4 (297 x 210 mm)<\/a><\/td>\n<\/tr>\n<\/tbody>\n<\/table>\n<p>&nbsp;<\/p>\n<h4>Sigue nuestra <a href=\"https:\/\/a3copiseny.com\/tatuajes-temporales-personalizados\/\" target=\"_blank\" rel=\"noopener\"><strong>gu\u00eda para preparar tu hoja de tatuajes temporales personalizados<\/strong><\/a><\/h4>\n<p>Las zonas en color blanco de tu dise\u00f1o no se imprimir\u00e1n. Quedar\u00e1n transparentes para que se vea la piel de fondo.<br \/>\nCuando recibas tus tatuajes, podr\u00e1s recortarlos (con formas irregulares si es preciso) para luego separarlos y usarlos en diferentes sitios seg\u00fan prefieras.<\/p>\n<p>Elaboramos los tatuajes temporales con materiales de primera y mediante impresoras de alta resoluci\u00f3n. Por supuesto nuestros tatuajes son totalmente hipoalerg\u00e9nicos y at\u00f3xicos.<\/p>\n<hr \/>\n<h4>Recomendaciones para aplicar los tatuajes temporales:<\/h4>\n<ol>\n<li>Limpia y seca completamente la zona de piel donde quieras poner el tatuaje.<\/li>\n<li>Retira la protecci\u00f3n transparente.<\/li>\n<li>Pon el lado donde est\u00e1 el tatuaje contra la piel.<\/li>\n<li>Moja el tatuaje con una esponja empapada en agua presionando cuidadosamente.<\/li>\n<li>Espera 20-30 segundos sin moverlo.<\/li>\n<li>Haz deslizar el papel suavemente.<\/li>\n<li>Despu\u00e9s que el tatuaje se seque (aproximadamente 5 minutos), enjuagar suavemente con agua y jab\u00f3n para que resulte m\u00e1s realista.<\/li>\n<\/ol>\n<p>NOTA: <strong>No aplicar en pieles sensibles o cerca de los ojos<\/strong>. Para quitar el tatuaje hay que empapar el tatuaje con aceite corporal, crema o alcohol; esperar 20 segundos y despu\u00e9s frotar con un algod\u00f3n.<\/p>\n<p>Los tatuajes temporales duran alrededor de 5-10 d\u00edas, dependiendo del roce y lavados que reciban.<\/p>\n","protected":false},"excerpt":{"rendered":"<h4><strong>Personaliza tus tatuajes temporales<\/strong> a\u00f1adiendo los dise\u00f1os que quieras. <strong>Descarga la plantilla en la descripci\u00f3n<\/strong> para preparar tu hoja de tatuajes temporales personalizados.<\/h4>\n","protected":false},"featured_media":581,"comment_status":"open","ping_status":"closed","template":"","meta":{"_monsterinsights_skip_tracking":false,"_monsterinsights_sitenote_active":false,"_monsterinsights_sitenote_note":"","_monsterinsights_sitenote_category":0},"product_brand":[],"product_cat":[43],"product_tag":[77,78,205,153,206,202,74,204,203],"class_list":{"0":"post-578","1":"product","2":"type-product","3":"status-publish","4":"has-post-thumbnail","6":"product_cat-tatuajes","7":"product_tag-arte-corporal-temporal","8":"product_tag-diseno-de-tatuajes","9":"product_tag-diseno-de-tatuajes-personalizados","10":"product_tag-tatuajes-de-belleza-temporales","11":"product_tag-tatuajes-de-estilo-personalizado","12":"product_tag-tatuajes-personalizados","13":"product_tag-tatuajes-temporales","14":"product_tag-tatuajes-temporales-a-pedido","15":"product_tag-tatuajes-temporales-personalizados-a-medida","17":"first","18":"instock","19":"featured","20":"sold-individually","21":"taxable","22":"shipping-taxable","23":"purchasable","24":"product-type-simple"},"_links":{"self":[{"href":"https:\/\/a3copiseny.com\/impresxa3\/wp-json\/wp\/v2\/product\/578","targetHints":{"allow":["GET"]}}],"collection":[{"href":"https:\/\/a3copiseny.com\/impresxa3\/wp-json\/wp\/v2\/product"}],"about":[{"href":"https:\/\/a3copiseny.com\/impresxa3\/wp-json\/wp\/v2\/types\/product"}],"replies":[{"embeddable":true,"href":"https:\/\/a3copiseny.com\/impresxa3\/wp-json\/wp\/v2\/comments?post=578"}],"wp:featuredmedia":[{"embeddable":true,"href":"https:\/\/a3copiseny.com\/impresxa3\/wp-json\/wp\/v2\/media\/581"}],"wp:attachment":[{"href":"https:\/\/a3copiseny.com\/impresxa3\/wp-json\/wp\/v2\/media?parent=578"}],"wp:term":[{"taxonomy":"product_brand","embeddable":true,"href":"https:\/\/a3copiseny.com\/impresxa3\/wp-json\/wp\/v2\/product_brand?post=578"},{"taxonomy":"product_cat","embeddable":true,"href":"https:\/\/a3copiseny.com\/impresxa3\/wp-json\/wp\/v2\/product_cat?post=578"},{"taxonomy":"product_tag","embeddable":true,"href":"https:\/\/a3copiseny.com\/impresxa3\/wp-json\/wp\/v2\/product_tag?post=578"}],"curies":[{"name":"wp","href":"https:\/\/api.w.org\/{rel}","templated":true}]}}