{"id":626,"date":"2022-03-11T20:15:24","date_gmt":"2022-03-11T19:15:24","guid":{"rendered":"https:\/\/a3copiseny.com\/impresxa3\/?post_type=product&#038;p=626"},"modified":"2026-01-14T14:26:01","modified_gmt":"2026-01-14T13:26:01","slug":"etiquetas-adhesivas-personalizadas","status":"publish","type":"product","link":"https:\/\/a3copiseny.com\/impresxa3\/etiquetas-adhesivas-personalizadas\/","title":{"rendered":"Etiquetas adhesivas personalizadas"},"content":{"rendered":"<p>Nuestras etiquetas adhesivas personalizadas para colocaci\u00f3n manual son la opci\u00f3n ideal para personalizar tus productos y promocionar tu marca. Tenemos la capacidad de imprimir en una amplia variedad de materiales, tanto papel como pl\u00e1stico, lo que significa que puedes adaptar tus etiquetas a cualquier tipo de producto o evento.<\/p>\n<p>Ya sea para etiquetar botellas de vidrio, como vinos, cervezas, cavas, licores y zumos, o envases para productos alimenticios como mermeladas, legumbres, cremas y mucho m\u00e1s, nuestras etiquetas adhesivas son la soluci\u00f3n perfecta para darle un toque personal a tus productos y destacar en los estantes.<\/p>\n<p>Adem\u00e1s, nuestras etiquetas adhesivas tambi\u00e9n son ideales para personalizar productos de cosm\u00e9tica y suplementos nutricionales, precintos de garant\u00eda, envases como cajas de cart\u00f3n, madera o metal, bolsas de papel o pl\u00e1stico, se\u00f1al\u00e9tica, as\u00ed como para eventos y promociones.<\/p>\n<p>Entregamos las etiquetas autoadhesivas en rollos o en hojas sueltas seg\u00fan la cantidad, el material seleccionado y el dise\u00f1o que nos proporciones.<\/p>\n<p>Cada etiqueta cuenta con un semicorte con la forma vectorial (trazado) que nos env\u00edes, lo que facilita su extracci\u00f3n y uso.<\/p>\n<p><strong>C\u00f3mo preparar tu etiqueta:<\/strong><\/p>\n<ul>\n<li>Recomendamos utilizar el formato PDF o PSD. En una capa debes incluir la imagen de tu etiqueta y los textos trazados (convertidos a curva), y en otra capa (vectorial) debes colocar la forma con el corte. Puedes utilizar Photopea de forma gratuita y en l\u00ednea para crear el archivo PSD y exportar a PDF marcando la opci\u00f3n <strong>vectorize text<\/strong>\u25bc<\/li>\n<\/ul>\n<p><img loading=\"lazy\" decoding=\"async\" class=\"aligncenter size-full wp-image-1538\" src=\"https:\/\/a3copiseny.com\/impresxa3\/wp-content\/uploads\/2023\/11\/photopea-vectorize-text-pdf.png\" alt=\"photopea vectorize text pdf\" width=\"234\" height=\"438\" \/><\/p>\n<ul>\n<li>La resoluci\u00f3n de la imagen debe ser igual o superior a 300 ppp (puntos por pulgada) a la medida real de impresi\u00f3n.<\/li>\n<li>Al calcular tu presupuesto, inserta las medidas de anchura y altura en mil\u00edmetros, midiendo la distancia m\u00e1xima de la capa de corte (vectorial) en ambas direcciones, horizontal y vertical.<\/li>\n<li>La capa con el corte vectorial debe ser una <strong>\u00fanica forma cerrada<\/strong> y no puede contener otras formas en su interior o exterior.<\/li>\n<li>Si hay <a href=\"https:\/\/a3copiseny.com\/impresion-a-sangre-5\/\" target=\"_blank\" rel=\"noopener\"><strong>corte a sangre<\/strong><\/a>, debes dejar al menos 1,5 mm de imagen m\u00e1s all\u00e1 del corte.\u25bc<img loading=\"lazy\" decoding=\"async\" class=\"aligncenter wp-image-1561 size-full\" src=\"https:\/\/a3copiseny.com\/impresxa3\/wp-content\/uploads\/2022\/03\/etiqueta-sangre.png\" alt=\"etiqueta adhesiva con corte a sangre\" width=\"400\" height=\"445\" \/><\/li>\n<li>Los formatos de imagen JPG y PNG no admiten vectores (o trazados), por lo que deber\u00e1s crearlos por separado y guardarlos en formato PDF o SVG, y crear un archivo ZIP con ambos archivos.<\/li>\n<\/ul>\n","protected":false},"excerpt":{"rendered":"<h4><strong>\u00bfEst\u00e1s buscando una soluci\u00f3n de etiquetado adhesivo para promocionar tus productos o servicios?<\/strong> \u00a1Tenemos la soluci\u00f3n perfecta para ti!<\/h4>\n","protected":false},"featured_media":633,"comment_status":"open","ping_status":"closed","template":"","meta":{"_monsterinsights_skip_tracking":false,"_monsterinsights_sitenote_active":false,"_monsterinsights_sitenote_note":"","_monsterinsights_sitenote_category":0},"product_brand":[],"product_cat":[39,33],"product_tag":[190,189,188,195,193,191,194,192,111,196],"class_list":{"0":"post-626","1":"product","2":"type-product","3":"status-publish","4":"has-post-thumbnail","6":"product_cat-formato-personalizado","7":"product_cat-etiquetas-adhesivas","8":"product_tag-diseno-de-etiquetas","9":"product_tag-etiquetas-a-medida","10":"product_tag-etiquetas-adhesivas","11":"product_tag-etiquetas-de-marca","12":"product_tag-etiquetas-de-producto","13":"product_tag-etiquetas-impresas","14":"product_tag-etiquetas-para-envio","15":"product_tag-etiquetas-personalizables","16":"product_tag-etiquetas-personalizadas","17":"product_tag-personalizacion-de-etiquetas-adhesivas","19":"first","20":"instock","21":"sold-individually","22":"taxable","23":"shipping-taxable","24":"purchasable","25":"product-type-simple"},"_links":{"self":[{"href":"https:\/\/a3copiseny.com\/impresxa3\/wp-json\/wp\/v2\/product\/626","targetHints":{"allow":["GET"]}}],"collection":[{"href":"https:\/\/a3copiseny.com\/impresxa3\/wp-json\/wp\/v2\/product"}],"about":[{"href":"https:\/\/a3copiseny.com\/impresxa3\/wp-json\/wp\/v2\/types\/product"}],"replies":[{"embeddable":true,"href":"https:\/\/a3copiseny.com\/impresxa3\/wp-json\/wp\/v2\/comments?post=626"}],"wp:featuredmedia":[{"embeddable":true,"href":"https:\/\/a3copiseny.com\/impresxa3\/wp-json\/wp\/v2\/media\/633"}],"wp:attachment":[{"href":"https:\/\/a3copiseny.com\/impresxa3\/wp-json\/wp\/v2\/media?parent=626"}],"wp:term":[{"taxonomy":"product_brand","embeddable":true,"href":"https:\/\/a3copiseny.com\/impresxa3\/wp-json\/wp\/v2\/product_brand?post=626"},{"taxonomy":"product_cat","embeddable":true,"href":"https:\/\/a3copiseny.com\/impresxa3\/wp-json\/wp\/v2\/product_cat?post=626"},{"taxonomy":"product_tag","embeddable":true,"href":"https:\/\/a3copiseny.com\/impresxa3\/wp-json\/wp\/v2\/product_tag?post=626"}],"curies":[{"name":"wp","href":"https:\/\/api.w.org\/{rel}","templated":true}]}}