{"id":682,"date":"2022-05-04T16:36:59","date_gmt":"2022-05-04T14:36:59","guid":{"rendered":"https:\/\/a3copiseny.com\/impresxa3\/?post_type=product&#038;p=682"},"modified":"2025-06-26T21:20:08","modified_gmt":"2025-06-26T19:20:08","slug":"tatuaje-caballito-de-mar","status":"publish","type":"product","link":"https:\/\/a3copiseny.com\/impresxa3\/tatuaje-caballito-de-mar\/","title":{"rendered":"Tatuaje caballito de mar"},"content":{"rendered":"<p>\u00a1Haz una declaraci\u00f3n de moda con nuestro <strong>Tatuaje caballito de mar<\/strong>! Este juego incluye dos tatuajes temporales disponibles en color o negro, y en dos tama\u00f1os diferentes: 70mm o 100mm de altura.<\/p>\n<p>\u00bfQuieres impresionar en la playa o en un festival de m\u00fasica? Nuestros tatuajes temporales son la elecci\u00f3n perfecta para aquellos que quieren un toque de estilo y originalidad sin tener que preocuparse por las consecuencias permanentes de un tatuaje real.<\/p>\n<p>Elaboramos los tatuajes temporales con materiales de primera calidad y mediante impresoras de alta resoluci\u00f3n.<br \/>\nNuestros tatuajes temporales son seguros para la piel (hipoalerg\u00e9nicos y at\u00f3xicos) y f\u00e1ciles de aplicar.<\/p>\n<hr \/>\n<h4>Recomendaciones para aplicar los tatuajes temporales:<\/h4>\n<ol>\n<li>Limpia y seca completamente la zona de piel donde quieras poner el tatuaje.<\/li>\n<li>Retira la protecci\u00f3n transparente.<\/li>\n<li>Pon el lado donde est\u00e1 el tatuaje contra la piel.<\/li>\n<li>Moja el tatuaje con una esponja empapada en agua presionando cuidadosamente.<\/li>\n<li>Espera 20-30 segundos sin moverlo.<\/li>\n<li>Haz deslizar el papel suavemente.<\/li>\n<li>Despu\u00e9s que el tatuaje se seque (aproximadamente 5 minutos), enjuagar suavemente con agua y jab\u00f3n para que resulte m\u00e1s realista.<\/li>\n<\/ol>\n<p>NOTA: <strong>No aplicar en pieles sensibles o cerca de los ojos<\/strong>. Para quitar el tatuaje hay que empapar el tatuaje con aceite corporal, crema o alcohol; esperar 20 segundos y despu\u00e9s frotar con un algod\u00f3n.<\/p>\n<p>Los tatuajes temporales duran alrededor de 5-10 d\u00edas, dependiendo del roce y lavados que reciban.<\/p>\n","protected":false},"excerpt":{"rendered":"<p>Juego<strong> de 2 tatuajes temporales.<\/strong> Elije si los quieres en color o en negro y tienes 2 tama\u00f1os para escoger, altura de 70 o de 100 mm.<br \/>\nLas zonas blancas de las im\u00e1genes quedar\u00e1n \u00abhuecas\u00bb para que se vea la piel de fondo.<br \/>\nPrecios con el IVA incluido.<\/p>\n","protected":false},"featured_media":680,"comment_status":"open","ping_status":"closed","template":"","meta":{"_monsterinsights_skip_tracking":false,"_monsterinsights_sitenote_active":false,"_monsterinsights_sitenote_note":"","_monsterinsights_sitenote_category":0},"product_brand":[],"product_cat":[43,270],"product_tag":[142,183,141,185,182,186,187,184,147,143],"class_list":{"0":"post-682","1":"product","2":"type-product","3":"status-publish","4":"has-post-thumbnail","6":"product_cat-tatuajes","7":"product_cat-caballitos-de-mar","8":"product_tag-arte-corporal","9":"product_tag-caballito-de-mar","10":"product_tag-diseno-de-tatuaje","11":"product_tag-diseno-de-tatuaje-de-caballito-de-mar","12":"product_tag-tatuaje-caballito-de-mar","13":"product_tag-tatuaje-creativo","14":"product_tag-tatuaje-de-estilo-marino","15":"product_tag-tatuaje-maritimo","16":"product_tag-tatuaje-significativo","17":"product_tag-tatuaje-temporal","19":"first","20":"instock","21":"sale","22":"taxable","23":"shipping-taxable","24":"purchasable","25":"product-type-variable","26":"has-default-attributes"},"_links":{"self":[{"href":"https:\/\/a3copiseny.com\/impresxa3\/wp-json\/wp\/v2\/product\/682","targetHints":{"allow":["GET"]}}],"collection":[{"href":"https:\/\/a3copiseny.com\/impresxa3\/wp-json\/wp\/v2\/product"}],"about":[{"href":"https:\/\/a3copiseny.com\/impresxa3\/wp-json\/wp\/v2\/types\/product"}],"replies":[{"embeddable":true,"href":"https:\/\/a3copiseny.com\/impresxa3\/wp-json\/wp\/v2\/comments?post=682"}],"wp:featuredmedia":[{"embeddable":true,"href":"https:\/\/a3copiseny.com\/impresxa3\/wp-json\/wp\/v2\/media\/680"}],"wp:attachment":[{"href":"https:\/\/a3copiseny.com\/impresxa3\/wp-json\/wp\/v2\/media?parent=682"}],"wp:term":[{"taxonomy":"product_brand","embeddable":true,"href":"https:\/\/a3copiseny.com\/impresxa3\/wp-json\/wp\/v2\/product_brand?post=682"},{"taxonomy":"product_cat","embeddable":true,"href":"https:\/\/a3copiseny.com\/impresxa3\/wp-json\/wp\/v2\/product_cat?post=682"},{"taxonomy":"product_tag","embeddable":true,"href":"https:\/\/a3copiseny.com\/impresxa3\/wp-json\/wp\/v2\/product_tag?post=682"}],"curies":[{"name":"wp","href":"https:\/\/api.w.org\/{rel}","templated":true}]}}