{"id":738,"date":"2022-09-19T14:01:25","date_gmt":"2022-09-19T12:01:25","guid":{"rendered":"https:\/\/a3copiseny.com\/impresxa3\/?post_type=product&#038;p=738"},"modified":"2025-06-26T21:20:08","modified_gmt":"2025-06-26T19:20:08","slug":"etiqueta-cerveza-personalizada-33cl","status":"publish","type":"product","link":"https:\/\/a3copiseny.com\/impresxa3\/etiqueta-cerveza-personalizada-33cl\/","title":{"rendered":"Etiqueta cerveza personalizada"},"content":{"rendered":"<p>\u00a1Haz que tus eventos sean inolvidables con nuestras etiquetas personalizadas! Perfectas para bodas, cumplea\u00f1os, aniversarios, y cualquier celebraci\u00f3n especial, nuestras etiquetas adhesivas transformar\u00e1n tus botellas en piezas \u00fanicas y llamativas.<\/p>\n<p>Adem\u00e1s, si eres un apasionado de la cerveza artesanal, estas etiquetas tambi\u00e9n son ideales para dar un toque profesional y personal a tu producci\u00f3n casera. Haz que cada botella sea una obra de arte y el centro de atenci\u00f3n entre amigos y familiares.<\/p>\n<p>\u00bfQuieres sorprender a un amigo cervecero con un regalo personalizado? Nuestras etiquetas son la elecci\u00f3n perfecta para convertir cada botella en la estrella de cualquier evento.<\/p>\n<h2>Personalizaci\u00f3n<\/h2>\n<p>Ofrecemos plantillas vac\u00edas en formato PSD con las distintas formas de corte de la etiqueta. As\u00ed podr\u00e1s crear tu dise\u00f1o desde cero con total libertad. Descarga la plantilla, \u00e1brela en Photopea, y agrega tus propias im\u00e1genes y textos \u00fanicos. Una vez que hayas creado tu obra maestra, exporta a un archivo PDF y adj\u00fantalo a tu pedido, nosotros nos encargaremos del resto. Si no encuentras la forma que te gustar\u00eda, <strong><a href=\"https:\/\/a3copiseny.com\/impresxa3\/contacto\/\">h\u00e1znoslo saber<\/a><\/strong> y valoraremos a\u00f1adirla. <a href=\"https:\/\/a3copiseny.com\/plantillas-descargables\/#cerveza\" target=\"_blank\" rel=\"noopener\"><strong>Busca m\u00e1s dise\u00f1os en nuestra secci\u00f3n dedicada<\/strong><\/a>.<\/p>\n<p><a href=\"https:\/\/a3copiseny.com\/PSD\/cerveza\/simple-beer-71x91.psd\"><img loading=\"lazy\" decoding=\"async\" class=\"alignleft wp-image-1790 size-full\" src=\"https:\/\/a3copiseny.com\/impresxa3\/wp-content\/uploads\/2022\/09\/simple-beer.png\" alt=\"\" width=\"138\" height=\"200\" \/><\/a><a href=\"https:\/\/a3copiseny.com\/PSD\/cerveza\/portal-beer-71x91.psd\"><img loading=\"lazy\" decoding=\"async\" class=\"alignleft wp-image-1791\" src=\"https:\/\/a3copiseny.com\/impresxa3\/wp-content\/uploads\/2022\/09\/portal-beer.png\" alt=\"\" width=\"138\" height=\"200\" \/><\/a><a href=\"https:\/\/a3copiseny.com\/PSD\/cerveza\/frosty-ale-71x91.psd\"><img loading=\"lazy\" decoding=\"async\" class=\"alignleft wp-image-1792 size-full\" src=\"https:\/\/a3copiseny.com\/impresxa3\/wp-content\/uploads\/2022\/09\/frosty-ale.png\" alt=\"\" width=\"138\" height=\"200\" \/><\/a><a href=\"https:\/\/a3copiseny.com\/PSD\/cerveza\/wild-black-71x91.psd\"><img loading=\"lazy\" decoding=\"async\" class=\"alignleft wp-image-1793\" src=\"https:\/\/a3copiseny.com\/impresxa3\/wp-content\/uploads\/2022\/09\/wild-black.png\" alt=\"\" width=\"138\" height=\"200\" \/><\/a><a href=\"https:\/\/a3copiseny.com\/PSD\/cerveza\/sol-de-malta-71x96.psd\"><img loading=\"lazy\" decoding=\"async\" class=\"alignleft wp-image-1795 size-full\" src=\"https:\/\/a3copiseny.com\/impresxa3\/wp-content\/uploads\/2022\/09\/sol-de-malta.png\" alt=\"\" width=\"138\" height=\"200\" \/><\/a><a href=\"https:\/\/a3copiseny.com\/PSD\/cerveza\/weiss-wunder-71x101.psd\"><img loading=\"lazy\" decoding=\"async\" class=\"alignleft wp-image-1797\" src=\"https:\/\/a3copiseny.com\/impresxa3\/wp-content\/uploads\/2022\/09\/weiss-wunder.png\" alt=\"\" width=\"138\" height=\"200\" \/><\/a> <a href=\"https:\/\/a3copiseny.com\/PSD\/cerveza\/birra-del-drago-76x82.psd\"><img loading=\"lazy\" decoding=\"async\" class=\"alignleft wp-image-1796 size-full\" src=\"https:\/\/a3copiseny.com\/impresxa3\/wp-content\/uploads\/2022\/09\/birra-del-drago.png\" alt=\"\" width=\"147\" height=\"200\" \/><\/a> <a href=\"https:\/\/a3copiseny.com\/PSD\/cerveza\/golden-hopfen-71x101.psd\"><img loading=\"lazy\" decoding=\"async\" class=\"alignleft wp-image-1794 size-full\" src=\"https:\/\/a3copiseny.com\/impresxa3\/wp-content\/uploads\/2022\/09\/golden-hopfen.png\" alt=\"\" width=\"138\" height=\"200\" \/><\/a> <a href=\"https:\/\/a3copiseny.com\/PSD\/cerveza\/starry-blonde-71x101.psd\"><img loading=\"lazy\" decoding=\"async\" class=\"wp-image-1789 size-full alignleft\" src=\"https:\/\/a3copiseny.com\/impresxa3\/wp-content\/uploads\/2022\/09\/starry-blonde.png\" alt=\"\" width=\"138\" height=\"200\" \/><\/a><\/p>\n<p><img loading=\"lazy\" decoding=\"async\" class=\"size-full wp-image-1577 alignnone\" src=\"https:\/\/a3copiseny.com\/impresxa3\/wp-content\/uploads\/2023\/11\/photopea-exportar-como-pdf-vectorize-text.png\" alt=\"photopea exportar pdf vectorizar texto\" width=\"611\" height=\"532\" srcset=\"https:\/\/a3copiseny.com\/impresxa3\/wp-content\/uploads\/2023\/11\/photopea-exportar-como-pdf-vectorize-text.png 611w, https:\/\/a3copiseny.com\/impresxa3\/wp-content\/uploads\/2023\/11\/photopea-exportar-como-pdf-vectorize-text-512x446.png 512w, https:\/\/a3copiseny.com\/impresxa3\/wp-content\/uploads\/2023\/11\/photopea-exportar-como-pdf-vectorize-text-416x362.png 416w\" sizes=\"auto, (max-width: 611px) 100vw, 611px\" \/><\/p>\n<h4><strong>Haz que tus botellas de cerveza sean tan \u00fanicas como t\u00fa.<\/strong><\/h4>\n<p>Si tienes cualquier duda, por favor <a href=\"https:\/\/a3copiseny.com\/impresxa3\/contacto\/\" target=\"_blank\" rel=\"noopener\">contacta con nosotros<\/a>. Para aprender m\u00e1s sobre Photopea , visita nuestro <strong><a title=\"Aprende Photopea\" href=\"https:\/\/a3copiseny.com\/aprende-photopea\/\" target=\"_blank\" rel=\"noopener\">video blog<\/a><\/strong>.<\/p>\n<hr \/>\n<h4><strong>Sobre los Materiales<\/strong><\/h4>\n<p><strong>Adhesivo Satinado 80gr:<\/strong><\/p>\n<ul>\n<li>Es el material m\u00e1s econ\u00f3mico.<\/li>\n<li>Se deteriora tras el uso, especialmente al enfriar y consumir la cerveza.<\/li>\n<li>Recomendado para un solo uso. No es adecuado si deseas que la etiqueta se mantenga intacta en la botella como recuerdo.<\/li>\n<\/ul>\n<p><strong>Adhesivo Cottage Premium White 90gr:<\/strong><\/p>\n<ul>\n<li>Ofrece un tacto semi rugoso agradable, similar al de las l\u00e1minas para acuarela (uso muy com\u00fan en botellas de vino).<\/li>\n<li>Mayor durabilidad en comparaci\u00f3n con el papel satinado.<\/li>\n<\/ul>\n<p><strong>Adhesivo Polipropileno Brillo:<\/strong><\/p>\n<ul>\n<li>Presenta un acabado nacarado.<\/li>\n<li>Ofrece la mejor durabilidad entre las opciones disponibles.<\/li>\n<\/ul>\n<h4><strong>Caracter\u00edsticas t\u00e9cnicas:<\/strong><\/h4>\n<ul>\n<li>Las etiquetas se entregan en rollo u hojas de hasta 330 x 700 mm, en funci\u00f3n de la cantidad solicitada.<\/li>\n<li>Cada etiqueta va cortada mediante semicorte al que hemos retirado la malla de material adhesivo residual para una f\u00e1cil manipulaci\u00f3n.<\/li>\n<li>Impresi\u00f3n digital de alta resoluci\u00f3n.<\/li>\n<\/ul>\n<h4><strong>\u00bfPor qu\u00e9 elegir nuestras etiquetas adhesivas?<\/strong><\/h4>\n<ul>\n<li>Etiquetas adhesivas personalizables desde una unidad. No gastes ni contamines de m\u00e1s, elige la cantidad exacta que necesitas.<\/li>\n<li>Ofrecemos etiquetas con dise\u00f1os \u00fanicos que no vas a encontrar en otro lugar.<\/li>\n<li>Alta calidad de impresi\u00f3n sobre materiales duraderos y resistentes.<\/li>\n<li>Corte de alta precisi\u00f3n mediante plotter, que, a diferencia del corte l\u00e1ser, evita el amarilleo de los bordes del soporte.<\/li>\n<li>Tratas directamente con los dise\u00f1adores \/ impresores.<\/li>\n<li>Precios competitivos y sin cantidad m\u00ednima de compra.<\/li>\n<li>Descuento por cantidad en pasos de 1.<\/li>\n<li>Env\u00edo r\u00e1pido y seguro a cualquier parte de la pen\u00ednsula (Espa\u00f1a).<\/li>\n<li>Normalmente tus etiquetas personalizadas ser\u00e1n enviadas en un plazo de 2 a 4 d\u00edas.<\/li>\n<\/ul>\n<hr \/>\n<h4><strong>Consideraciones para la colocaci\u00f3n de etiquetas:<\/strong><\/h4>\n<ol>\n<li style=\"font-weight: 400;\" aria-level=\"1\"><strong>Las etiquetas deben doblarse s\u00f3lo en una direcci\u00f3n<\/strong> siguiendo la forma cil\u00edndrica de la botella. Aseg\u00farate de que la etiqueta no se doble en la parte superior (donde la botella comienza a estrecharse), ya que esto podr\u00eda causar arrugas.<\/li>\n<li style=\"font-weight: 400;\" aria-level=\"1\"><span style=\"font-weight: 400;\">Utilizamos un adhesivo muy resistente dise\u00f1ado para soportar condiciones de enfriamiento y humedad en las botellas. Sin embargo, <strong>toma las siguientes precauciones para garantizar la m\u00e1xima adherencia<\/strong>:<\/span>\n<ul>\n<li style=\"font-weight: 400;\" aria-level=\"2\">Aseg\u00farate de que la botella est\u00e9 completamente limpia de polvo, suciedad y, sobre todo, grasa. Si es necesario, limpia la superficie con un pa\u00f1o humedecido en alcohol y espera a que seque.<\/li>\n<li style=\"font-weight: 400;\" aria-level=\"2\">Manipula las etiquetas con las manos reci\u00e9n lavadas o, incluso, considera usar guantes nuevos de l\u00e1tex o nitrilo para evitar cualquier transferencia de grasa.<\/li>\n<li aria-level=\"2\">Se recomienda comenzar a pegar la etiqueta desde el centro y luego avanzar hacia los bordes gradualmente.<\/li>\n<\/ul>\n<\/li>\n<li>La m\u00e1xima adherencia se logra despu\u00e9s de transcurridas 48 horas desde la colocaci\u00f3n de la etiqueta.<\/li>\n<\/ol>\n","protected":false},"excerpt":{"rendered":"<h4><span style=\"font-weight: 400;\">\u00a1Personaliza tus cervezas caseras o re-etiqueta botellas comerciales para hacer \u00fanicos tus eventos y celebraciones!<\/span><\/h4>\n<p><strong>Descarga una plantilla en la descripci\u00f3n.<\/strong><\/p>\n","protected":false},"featured_media":1962,"comment_status":"open","ping_status":"closed","template":"","meta":{"_monsterinsights_skip_tracking":false,"_monsterinsights_sitenote_active":false,"_monsterinsights_sitenote_note":"","_monsterinsights_sitenote_category":0},"product_brand":[],"product_cat":[33,40],"product_tag":[168,172,95,173,169,175,170,174,94,171],"class_list":{"0":"post-738","1":"product","2":"type-product","3":"status-publish","4":"has-post-thumbnail","6":"product_cat-etiquetas-adhesivas","7":"product_cat-formato-estandar","8":"product_tag-cerveza-artesanal","9":"product_tag-cerveza-personalizada","10":"product_tag-diseno-de-etiqueta","11":"product_tag-etiqueta-de-botella","12":"product_tag-etiqueta-de-cerveza","13":"product_tag-etiqueta-de-cerveza-a-medida","14":"product_tag-etiqueta-de-cerveza-artesanal","15":"product_tag-etiqueta-de-cerveza-artesanal-personalizada","16":"product_tag-etiqueta-personalizada","17":"product_tag-personalizacion-de-etiquetas","19":"first","20":"instock","21":"sold-individually","22":"taxable","23":"shipping-taxable","24":"purchasable","25":"product-type-simple"},"_links":{"self":[{"href":"https:\/\/a3copiseny.com\/impresxa3\/wp-json\/wp\/v2\/product\/738","targetHints":{"allow":["GET"]}}],"collection":[{"href":"https:\/\/a3copiseny.com\/impresxa3\/wp-json\/wp\/v2\/product"}],"about":[{"href":"https:\/\/a3copiseny.com\/impresxa3\/wp-json\/wp\/v2\/types\/product"}],"replies":[{"embeddable":true,"href":"https:\/\/a3copiseny.com\/impresxa3\/wp-json\/wp\/v2\/comments?post=738"}],"wp:featuredmedia":[{"embeddable":true,"href":"https:\/\/a3copiseny.com\/impresxa3\/wp-json\/wp\/v2\/media\/1962"}],"wp:attachment":[{"href":"https:\/\/a3copiseny.com\/impresxa3\/wp-json\/wp\/v2\/media?parent=738"}],"wp:term":[{"taxonomy":"product_brand","embeddable":true,"href":"https:\/\/a3copiseny.com\/impresxa3\/wp-json\/wp\/v2\/product_brand?post=738"},{"taxonomy":"product_cat","embeddable":true,"href":"https:\/\/a3copiseny.com\/impresxa3\/wp-json\/wp\/v2\/product_cat?post=738"},{"taxonomy":"product_tag","embeddable":true,"href":"https:\/\/a3copiseny.com\/impresxa3\/wp-json\/wp\/v2\/product_tag?post=738"}],"curies":[{"name":"wp","href":"https:\/\/api.w.org\/{rel}","templated":true}]}}