{"id":862,"date":"2022-10-17T19:28:13","date_gmt":"2022-10-17T17:28:13","guid":{"rendered":"https:\/\/a3copiseny.com\/impresxa3\/?post_type=product&#038;p=862"},"modified":"2025-06-26T21:20:08","modified_gmt":"2025-06-26T19:20:08","slug":"juego-tatuajes-de-rosas","status":"publish","type":"product","link":"https:\/\/a3copiseny.com\/impresxa3\/juego-tatuajes-de-rosas\/","title":{"rendered":"Juego tatuajes de rosas"},"content":{"rendered":"<p>Cada Juego tatuajes de rosas est\u00e1 elaborado con tinta negra y texturas grises que crean un efecto de grabado en la piel. El resultado es impresionante: rosas delicadas y detalladas que parecen haber sido esculpidas en tu piel. Estos tatuajes temporales son f\u00e1ciles de aplicar y de quitar. Simplemente retira la pel\u00edcula protectora, coloca el tatuaje en la piel y humedece con agua. En cuesti\u00f3n de segundos, tendr\u00e1s una hermosa rosa en tu piel.<\/p>\n<p>Nuestros tatuajes temporales son ideales para aquellos que quieren experimentar con el arte del tatuaje sin el compromiso permanente. Son perfectos para ocasiones especiales, como bodas, fiestas y festivales, o para aquellos que simplemente quieren cambiar su aspecto por un d\u00eda.<\/p>\n<p>\u00a1Personaliza tu experiencia de tatuajes temporales con nuestras medidas disponibles! Elige entre nuestras opciones de 67mm, 96mm o 138mm y recibe una hoja con 2, 4 u 8 tatuajes temporales, \u00a1perfectos para compartir o para usar en diferentes ocasiones!<\/p>\n<hr \/>\n<h3>Medidas disponibles:<\/h3>\n<ul>\n<li>\u00bfQuieres un dise\u00f1o m\u00e1s grande y llamativo? \u00a1Entonces <strong>la medida de 138 mm<\/strong> es para ti! <strong>Cada hoja incluir\u00e1 2 tatuajes temporales<\/strong> para que puedas crear un dise\u00f1o m\u00e1s detallado y lleno de estilo.<\/li>\n<li>Y si est\u00e1s buscando algo intermedio, <strong>la medida de 96 mm<\/strong> es ideal para ti. <strong>Cada hoja incluir\u00e1 4 tatuajes temporales<\/strong> para que puedas lucir un dise\u00f1o m\u00e1s completo en el brazo, la pierna o la espalda.<\/li>\n<li>\u00bfPrefieres algo m\u00e1s sutil y delicado? <strong>La medida de 67 mm<\/strong> es perfecta para ti. <strong>Cada hoja incluir\u00e1 8 tatuajes temporales<\/strong> que se adaptan perfectamente a las mu\u00f1ecas, tobillos o detr\u00e1s de las orejas para un toque de estilo m\u00e1s discreto.<\/li>\n<li>\u00bfNo encuentras la medida perfecta para ti? No te preocupes, estamos para ayudarte. Ponte en <strong><a href=\"https:\/\/a3copiseny.com\/impresxa3\/contacto\/\" target=\"_blank\" rel=\"noopener\">contacto con nosotros<\/a><\/strong> para solicitar una medida personalizada.<\/li>\n<\/ul>\n<p>Cada tatuaje temporal tiene un dise\u00f1o original de dos rosas estilizadas, con texturas grises y efecto de grabado en la piel. Son f\u00e1ciles de aplicar y de quitar, por lo que puedes experimentar con diferentes dise\u00f1os y estilos sin compromiso permanente.<\/p>\n<p>No esperes m\u00e1s para personalizar tu experiencia de tatuajes temporales con nuestras medidas disponibles. \u00a1A\u00f1ade una unidad al carrito y recibe una hoja con 2, 4 u 8 tatuajes temporales que puedes recortar y aplicar donde quieras!<\/p>\n<p>Las zonas blancas quedar\u00e1n \u00abhuecas\u00bb para que se vea la piel de fondo.<\/p>\n<h4>Recomendaciones para aplicar los tatuajes temporales:<\/h4>\n<ol>\n<li>Limpia y seca completamente la zona de piel donde quieras poner el tatuaje.<\/li>\n<li>Retira la protecci\u00f3n transparente.<\/li>\n<li>Pon el lado donde est\u00e1 el tatuaje contra la piel.<\/li>\n<li>Moja el tatuaje con una esponja empapada en agua presionando cuidadosamente.<\/li>\n<li>Espera 20-30 segundos sin moverlo.<\/li>\n<li>Haz deslizar el papel suavemente.<\/li>\n<li>Despu\u00e9s que el tatuaje se seque (aproximadamente 5 minutos), enjuagar suavemente con agua y jab\u00f3n para que resulte m\u00e1s realista.<\/li>\n<\/ol>\n<p>Elaboramos los tatuajes temporales con materiales de primera calidad y mediante impresoras de alta resoluci\u00f3n.<br \/>\nPor supuesto nuestros tatuajes son totalmente hipoalerg\u00e9nicos y at\u00f3xicos.<\/p>\n<p>NOTA: <strong>No aplicar en pieles sensibles o cerca de los ojos<\/strong>. Para quitar el tatuaje hay que empapar el tatuaje con aceite corporal, crema o alcohol; esperar 20 segundos y despu\u00e9s frotar con un algod\u00f3n.<\/p>\n<p>Los tatuajes temporales duran alrededor de 5-10 d\u00edas, dependiendo del roce y lavados que reciban.<\/p>\n","protected":false},"excerpt":{"rendered":"<h3><strong>\u00a1Siente la belleza de las rosas en tu piel con nuestro juego tatuajes de rosas!<\/strong> Con un dise\u00f1o original de dos rosas estilizadas, es perfecto para quienes buscan agregar un toque art\u00edstico a su aspecto.<\/h3>\n","protected":false},"featured_media":872,"comment_status":"open","ping_status":"closed","template":"","meta":{"_monsterinsights_skip_tracking":false,"_monsterinsights_sitenote_active":false,"_monsterinsights_sitenote_note":"","_monsterinsights_sitenote_category":0},"product_brand":[],"product_cat":[43],"product_tag":[],"class_list":{"0":"post-862","1":"product","2":"type-product","3":"status-publish","4":"has-post-thumbnail","6":"product_cat-tatuajes","8":"first","9":"instock","10":"taxable","11":"shipping-taxable","12":"purchasable","13":"product-type-variable"},"_links":{"self":[{"href":"https:\/\/a3copiseny.com\/impresxa3\/wp-json\/wp\/v2\/product\/862","targetHints":{"allow":["GET"]}}],"collection":[{"href":"https:\/\/a3copiseny.com\/impresxa3\/wp-json\/wp\/v2\/product"}],"about":[{"href":"https:\/\/a3copiseny.com\/impresxa3\/wp-json\/wp\/v2\/types\/product"}],"replies":[{"embeddable":true,"href":"https:\/\/a3copiseny.com\/impresxa3\/wp-json\/wp\/v2\/comments?post=862"}],"wp:featuredmedia":[{"embeddable":true,"href":"https:\/\/a3copiseny.com\/impresxa3\/wp-json\/wp\/v2\/media\/872"}],"wp:attachment":[{"href":"https:\/\/a3copiseny.com\/impresxa3\/wp-json\/wp\/v2\/media?parent=862"}],"wp:term":[{"taxonomy":"product_brand","embeddable":true,"href":"https:\/\/a3copiseny.com\/impresxa3\/wp-json\/wp\/v2\/product_brand?post=862"},{"taxonomy":"product_cat","embeddable":true,"href":"https:\/\/a3copiseny.com\/impresxa3\/wp-json\/wp\/v2\/product_cat?post=862"},{"taxonomy":"product_tag","embeddable":true,"href":"https:\/\/a3copiseny.com\/impresxa3\/wp-json\/wp\/v2\/product_tag?post=862"}],"curies":[{"name":"wp","href":"https:\/\/api.w.org\/{rel}","templated":true}]}}