{"id":883,"date":"2022-10-21T17:49:40","date_gmt":"2022-10-21T15:49:40","guid":{"rendered":"https:\/\/a3copiseny.com\/impresxa3\/?post_type=product&#038;p=883"},"modified":"2025-10-17T10:08:17","modified_gmt":"2025-10-17T08:08:17","slug":"calendario-planificador-mensual-vertical","status":"publish","type":"product","link":"https:\/\/a3copiseny.com\/impresxa3\/calendario-planificador-mensual-vertical\/","title":{"rendered":"Calendario planificador mensual vertical 2026"},"content":{"rendered":"<p>\u00bfBuscas un calendario que te ayude a mantener tus objetivos y tareas mensuales organizadas de manera clara y eficiente? Entonces, nuestro calendario planificador mensual vertical es perfecto para ti.<\/p>\n<p>Con un dise\u00f1o limpio y ordenado, sus dimensiones (420 x 148 mm) ofrecen el <strong>espacio adecuado para que puedas anotar tus citas y tareas importantes de manera secuencial<\/strong>. Ya sea en la oficina, en casa o en cualquier otro lugar, nuestro calendario planificador mensual vertical <strong>te ayudar\u00e1 a mantenerte organizado y enfocado en tus metas<\/strong>.<\/p>\n<hr \/>\n<p>Adem\u00e1s, opcionalmente puedes agregar una portada personalizada como primera p\u00e1gina. De esta forma obtendr\u00e1s un calendario \u00fanico que muestre tu estilo, o quiz\u00e1 prefieras personalizar un dise\u00f1o enfocado a convertir este calendario en el regalo perfecto para personas y ocasiones muy especiales.<\/p>\n<h4>Para personalizar tu portada, <a href=\"https:\/\/a3copiseny.com\/PSD\/plantilla-portada-calendario-largo.psd\" target=\"_blank\" rel=\"noopener\"><strong>descarga la plantilla<\/strong><\/a> y ed\u00edtala en <a href=\"https:\/\/www.photopea.com\/\" target=\"_blank\" rel=\"nofollow noopener\">photopea<\/a>.<\/h4>\n<p>En el v\u00eddeo siguiente, te guiaremos a trav\u00e9s de los pasos b\u00e1sicos para dise\u00f1ar tu portada. Observar\u00e1s que en el ejemplo editamos la plantilla del <a href=\"https:\/\/a3copiseny.com\/impresxa3\/calendario-de-pared\/\" target=\"_blank\" rel=\"noopener\"><strong>Calendario de pared<\/strong><\/a> horizontal; sin embargo, el procedimiento para el Calendario planificador mensual vertical es exactamente el mismo.<\/p>\n<p><iframe loading=\"lazy\" title=\"C\u00f3mo personalizar la portada de tu CALENDARIO con Photopea \ud83d\udcc6\u2728F\u00e1cil y R\u00e1pido\" width=\"600\" height=\"450\" src=\"https:\/\/www.youtube.com\/embed\/qX0Ns1-xgU0?feature=oembed\" frameborder=\"0\" allow=\"accelerometer; autoplay; clipboard-write; encrypted-media; gyroscope; picture-in-picture; web-share\" referrerpolicy=\"strict-origin-when-cross-origin\" allowfullscreen><\/iframe><\/p>\n<p>Como mostramos en el v\u00eddeo, si a\u00f1ades una imagen que cubra toda o parte de la portada, comprueba que alcance las gu\u00edas situadas en los bordes de la plantilla, para que una vez impreso, podamos <strong><a href=\"https:\/\/a3copiseny.com\/impresion-a-sangre-5\/\" target=\"_blank\" rel=\"noopener\">cortar a sangre<\/a><\/strong>. Si quieres, puedes visualizar este <strong><a href=\"https:\/\/a3copiseny.com\/PDF\/plantilla-portada-calendario-largo.pdf\">boceto en formato PDF<\/a><\/strong> para que entiendas mejor el margen de corte que es necesario dejar por cada lado (2mm). Ver\u00e1s tambi\u00e9n que en la parte superior hemos simulado el troquelado para la encuadernaci\u00f3n. As\u00ed que <strong>tenlo en cuenta para no ubicar all\u00ed nada relevante<\/strong>\u00a0que pueda quedar recortado.<\/p>\n<h4><strong>Caracter\u00edsticas del Calendario planificador mensual vertical:<\/strong><\/h4>\n<ul>\n<li>N\u00fameros de cada semana.<\/li>\n<li>Filete separador semanal.<\/li>\n<li>Mes actual en formato vertical con espacio diario para anotaciones.<\/li>\n<li>Meses anterior y siguiente en la zona superior.<\/li>\n<li>Cambios de estaci\u00f3n.<\/li>\n<li>Cambio horario de verano y de invierno.<\/li>\n<li>Formato vertical 420 x 148,5 mm.<\/li>\n<li>Encuadernado mediante doble espiral met\u00e1lica (wire-o) + colgador pasante de mayor di\u00e1metro muy resistente, hojas troqueladas con media luna para poder pasar los meses como en un cuaderno.<\/li>\n<li>12 hojas impresas a color a una cara sobre papel offset de 100gr. Excelente para escribir con l\u00e1piz, bol\u00edgrafo o rotulador.<\/li>\n<li>La portada, en caso de solicitarla, la imprimimos en color sobre papel estucado mate de 225gr.<\/li>\n<\/ul>\n<h4><strong>\u00bfPor qu\u00e9 elegir nuestros Calendarios?<\/strong><\/h4>\n<ul>\n<li>Tratas directamente con los dise\u00f1adores \/ impresores.<\/li>\n<li>Precios competitivos y sin cantidad m\u00ednima de compra.<\/li>\n<li>Descuento por cantidad en pasos de 1.<\/li>\n<li>Env\u00edo r\u00e1pido y seguro a cualquier parte de la pen\u00ednsula (Espa\u00f1a).<\/li>\n<li>Normalmente tus calendarios ser\u00e1n enviados en un plazo de 2 a 3 d\u00edas.<\/li>\n<\/ul>\n<h4><strong>D\u00edas festivos para Espa\u00f1a y Catalunya 2026<\/strong><\/h4>\n<p style=\"padding-left: 40px;\"><strong><span style=\"text-decoration: underline;\">Festivos en Espa\u00f1a:<\/span><br \/>\n<\/strong>1 de enero: A\u00f1o Nuevo<br \/>\n6 de enero: D\u00eda de Reyes<br \/>\n3 de abril: Viernes Santo<br \/>\n1 de mayo: Fiesta del trabajo<br \/>\n15 de agosto: Asunci\u00f3n de Nuestra Se\u00f1ora<br \/>\n12 de octubre: Fiesta de la Hispanidad<br \/>\n1 de noviembre: D\u00eda de Todos los Santos<br \/>\n6 de diciembre: D\u00eda de la Constituci\u00f3n Espa\u00f1ola<br \/>\n8 de diciembre: Inmaculada Concepci\u00f3n<br \/>\n25 de diciembre: Navidad<\/p>\n<p style=\"padding-left: 40px;\"><strong><span style=\"text-decoration: underline;\">Festivos en Catalunya (a\u00f1adiendo a los anteriores):<\/span><br \/>\n<\/strong>6 d\u2019abril: Dilluns de Pasqua<br \/>\n24 de juny: Sant Joan<br \/>\n11 de setembre: Diada de Catalunya<br \/>\n26 de desembre: Sant Esteve<\/p>\n","protected":false},"excerpt":{"rendered":"<h4>Simplifica tu planificaci\u00f3n mensual para anotar citas y tareas.<\/h4>\n","protected":false},"featured_media":2441,"comment_status":"open","ping_status":"closed","template":"","meta":{"_monsterinsights_skip_tracking":false,"_monsterinsights_sitenote_active":false,"_monsterinsights_sitenote_note":"","_monsterinsights_sitenote_category":0},"product_brand":[],"product_cat":[21],"product_tag":[63,161,164,127,166,163,167,165,122,162],"class_list":{"0":"post-883","1":"product","2":"type-product","3":"status-publish","4":"has-post-thumbnail","6":"product_cat-calendarios-y-agendas","7":"product_tag-calendario-de-planificacion","8":"product_tag-calendario-mensual","9":"product_tag-diseno-vertical","10":"product_tag-herramienta-de-productividad","11":"product_tag-organizacion-mensual","12":"product_tag-organizador-mensual","13":"product_tag-planificacion-de-mes","14":"product_tag-planificador-de-actividades-mensual","15":"product_tag-planificador-de-tiempo","16":"product_tag-planificador-vertical","18":"first","19":"instock","20":"sold-individually","21":"taxable","22":"shipping-taxable","23":"purchasable","24":"product-type-simple"},"_links":{"self":[{"href":"https:\/\/a3copiseny.com\/impresxa3\/wp-json\/wp\/v2\/product\/883","targetHints":{"allow":["GET"]}}],"collection":[{"href":"https:\/\/a3copiseny.com\/impresxa3\/wp-json\/wp\/v2\/product"}],"about":[{"href":"https:\/\/a3copiseny.com\/impresxa3\/wp-json\/wp\/v2\/types\/product"}],"replies":[{"embeddable":true,"href":"https:\/\/a3copiseny.com\/impresxa3\/wp-json\/wp\/v2\/comments?post=883"}],"wp:featuredmedia":[{"embeddable":true,"href":"https:\/\/a3copiseny.com\/impresxa3\/wp-json\/wp\/v2\/media\/2441"}],"wp:attachment":[{"href":"https:\/\/a3copiseny.com\/impresxa3\/wp-json\/wp\/v2\/media?parent=883"}],"wp:term":[{"taxonomy":"product_brand","embeddable":true,"href":"https:\/\/a3copiseny.com\/impresxa3\/wp-json\/wp\/v2\/product_brand?post=883"},{"taxonomy":"product_cat","embeddable":true,"href":"https:\/\/a3copiseny.com\/impresxa3\/wp-json\/wp\/v2\/product_cat?post=883"},{"taxonomy":"product_tag","embeddable":true,"href":"https:\/\/a3copiseny.com\/impresxa3\/wp-json\/wp\/v2\/product_tag?post=883"}],"curies":[{"name":"wp","href":"https:\/\/api.w.org\/{rel}","templated":true}]}}