{"id":939,"date":"2023-03-25T14:19:05","date_gmt":"2023-03-25T13:19:05","guid":{"rendered":"https:\/\/a3copiseny.com\/impresxa3\/?post_type=product&#038;p=939"},"modified":"2025-06-26T21:20:08","modified_gmt":"2025-06-26T19:20:08","slug":"tatuaje-duelo-de-dragones","status":"publish","type":"product","link":"https:\/\/a3copiseny.com\/impresxa3\/tatuaje-duelo-de-dragones\/","title":{"rendered":"Duelo de Dragones"},"content":{"rendered":"<p>Disponible en cuatro tonalidades vibrantes para que puedas personalizarlo a tu gusto: negro, turquesa, rojo y p\u00farpura. Y\u00a0dos tama\u00f1os disponibles, para que puedas elegir la opci\u00f3n que mejor se adapte a tus necesidades: <strong>4 tatuajes de 85mm<\/strong> o <strong>2 tatuajes de 121mm<\/strong>.<\/p>\n<p>\u00bfNo encuentras la medida perfecta para ti? No te preocupes, estamos para ayudarte. Ponte en <strong><a href=\"https:\/\/a3copiseny.com\/impresxa3\/contacto\/\" target=\"_blank\" rel=\"noopener\">contacto con nosotros<\/a><\/strong> para solicitar una medida personalizada.<\/p>\n<p>Hecho con materiales de alta calidad, este tatuaje es resistente al agua y duradero, lo que te permitir\u00e1 lucir tu obra de arte durante varios d\u00edas. Haz una declaraci\u00f3n audaz y valiente con nuestro tatuaje<strong>\u00a0Duelo de Dragones<\/strong>. \u00a1Obt\u00e9n el tuyo hoy y desata tu esp\u00edritu guerrero!<\/p>\n<p>Nuestros tatuajes temporales son ideales para quienes quieran experimentar con el arte del tatuaje sin el compromiso permanente, adem\u00e1s del d\u00eda a d\u00eda son perfectos para lucir en ocasiones especiales, como bodas, fiestas o festivales.<\/p>\n<p>Las zonas blancas quedar\u00e1n \u00abhuecas\u00bb para que se vea la piel de fondo.<\/p>\n<hr \/>\n<h4>Recomendaciones para aplicar los tatuajes temporales:<\/h4>\n<ol>\n<li>Limpia y seca completamente la zona de piel donde quieras poner el tatuaje.<\/li>\n<li>Retira la protecci\u00f3n transparente.<\/li>\n<li>Pon el lado donde est\u00e1 el tatuaje contra la piel.<\/li>\n<li>Moja el tatuaje con una esponja empapada en agua presionando cuidadosamente.<\/li>\n<li>Espera 20-30 segundos sin moverlo.<\/li>\n<li>Haz deslizar el papel suavemente.<\/li>\n<li>Despu\u00e9s que el tatuaje se seque (aproximadamente 5 minutos), enjuagar suavemente con agua y jab\u00f3n para que resulte m\u00e1s realista.<\/li>\n<\/ol>\n<p>Elaboramos los tatuajes temporales con materiales de primera calidad y mediante impresoras de alta resoluci\u00f3n.<br \/>\nPor supuesto nuestros tatuajes son totalmente hipoalerg\u00e9nicos y at\u00f3xicos.<\/p>\n<p>NOTA: <strong>No aplicar en pieles sensibles o cerca de los ojos<\/strong>. Para quitar el tatuaje hay que empapar el tatuaje con aceite corporal, crema o alcohol; esperar 20 segundos y despu\u00e9s frotar con un algod\u00f3n.<\/p>\n<p>Los tatuajes temporales duran alrededor de 5-10 d\u00edas, dependiendo del roce y lavados que reciban.<\/p>\n","protected":false},"excerpt":{"rendered":"<h3>\u00a1Expresa tu esp\u00edritu guerrero con nuestro tatuaje Duelo de Dragones! Este tatuaje impresionante cuenta con dos dragones en simetr\u00eda enfrentados en una batalla \u00e9pica.<\/h3>\n","protected":false},"featured_media":974,"comment_status":"open","ping_status":"closed","template":"","meta":{"_monsterinsights_skip_tracking":false,"_monsterinsights_sitenote_active":false,"_monsterinsights_sitenote_note":"","_monsterinsights_sitenote_category":0},"product_brand":[],"product_cat":[43],"product_tag":[142,200,141,199,186,197,198,201,147,143],"class_list":{"0":"post-939","1":"product","2":"type-product","3":"status-publish","4":"has-post-thumbnail","6":"product_cat-tatuajes","7":"product_tag-arte-corporal","8":"product_tag-diseno-de-dragones","9":"product_tag-diseno-de-tatuaje","10":"product_tag-dragones-en-tatuaje","11":"product_tag-tatuaje-creativo","12":"product_tag-tatuaje-de-dragones","13":"product_tag-tatuaje-de-duelo","14":"product_tag-tatuaje-fantastico","15":"product_tag-tatuaje-significativo","16":"product_tag-tatuaje-temporal","18":"first","19":"instock","20":"taxable","21":"shipping-taxable","22":"purchasable","23":"product-type-variable","24":"has-default-attributes"},"_links":{"self":[{"href":"https:\/\/a3copiseny.com\/impresxa3\/wp-json\/wp\/v2\/product\/939","targetHints":{"allow":["GET"]}}],"collection":[{"href":"https:\/\/a3copiseny.com\/impresxa3\/wp-json\/wp\/v2\/product"}],"about":[{"href":"https:\/\/a3copiseny.com\/impresxa3\/wp-json\/wp\/v2\/types\/product"}],"replies":[{"embeddable":true,"href":"https:\/\/a3copiseny.com\/impresxa3\/wp-json\/wp\/v2\/comments?post=939"}],"wp:featuredmedia":[{"embeddable":true,"href":"https:\/\/a3copiseny.com\/impresxa3\/wp-json\/wp\/v2\/media\/974"}],"wp:attachment":[{"href":"https:\/\/a3copiseny.com\/impresxa3\/wp-json\/wp\/v2\/media?parent=939"}],"wp:term":[{"taxonomy":"product_brand","embeddable":true,"href":"https:\/\/a3copiseny.com\/impresxa3\/wp-json\/wp\/v2\/product_brand?post=939"},{"taxonomy":"product_cat","embeddable":true,"href":"https:\/\/a3copiseny.com\/impresxa3\/wp-json\/wp\/v2\/product_cat?post=939"},{"taxonomy":"product_tag","embeddable":true,"href":"https:\/\/a3copiseny.com\/impresxa3\/wp-json\/wp\/v2\/product_tag?post=939"}],"curies":[{"name":"wp","href":"https:\/\/api.w.org\/{rel}","templated":true}]}}