{"id":958,"date":"2023-03-26T22:02:21","date_gmt":"2023-03-26T20:02:21","guid":{"rendered":"https:\/\/a3copiseny.com\/impresxa3\/?post_type=product&#038;p=958"},"modified":"2025-06-26T21:20:08","modified_gmt":"2025-06-26T19:20:08","slug":"jardin-sin-fin","status":"publish","type":"product","link":"https:\/\/a3copiseny.com\/impresxa3\/jardin-sin-fin\/","title":{"rendered":"Jard\u00edn sin Fin"},"content":{"rendered":"<p>Dise\u00f1ado con el s\u00edmbolo de infinito y adornado con detalles florales, Jard\u00edn sin Fin es la combinaci\u00f3n perfecta entre belleza y significado. Cada vez que lo mires, recordar\u00e1s que la belleza de las flores es eterna y que siempre hay algo m\u00e1s all\u00e1 de lo que podemos ver.<\/p>\n<p>Disponible en dos tama\u00f1os distintos, 69mm y 98mm, podr\u00e1s elegir la medida que mejor se adapte a tus necesidades. Adem\u00e1s, su aplicaci\u00f3n es muy f\u00e1cil: solo tienes que recortar los tatuajes individuales y aplicarlos donde quieras.<\/p>\n<p>No te conformes con un tatuaje temporal cualquiera. Elige la belleza eterna de nuestro \u00abJard\u00edn sin Fin\u00bb y lleva contigo la magia de las flores all\u00e1 donde vayas. A\u00f1\u00e1delo a tu carrito ahora mismo y disfruta de la sensaci\u00f3n de tener un jard\u00edn eterno en tu piel.<\/p>\n<p>\u00bfNo encuentras la medida perfecta para ti? No te preocupes, estamos para ayudarte. Ponte en <strong><a href=\"https:\/\/a3copiseny.com\/impresxa3\/contacto\/\" target=\"_blank\" rel=\"noopener\">contacto con nosotros<\/a><\/strong> para solicitar una medida personalizada.<\/p>\n<p>Las zonas blancas quedar\u00e1n \u00abhuecas\u00bb para que se vea la piel de fondo.<\/p>\n<hr \/>\n<h4>Recomendaciones para aplicar los tatuajes temporales:<\/h4>\n<ol>\n<li>Limpia y seca completamente la zona de piel donde quieras poner el tatuaje.<\/li>\n<li>Retira la protecci\u00f3n transparente.<\/li>\n<li>Pon el lado donde est\u00e1 el tatuaje contra la piel.<\/li>\n<li>Moja el tatuaje con una esponja empapada en agua presionando cuidadosamente.<\/li>\n<li>Espera 20-30 segundos sin moverlo.<\/li>\n<li>Haz deslizar el papel suavemente.<\/li>\n<li>Despu\u00e9s que el tatuaje se seque (aproximadamente 5 minutos), enjuagar suavemente con agua y jab\u00f3n para que resulte m\u00e1s realista.<\/li>\n<\/ol>\n<p>Elaboramos los tatuajes temporales con materiales de primera calidad y mediante impresoras de alta resoluci\u00f3n.<br \/>\nPor supuesto nuestros tatuajes son totalmente hipoalerg\u00e9nicos y at\u00f3xicos.<\/p>\n<p>NOTA: <strong>No aplicar en pieles sensibles o cerca de los ojos<\/strong>. Para quitar el tatuaje hay que empapar el tatuaje con aceite corporal, crema o alcohol; esperar 20 segundos y despu\u00e9s frotar con un algod\u00f3n.<\/p>\n<p>Los tatuajes temporales duran alrededor de 5-10 d\u00edas, dependiendo del roce y lavados que reciban.<\/p>\n","protected":false},"excerpt":{"rendered":"<h3>Haz que tus flores favoritas te acompa\u00f1en siempre con nuestro tatuaje temporal \u00abJard\u00edn sin Fin\u00bb.<\/h3>\n","protected":false},"featured_media":970,"comment_status":"open","ping_status":"closed","template":"","meta":{"_monsterinsights_skip_tracking":false,"_monsterinsights_sitenote_active":false,"_monsterinsights_sitenote_note":"","_monsterinsights_sitenote_category":0},"product_brand":[],"product_cat":[43],"product_tag":[142,141,146,144,139,140,145,138,147,143],"class_list":{"0":"post-958","1":"product","2":"type-product","3":"status-publish","4":"has-post-thumbnail","6":"product_cat-tatuajes","7":"product_tag-arte-corporal","8":"product_tag-diseno-de-tatuaje","9":"product_tag-diseno-floral","10":"product_tag-simbolo-de-infinito-con-flores","11":"product_tag-simbolo-infinito","12":"product_tag-tatuaje-de-flores","13":"product_tag-tatuaje-elegante","14":"product_tag-tatuaje-floral","15":"product_tag-tatuaje-significativo","16":"product_tag-tatuaje-temporal","18":"first","19":"instock","20":"sale","21":"taxable","22":"shipping-taxable","23":"purchasable","24":"product-type-variable","25":"has-default-attributes"},"_links":{"self":[{"href":"https:\/\/a3copiseny.com\/impresxa3\/wp-json\/wp\/v2\/product\/958","targetHints":{"allow":["GET"]}}],"collection":[{"href":"https:\/\/a3copiseny.com\/impresxa3\/wp-json\/wp\/v2\/product"}],"about":[{"href":"https:\/\/a3copiseny.com\/impresxa3\/wp-json\/wp\/v2\/types\/product"}],"replies":[{"embeddable":true,"href":"https:\/\/a3copiseny.com\/impresxa3\/wp-json\/wp\/v2\/comments?post=958"}],"wp:featuredmedia":[{"embeddable":true,"href":"https:\/\/a3copiseny.com\/impresxa3\/wp-json\/wp\/v2\/media\/970"}],"wp:attachment":[{"href":"https:\/\/a3copiseny.com\/impresxa3\/wp-json\/wp\/v2\/media?parent=958"}],"wp:term":[{"taxonomy":"product_brand","embeddable":true,"href":"https:\/\/a3copiseny.com\/impresxa3\/wp-json\/wp\/v2\/product_brand?post=958"},{"taxonomy":"product_cat","embeddable":true,"href":"https:\/\/a3copiseny.com\/impresxa3\/wp-json\/wp\/v2\/product_cat?post=958"},{"taxonomy":"product_tag","embeddable":true,"href":"https:\/\/a3copiseny.com\/impresxa3\/wp-json\/wp\/v2\/product_tag?post=958"}],"curies":[{"name":"wp","href":"https:\/\/api.w.org\/{rel}","templated":true}]}}